{"id":6064,"date":"2023-01-11T19:37:39","date_gmt":"2023-01-11T17:37:39","guid":{"rendered":"https:\/\/martsipan.ee\/?product=lovi"},"modified":"2023-10-19T12:44:29","modified_gmt":"2023-10-19T10:44:29","slug":"lovi-2","status":"publish","type":"product","link":"https:\/\/martsipan.ee\/et\/product-et\/lovi-2\/","title":{"rendered":"L\u00f5vi"},"content":{"rendered":"<p>Kujukesed on meie k\u00f5ige pisemate ja ka vanemate klientide lemmikmaiused. Kuigi need on valmistatud klassikalisest martsipanist, mille mandlisisaldus on 32%, v\u00e4idavad k\u00f5ik, kes figuuri maitsevad, et nii suhkur tundub magusam kui ka mandli maitse on tugevam. See on selline omap\u00e4rane kujukeste maagia. Neid saab kasutada kookide kaunistustena, et h\u00e4mmastada oma l\u00e4hedasi ja k\u00fclalisi p\u00fchade ajal. Ja need pole k\u00f5vad ja maitsetud mastiksfiguurid, vaid mahlased ja magusad martsipanir\u00f5\u00f5mud. Lastele meeldivad meie martsipanist kujukesed, kuna need on samal ajal nii v\u00e4iksed m\u00e4nguasjad, millega m\u00e4ngida, kui ka maiuspala kui saad n\u00e4ljaseks Suurep\u00e4rane ka s\u00fcmboolseks kingituseks oma l\u00e4hedastele v\u00f5i \u00f5htus\u00f6\u00f6gi magustoiduks. Meie kujukeste p\u00f5hiteemad on loomad ja multifilmitegelased. K\u00f5ik Almond Martzipan kaubam\u00e4rgi kujukesed on k\u00e4sit\u00f6\u00f6.<\/p>\n","protected":false},"excerpt":{"rendered":"<p>Keskmise suurusega l\u00f5vi figuur.<\/p>\n","protected":false},"featured_media":15005,"template":"","meta":{"_acf_changed":false},"product_cat":[47,88,87],"product_tag":[],"class_list":{"0":"post-6064","1":"product","2":"type-product","3":"status-publish","4":"has-post-thumbnail","6":"product_cat-figurines","7":"product_cat-loomad","8":"product_cat-teema","9":"pa_color-yellow-et","10":"pa_figurine-size-keskmine-et","12":"first","13":"instock","14":"taxable","15":"shipping-taxable","16":"purchasable","17":"product-type-simple"},"acf":[],"yoast_head":"<!-- This site is optimized with the Yoast SEO plugin v23.2 - https:\/\/yoast.com\/wordpress\/plugins\/seo\/ -->\n<title>L\u00f5vi - Marzipan Gallery<\/title>\n<meta name=\"robots\" content=\"index, follow, max-snippet:-1, max-image-preview:large, max-video-preview:-1\" \/>\n<link rel=\"canonical\" href=\"https:\/\/martsipan.ee\/et\/product-et\/lovi-2\/\" \/>\n<meta property=\"og:locale\" content=\"et_EE\" \/>\n<meta property=\"og:type\" content=\"article\" \/>\n<meta property=\"og:title\" content=\"L\u00f5vi - Marzipan Gallery\" \/>\n<meta property=\"og:description\" content=\"Keskmise suurusega l\u00f5vi figuur.\" \/>\n<meta property=\"og:url\" content=\"https:\/\/martsipan.ee\/et\/product-et\/lovi-2\/\" \/>\n<meta property=\"og:site_name\" content=\"Marzipan Gallery\" \/>\n<meta property=\"article:publisher\" content=\"https:\/\/www.facebook.com\/martsipanigalerii\" \/>\n<meta property=\"article:modified_time\" content=\"2023-10-19T10:44:29+00:00\" \/>\n<meta property=\"og:image\" content=\"https:\/\/martsipan.ee\/wp-content\/uploads\/2023\/01\/\u0418\u0437\u043c\u0435\u043d\u0438\u0442\u044c-\u0444\u043e\u0442\u043e-\u0421\u0440\u0435\u0434\u043d\u044f\u044f-40\u0433.-\u041b\u0435\u0432-4E-scaled.jpeg\" \/>\n\t<meta property=\"og:image:width\" content=\"1920\" \/>\n\t<meta property=\"og:image:height\" content=\"2560\" \/>\n\t<meta property=\"og:image:type\" content=\"image\/jpeg\" \/>\n<meta name=\"twitter:card\" content=\"summary_large_image\" \/>\n<meta name=\"twitter:label1\" content=\"Est. reading time\" \/>\n\t<meta name=\"twitter:data1\" content=\"1 minut\" \/>\n<script type=\"application\/ld+json\" class=\"yoast-schema-graph\">{\"@context\":\"https:\/\/schema.org\",\"@graph\":[{\"@type\":\"WebPage\",\"@id\":\"https:\/\/martsipan.ee\/et\/product-et\/lovi-2\/\",\"url\":\"https:\/\/martsipan.ee\/et\/product-et\/lovi-2\/\",\"name\":\"L\u00f5vi - Marzipan Gallery\",\"isPartOf\":{\"@id\":\"https:\/\/martsipan.ee\/et\/#website\"},\"primaryImageOfPage\":{\"@id\":\"https:\/\/martsipan.ee\/et\/product-et\/lovi-2\/#primaryimage\"},\"image\":{\"@id\":\"https:\/\/martsipan.ee\/et\/product-et\/lovi-2\/#primaryimage\"},\"thumbnailUrl\":\"https:\/\/martsipan.ee\/wp-content\/uploads\/2023\/01\/\u0418\u0437\u043c\u0435\u043d\u0438\u0442\u044c-\u0444\u043e\u0442\u043e-\u0421\u0440\u0435\u0434\u043d\u044f\u044f-40\u0433.-\u041b\u0435\u0432-4E-scaled.jpeg\",\"datePublished\":\"2023-01-11T17:37:39+00:00\",\"dateModified\":\"2023-10-19T10:44:29+00:00\",\"breadcrumb\":{\"@id\":\"https:\/\/martsipan.ee\/et\/product-et\/lovi-2\/#breadcrumb\"},\"inLanguage\":\"et\",\"potentialAction\":[{\"@type\":\"ReadAction\",\"target\":[\"https:\/\/martsipan.ee\/et\/product-et\/lovi-2\/\"]}]},{\"@type\":\"ImageObject\",\"inLanguage\":\"et\",\"@id\":\"https:\/\/martsipan.ee\/et\/product-et\/lovi-2\/#primaryimage\",\"url\":\"https:\/\/martsipan.ee\/wp-content\/uploads\/2023\/01\/\u0418\u0437\u043c\u0435\u043d\u0438\u0442\u044c-\u0444\u043e\u0442\u043e-\u0421\u0440\u0435\u0434\u043d\u044f\u044f-40\u0433.-\u041b\u0435\u0432-4E-scaled.jpeg\",\"contentUrl\":\"https:\/\/martsipan.ee\/wp-content\/uploads\/2023\/01\/\u0418\u0437\u043c\u0435\u043d\u0438\u0442\u044c-\u0444\u043e\u0442\u043e-\u0421\u0440\u0435\u0434\u043d\u044f\u044f-40\u0433.-\u041b\u0435\u0432-4E-scaled.jpeg\",\"width\":1920,\"height\":2560},{\"@type\":\"BreadcrumbList\",\"@id\":\"https:\/\/martsipan.ee\/et\/product-et\/lovi-2\/#breadcrumb\",\"itemListElement\":[{\"@type\":\"ListItem\",\"position\":1,\"name\":\"Home\",\"item\":\"https:\/\/martsipan.ee\/et\/\"},{\"@type\":\"ListItem\",\"position\":2,\"name\":\"E-pood\",\"item\":\"https:\/\/martsipan.ee\/et\/e-pood\/\"},{\"@type\":\"ListItem\",\"position\":3,\"name\":\"L\u00f5vi\"}]},{\"@type\":\"WebSite\",\"@id\":\"https:\/\/martsipan.ee\/et\/#website\",\"url\":\"https:\/\/martsipan.ee\/et\/\",\"name\":\"Marzipan Gallery\",\"description\":\"\",\"publisher\":{\"@id\":\"https:\/\/martsipan.ee\/et\/#organization\"},\"potentialAction\":[{\"@type\":\"SearchAction\",\"target\":{\"@type\":\"EntryPoint\",\"urlTemplate\":\"https:\/\/martsipan.ee\/et\/?s={search_term_string}\"},\"query-input\":\"required name=search_term_string\"}],\"inLanguage\":\"et\"},{\"@type\":\"Organization\",\"@id\":\"https:\/\/martsipan.ee\/et\/#organization\",\"name\":\"Marzipan Gallery\",\"url\":\"https:\/\/martsipan.ee\/et\/\",\"logo\":{\"@type\":\"ImageObject\",\"inLanguage\":\"et\",\"@id\":\"https:\/\/martsipan.ee\/et\/#\/schema\/logo\/image\/\",\"url\":\"https:\/\/martsipan.ee\/wp-content\/uploads\/2021\/09\/MG.png\",\"contentUrl\":\"https:\/\/martsipan.ee\/wp-content\/uploads\/2021\/09\/MG.png\",\"width\":500,\"height\":500,\"caption\":\"Marzipan Gallery\"},\"image\":{\"@id\":\"https:\/\/martsipan.ee\/et\/#\/schema\/logo\/image\/\"},\"sameAs\":[\"https:\/\/www.facebook.com\/martsipanigalerii\",\"https:\/\/www.instagram.com\/marzipan_gallery\/\",\"https:\/\/www.youtube.com\/@marzipangallery\/featured\"]}]}<\/script>\n<!-- \/ Yoast SEO plugin. -->","yoast_head_json":{"title":"L\u00f5vi - Marzipan Gallery","robots":{"index":"index","follow":"follow","max-snippet":"max-snippet:-1","max-image-preview":"max-image-preview:large","max-video-preview":"max-video-preview:-1"},"canonical":"https:\/\/martsipan.ee\/et\/product-et\/lovi-2\/","og_locale":"et_EE","og_type":"article","og_title":"L\u00f5vi - Marzipan Gallery","og_description":"Keskmise suurusega l\u00f5vi figuur.","og_url":"https:\/\/martsipan.ee\/et\/product-et\/lovi-2\/","og_site_name":"Marzipan Gallery","article_publisher":"https:\/\/www.facebook.com\/martsipanigalerii","article_modified_time":"2023-10-19T10:44:29+00:00","og_image":[{"width":1920,"height":2560,"url":"https:\/\/martsipan.ee\/wp-content\/uploads\/2023\/01\/\u0418\u0437\u043c\u0435\u043d\u0438\u0442\u044c-\u0444\u043e\u0442\u043e-\u0421\u0440\u0435\u0434\u043d\u044f\u044f-40\u0433.-\u041b\u0435\u0432-4E-scaled.jpeg","type":"image\/jpeg"}],"twitter_card":"summary_large_image","twitter_misc":{"Est. reading time":"1 minut"},"schema":{"@context":"https:\/\/schema.org","@graph":[{"@type":"WebPage","@id":"https:\/\/martsipan.ee\/et\/product-et\/lovi-2\/","url":"https:\/\/martsipan.ee\/et\/product-et\/lovi-2\/","name":"L\u00f5vi - Marzipan Gallery","isPartOf":{"@id":"https:\/\/martsipan.ee\/et\/#website"},"primaryImageOfPage":{"@id":"https:\/\/martsipan.ee\/et\/product-et\/lovi-2\/#primaryimage"},"image":{"@id":"https:\/\/martsipan.ee\/et\/product-et\/lovi-2\/#primaryimage"},"thumbnailUrl":"https:\/\/martsipan.ee\/wp-content\/uploads\/2023\/01\/\u0418\u0437\u043c\u0435\u043d\u0438\u0442\u044c-\u0444\u043e\u0442\u043e-\u0421\u0440\u0435\u0434\u043d\u044f\u044f-40\u0433.-\u041b\u0435\u0432-4E-scaled.jpeg","datePublished":"2023-01-11T17:37:39+00:00","dateModified":"2023-10-19T10:44:29+00:00","breadcrumb":{"@id":"https:\/\/martsipan.ee\/et\/product-et\/lovi-2\/#breadcrumb"},"inLanguage":"et","potentialAction":[{"@type":"ReadAction","target":["https:\/\/martsipan.ee\/et\/product-et\/lovi-2\/"]}]},{"@type":"ImageObject","inLanguage":"et","@id":"https:\/\/martsipan.ee\/et\/product-et\/lovi-2\/#primaryimage","url":"https:\/\/martsipan.ee\/wp-content\/uploads\/2023\/01\/\u0418\u0437\u043c\u0435\u043d\u0438\u0442\u044c-\u0444\u043e\u0442\u043e-\u0421\u0440\u0435\u0434\u043d\u044f\u044f-40\u0433.-\u041b\u0435\u0432-4E-scaled.jpeg","contentUrl":"https:\/\/martsipan.ee\/wp-content\/uploads\/2023\/01\/\u0418\u0437\u043c\u0435\u043d\u0438\u0442\u044c-\u0444\u043e\u0442\u043e-\u0421\u0440\u0435\u0434\u043d\u044f\u044f-40\u0433.-\u041b\u0435\u0432-4E-scaled.jpeg","width":1920,"height":2560},{"@type":"BreadcrumbList","@id":"https:\/\/martsipan.ee\/et\/product-et\/lovi-2\/#breadcrumb","itemListElement":[{"@type":"ListItem","position":1,"name":"Home","item":"https:\/\/martsipan.ee\/et\/"},{"@type":"ListItem","position":2,"name":"E-pood","item":"https:\/\/martsipan.ee\/et\/e-pood\/"},{"@type":"ListItem","position":3,"name":"L\u00f5vi"}]},{"@type":"WebSite","@id":"https:\/\/martsipan.ee\/et\/#website","url":"https:\/\/martsipan.ee\/et\/","name":"Marzipan Gallery","description":"","publisher":{"@id":"https:\/\/martsipan.ee\/et\/#organization"},"potentialAction":[{"@type":"SearchAction","target":{"@type":"EntryPoint","urlTemplate":"https:\/\/martsipan.ee\/et\/?s={search_term_string}"},"query-input":"required name=search_term_string"}],"inLanguage":"et"},{"@type":"Organization","@id":"https:\/\/martsipan.ee\/et\/#organization","name":"Marzipan Gallery","url":"https:\/\/martsipan.ee\/et\/","logo":{"@type":"ImageObject","inLanguage":"et","@id":"https:\/\/martsipan.ee\/et\/#\/schema\/logo\/image\/","url":"https:\/\/martsipan.ee\/wp-content\/uploads\/2021\/09\/MG.png","contentUrl":"https:\/\/martsipan.ee\/wp-content\/uploads\/2021\/09\/MG.png","width":500,"height":500,"caption":"Marzipan Gallery"},"image":{"@id":"https:\/\/martsipan.ee\/et\/#\/schema\/logo\/image\/"},"sameAs":["https:\/\/www.facebook.com\/martsipanigalerii","https:\/\/www.instagram.com\/marzipan_gallery\/","https:\/\/www.youtube.com\/@marzipangallery\/featured"]}]}},"_links":{"self":[{"href":"https:\/\/martsipan.ee\/et\/wp-json\/wp\/v2\/product\/6064","targetHints":{"allow":["GET"]}}],"collection":[{"href":"https:\/\/martsipan.ee\/et\/wp-json\/wp\/v2\/product"}],"about":[{"href":"https:\/\/martsipan.ee\/et\/wp-json\/wp\/v2\/types\/product"}],"version-history":[{"count":2,"href":"https:\/\/martsipan.ee\/et\/wp-json\/wp\/v2\/product\/6064\/revisions"}],"predecessor-version":[{"id":15016,"href":"https:\/\/martsipan.ee\/et\/wp-json\/wp\/v2\/product\/6064\/revisions\/15016"}],"wp:featuredmedia":[{"embeddable":true,"href":"https:\/\/martsipan.ee\/et\/wp-json\/wp\/v2\/media\/15005"}],"wp:attachment":[{"href":"https:\/\/martsipan.ee\/et\/wp-json\/wp\/v2\/media?parent=6064"}],"wp:term":[{"taxonomy":"product_cat","embeddable":true,"href":"https:\/\/martsipan.ee\/et\/wp-json\/wp\/v2\/product_cat?post=6064"},{"taxonomy":"product_tag","embeddable":true,"href":"https:\/\/martsipan.ee\/et\/wp-json\/wp\/v2\/product_tag?post=6064"}],"curies":[{"name":"wp","href":"https:\/\/api.w.org\/{rel}","templated":true}]}}