{"id":5992,"date":"2023-01-12T12:17:45","date_gmt":"2023-01-12T10:17:45","guid":{"rendered":"https:\/\/martsipan.ee\/?product=vurtsikas-martsipan"},"modified":"2023-10-18T10:48:26","modified_gmt":"2023-10-18T08:48:26","slug":"vurtsikas-martsipan","status":"publish","type":"product","link":"https:\/\/martsipan.ee\/et\/product-et\/vurtsikas-martsipan\/","title":{"rendered":"V\u00fcrtsikas martsipan"},"content":{"rendered":"<p>Martsipanimassid on gurmeeh\u00f5rgutiste f\u00e4nnide seas eriti n\u00f5utud. T\u00e4nu mugavale pakendiformaadile on need parimad suupisted kodus, reisil, t\u00f6\u00f6l v\u00f5i koolis. See on maitsev ja tervislik magustoit, mida saate kaasa v\u00f5tta ja s\u00f5pradega jagada. Olenemata sellest, kas olete pikaajaline martsipanihuviline v\u00f5i alles avastamas seda delikatessi, on baarid ja massid \u00fcks parimaid formaate. Eriti neile, kellele meeldib nautida erinevaid l\u00f5hna- ja maitsevarjundeid. M\u00fc\u00fcdavate baaride valik on muljetavaldav. Pakume klassikalist mandlih\u00f5rgutist p\u00e4hklite, marjade, karamelli, kakao ja muude looduslike t\u00e4idistega. Meie ettev\u00f5tte kaupluse sortimendis on igaks elujuhtumiks sobivad valikud. Neile, kellele meeldib j\u00e4rgida k\u00f5iges m\u00f5\u00f5tu &#8211; maitsmismassid 20g, neile, kes soovivad end tervisliku magususega hellitada &#8211; 70g. t\u00f5eline magusaisu &#8211; k\u00fcpsetusmassid koguni 400g.<\/p>\n","protected":false},"excerpt":{"rendered":"<p>V\u00fcrtsikas martsipanibaar. Erinevad v\u00fcrtsid sees (peamiselt kardemon ja kaneel). T\u00e4iuslik maitse j\u00f5uluhooajaks, mis meenutab piparkookide k\u00fcpsetisi. Sobib neile, kes soovivad tutvuda mitteklassilise martsipani maitsega. Maitse saavutatakse klassikalisse martsipanisse erinevate purustatud v\u00fcrtside lisamisega. Meie martsipanis kasutame ainult looduslikke koostisosi. Me ei lisa l\u00f5hna- ja maitseessentse ega magusaineid.<\/p>\n","protected":false},"featured_media":8515,"template":"","meta":{"_acf_changed":false},"product_cat":[50],"product_tag":[],"class_list":{"0":"post-5992","1":"product","2":"type-product","3":"status-publish","4":"has-post-thumbnail","6":"product_cat-bar-et","8":"first","9":"instock","10":"taxable","11":"shipping-taxable","12":"purchasable","13":"product-type-variable"},"acf":[],"yoast_head":"<!-- This site is optimized with the Yoast SEO plugin v23.2 - https:\/\/yoast.com\/wordpress\/plugins\/seo\/ -->\n<title>V\u00fcrtsikas martsipan - Marzipan Gallery<\/title>\n<meta name=\"robots\" content=\"index, follow, max-snippet:-1, max-image-preview:large, max-video-preview:-1\" \/>\n<link rel=\"canonical\" href=\"https:\/\/martsipan.ee\/et\/product-et\/vurtsikas-martsipan\/\" \/>\n<meta property=\"og:locale\" content=\"et_EE\" \/>\n<meta property=\"og:type\" content=\"article\" \/>\n<meta property=\"og:title\" content=\"V\u00fcrtsikas martsipan - Marzipan Gallery\" \/>\n<meta property=\"og:description\" content=\"V\u00fcrtsikas martsipanibaar. Erinevad v\u00fcrtsid sees (peamiselt kardemon ja kaneel). T\u00e4iuslik maitse j\u00f5uluhooajaks, mis meenutab piparkookide k\u00fcpsetisi. Sobib neile, kes soovivad tutvuda mitteklassilise martsipani maitsega. Maitse saavutatakse klassikalisse martsipanisse erinevate purustatud v\u00fcrtside lisamisega. Meie martsipanis kasutame ainult looduslikke koostisosi. Me ei lisa l\u00f5hna- ja maitseessentse ega magusaineid.\" \/>\n<meta property=\"og:url\" content=\"https:\/\/martsipan.ee\/et\/product-et\/vurtsikas-martsipan\/\" \/>\n<meta property=\"og:site_name\" content=\"Marzipan Gallery\" \/>\n<meta property=\"article:publisher\" content=\"https:\/\/www.facebook.com\/martsipanigalerii\" \/>\n<meta property=\"article:modified_time\" content=\"2023-10-18T08:48:26+00:00\" \/>\n<meta property=\"og:image\" content=\"https:\/\/martsipan.ee\/wp-content\/uploads\/2023\/01\/spicy.png\" \/>\n\t<meta property=\"og:image:width\" content=\"800\" \/>\n\t<meta property=\"og:image:height\" content=\"800\" \/>\n\t<meta property=\"og:image:type\" content=\"image\/png\" \/>\n<meta name=\"twitter:card\" content=\"summary_large_image\" \/>\n<meta name=\"twitter:label1\" content=\"Est. reading time\" \/>\n\t<meta name=\"twitter:data1\" content=\"1 minut\" \/>\n<script type=\"application\/ld+json\" class=\"yoast-schema-graph\">{\"@context\":\"https:\/\/schema.org\",\"@graph\":[{\"@type\":\"WebPage\",\"@id\":\"https:\/\/martsipan.ee\/et\/product-et\/vurtsikas-martsipan\/\",\"url\":\"https:\/\/martsipan.ee\/et\/product-et\/vurtsikas-martsipan\/\",\"name\":\"V\u00fcrtsikas martsipan - Marzipan Gallery\",\"isPartOf\":{\"@id\":\"https:\/\/martsipan.ee\/et\/#website\"},\"primaryImageOfPage\":{\"@id\":\"https:\/\/martsipan.ee\/et\/product-et\/vurtsikas-martsipan\/#primaryimage\"},\"image\":{\"@id\":\"https:\/\/martsipan.ee\/et\/product-et\/vurtsikas-martsipan\/#primaryimage\"},\"thumbnailUrl\":\"https:\/\/martsipan.ee\/wp-content\/uploads\/2023\/01\/spicy.png\",\"datePublished\":\"2023-01-12T10:17:45+00:00\",\"dateModified\":\"2023-10-18T08:48:26+00:00\",\"breadcrumb\":{\"@id\":\"https:\/\/martsipan.ee\/et\/product-et\/vurtsikas-martsipan\/#breadcrumb\"},\"inLanguage\":\"et\",\"potentialAction\":[{\"@type\":\"ReadAction\",\"target\":[\"https:\/\/martsipan.ee\/et\/product-et\/vurtsikas-martsipan\/\"]}]},{\"@type\":\"ImageObject\",\"inLanguage\":\"et\",\"@id\":\"https:\/\/martsipan.ee\/et\/product-et\/vurtsikas-martsipan\/#primaryimage\",\"url\":\"https:\/\/martsipan.ee\/wp-content\/uploads\/2023\/01\/spicy.png\",\"contentUrl\":\"https:\/\/martsipan.ee\/wp-content\/uploads\/2023\/01\/spicy.png\",\"width\":800,\"height\":800},{\"@type\":\"BreadcrumbList\",\"@id\":\"https:\/\/martsipan.ee\/et\/product-et\/vurtsikas-martsipan\/#breadcrumb\",\"itemListElement\":[{\"@type\":\"ListItem\",\"position\":1,\"name\":\"Home\",\"item\":\"https:\/\/martsipan.ee\/et\/\"},{\"@type\":\"ListItem\",\"position\":2,\"name\":\"E-pood\",\"item\":\"https:\/\/martsipan.ee\/et\/e-pood\/\"},{\"@type\":\"ListItem\",\"position\":3,\"name\":\"V\u00fcrtsikas martsipan\"}]},{\"@type\":\"WebSite\",\"@id\":\"https:\/\/martsipan.ee\/et\/#website\",\"url\":\"https:\/\/martsipan.ee\/et\/\",\"name\":\"Marzipan Gallery\",\"description\":\"\",\"publisher\":{\"@id\":\"https:\/\/martsipan.ee\/et\/#organization\"},\"potentialAction\":[{\"@type\":\"SearchAction\",\"target\":{\"@type\":\"EntryPoint\",\"urlTemplate\":\"https:\/\/martsipan.ee\/et\/?s={search_term_string}\"},\"query-input\":\"required name=search_term_string\"}],\"inLanguage\":\"et\"},{\"@type\":\"Organization\",\"@id\":\"https:\/\/martsipan.ee\/et\/#organization\",\"name\":\"Marzipan Gallery\",\"url\":\"https:\/\/martsipan.ee\/et\/\",\"logo\":{\"@type\":\"ImageObject\",\"inLanguage\":\"et\",\"@id\":\"https:\/\/martsipan.ee\/et\/#\/schema\/logo\/image\/\",\"url\":\"https:\/\/martsipan.ee\/wp-content\/uploads\/2021\/09\/MG.png\",\"contentUrl\":\"https:\/\/martsipan.ee\/wp-content\/uploads\/2021\/09\/MG.png\",\"width\":500,\"height\":500,\"caption\":\"Marzipan Gallery\"},\"image\":{\"@id\":\"https:\/\/martsipan.ee\/et\/#\/schema\/logo\/image\/\"},\"sameAs\":[\"https:\/\/www.facebook.com\/martsipanigalerii\",\"https:\/\/www.instagram.com\/marzipan_gallery\/\",\"https:\/\/www.youtube.com\/@marzipangallery\/featured\"]}]}<\/script>\n<!-- \/ Yoast SEO plugin. -->","yoast_head_json":{"title":"V\u00fcrtsikas martsipan - Marzipan Gallery","robots":{"index":"index","follow":"follow","max-snippet":"max-snippet:-1","max-image-preview":"max-image-preview:large","max-video-preview":"max-video-preview:-1"},"canonical":"https:\/\/martsipan.ee\/et\/product-et\/vurtsikas-martsipan\/","og_locale":"et_EE","og_type":"article","og_title":"V\u00fcrtsikas martsipan - Marzipan Gallery","og_description":"V\u00fcrtsikas martsipanibaar. Erinevad v\u00fcrtsid sees (peamiselt kardemon ja kaneel). T\u00e4iuslik maitse j\u00f5uluhooajaks, mis meenutab piparkookide k\u00fcpsetisi. Sobib neile, kes soovivad tutvuda mitteklassilise martsipani maitsega. Maitse saavutatakse klassikalisse martsipanisse erinevate purustatud v\u00fcrtside lisamisega. Meie martsipanis kasutame ainult looduslikke koostisosi. Me ei lisa l\u00f5hna- ja maitseessentse ega magusaineid.","og_url":"https:\/\/martsipan.ee\/et\/product-et\/vurtsikas-martsipan\/","og_site_name":"Marzipan Gallery","article_publisher":"https:\/\/www.facebook.com\/martsipanigalerii","article_modified_time":"2023-10-18T08:48:26+00:00","og_image":[{"width":800,"height":800,"url":"https:\/\/martsipan.ee\/wp-content\/uploads\/2023\/01\/spicy.png","type":"image\/png"}],"twitter_card":"summary_large_image","twitter_misc":{"Est. reading time":"1 minut"},"schema":{"@context":"https:\/\/schema.org","@graph":[{"@type":"WebPage","@id":"https:\/\/martsipan.ee\/et\/product-et\/vurtsikas-martsipan\/","url":"https:\/\/martsipan.ee\/et\/product-et\/vurtsikas-martsipan\/","name":"V\u00fcrtsikas martsipan - Marzipan Gallery","isPartOf":{"@id":"https:\/\/martsipan.ee\/et\/#website"},"primaryImageOfPage":{"@id":"https:\/\/martsipan.ee\/et\/product-et\/vurtsikas-martsipan\/#primaryimage"},"image":{"@id":"https:\/\/martsipan.ee\/et\/product-et\/vurtsikas-martsipan\/#primaryimage"},"thumbnailUrl":"https:\/\/martsipan.ee\/wp-content\/uploads\/2023\/01\/spicy.png","datePublished":"2023-01-12T10:17:45+00:00","dateModified":"2023-10-18T08:48:26+00:00","breadcrumb":{"@id":"https:\/\/martsipan.ee\/et\/product-et\/vurtsikas-martsipan\/#breadcrumb"},"inLanguage":"et","potentialAction":[{"@type":"ReadAction","target":["https:\/\/martsipan.ee\/et\/product-et\/vurtsikas-martsipan\/"]}]},{"@type":"ImageObject","inLanguage":"et","@id":"https:\/\/martsipan.ee\/et\/product-et\/vurtsikas-martsipan\/#primaryimage","url":"https:\/\/martsipan.ee\/wp-content\/uploads\/2023\/01\/spicy.png","contentUrl":"https:\/\/martsipan.ee\/wp-content\/uploads\/2023\/01\/spicy.png","width":800,"height":800},{"@type":"BreadcrumbList","@id":"https:\/\/martsipan.ee\/et\/product-et\/vurtsikas-martsipan\/#breadcrumb","itemListElement":[{"@type":"ListItem","position":1,"name":"Home","item":"https:\/\/martsipan.ee\/et\/"},{"@type":"ListItem","position":2,"name":"E-pood","item":"https:\/\/martsipan.ee\/et\/e-pood\/"},{"@type":"ListItem","position":3,"name":"V\u00fcrtsikas martsipan"}]},{"@type":"WebSite","@id":"https:\/\/martsipan.ee\/et\/#website","url":"https:\/\/martsipan.ee\/et\/","name":"Marzipan Gallery","description":"","publisher":{"@id":"https:\/\/martsipan.ee\/et\/#organization"},"potentialAction":[{"@type":"SearchAction","target":{"@type":"EntryPoint","urlTemplate":"https:\/\/martsipan.ee\/et\/?s={search_term_string}"},"query-input":"required name=search_term_string"}],"inLanguage":"et"},{"@type":"Organization","@id":"https:\/\/martsipan.ee\/et\/#organization","name":"Marzipan Gallery","url":"https:\/\/martsipan.ee\/et\/","logo":{"@type":"ImageObject","inLanguage":"et","@id":"https:\/\/martsipan.ee\/et\/#\/schema\/logo\/image\/","url":"https:\/\/martsipan.ee\/wp-content\/uploads\/2021\/09\/MG.png","contentUrl":"https:\/\/martsipan.ee\/wp-content\/uploads\/2021\/09\/MG.png","width":500,"height":500,"caption":"Marzipan Gallery"},"image":{"@id":"https:\/\/martsipan.ee\/et\/#\/schema\/logo\/image\/"},"sameAs":["https:\/\/www.facebook.com\/martsipanigalerii","https:\/\/www.instagram.com\/marzipan_gallery\/","https:\/\/www.youtube.com\/@marzipangallery\/featured"]}]}},"_links":{"self":[{"href":"https:\/\/martsipan.ee\/et\/wp-json\/wp\/v2\/product\/5992","targetHints":{"allow":["GET"]}}],"collection":[{"href":"https:\/\/martsipan.ee\/et\/wp-json\/wp\/v2\/product"}],"about":[{"href":"https:\/\/martsipan.ee\/et\/wp-json\/wp\/v2\/types\/product"}],"version-history":[{"count":1,"href":"https:\/\/martsipan.ee\/et\/wp-json\/wp\/v2\/product\/5992\/revisions"}],"predecessor-version":[{"id":10409,"href":"https:\/\/martsipan.ee\/et\/wp-json\/wp\/v2\/product\/5992\/revisions\/10409"}],"wp:featuredmedia":[{"embeddable":true,"href":"https:\/\/martsipan.ee\/et\/wp-json\/wp\/v2\/media\/8515"}],"wp:attachment":[{"href":"https:\/\/martsipan.ee\/et\/wp-json\/wp\/v2\/media?parent=5992"}],"wp:term":[{"taxonomy":"product_cat","embeddable":true,"href":"https:\/\/martsipan.ee\/et\/wp-json\/wp\/v2\/product_cat?post=5992"},{"taxonomy":"product_tag","embeddable":true,"href":"https:\/\/martsipan.ee\/et\/wp-json\/wp\/v2\/product_tag?post=5992"}],"curies":[{"name":"wp","href":"https:\/\/api.w.org\/{rel}","templated":true}]}}