{"id":5978,"date":"2023-01-11T23:46:19","date_gmt":"2023-01-11T21:46:19","guid":{"rendered":"https:\/\/martsipan.ee\/?product=martsipani-vormimine"},"modified":"2023-10-18T10:52:40","modified_gmt":"2023-10-18T08:52:40","slug":"colored-modelling-marzipan-different-color-options","status":"publish","type":"product","link":"https:\/\/martsipan.ee\/et\/product-et\/colored-modelling-marzipan-different-color-options\/","title":{"rendered":"V\u00e4rvitud martsipan voolimiseks (erinevate v\u00e4rvide valik)"},"content":{"rendered":"<p>Martsipani meisterdamine on olemas selleks, et teie k\u00f5ige kallimad martsipanifantaasiad teoks teha! Kui te ei leia meie sortimendist seda figuuri, mida teie s\u00fcda ihaldab, siis meie skulptuurikomplektide v\u00f5i v\u00e4rviliste masside abil saate igal hetkel kodus luua omaenda meistriteose. Komplekti olemasolu maja seintes pakub v\u00f5imalikku tegevust kogu perele &#8211; martsipanist meisterdamist ja selle tulemusena magustoitu k\u00f5igile. V\u00e4rviline martsipan k\u00e4itub nagu plastiliin, ainult \u00fche erinevusega &#8211; plastiliini ei saa s\u00fc\u00fca, kuid martsipani v\u00f5ib! Seet\u00f5ttu saavad lapsed nii kergesti ja kiiresti kohaneda selle uue, kuid samas tuttava ainega. Martsipani modelleerimine on huvitav ja p\u00f5nev \u00fclesanne mitte ainult lastele, vaid ka t\u00e4iskasvanutele. V\u00f5tke paar v\u00e4rvilist massi kaasa \u00f5htuks s\u00f5pradega, v\u00f5ite koos teha mingi kompositsiooni, n\u00e4iteks sama multifilmi erinevad tegelased, teha ka \u00fcksteisest karikatuurid ja naerda s\u00fcdamest v\u00f5i v\u00f5tta n\u00e4iteks \u00fcks figuur ja v\u00f5istelda n\u00f5elumisoskuses, l\u00f5puks korraldada h\u00e4\u00e4letus, kes sai k\u00f5ige usutavam!<\/p>\n","protected":false},"excerpt":{"rendered":"<p>Martsipanist mass skulptuuride valmistamiseks. Saadaval erinevates v\u00e4rvides, nii et saate teha endale just sellise figuuri, mida teie s\u00fcda ihaldab. Skulptuurimiseks kasutatav martsipan k\u00e4itub peaaegu samamoodi nagu tavaline plastiliin, kuid seda v\u00f5ib ka s\u00fc\u00fca.<\/p>\n","protected":false},"featured_media":8739,"template":"","meta":{"_acf_changed":false},"product_cat":[50,51],"product_tag":[],"class_list":{"0":"post-5978","1":"product","2":"type-product","3":"status-publish","4":"has-post-thumbnail","6":"product_cat-bar-et","7":"product_cat-modelling-et","8":"pa_color-light-green-et","9":"pa_color-light-blue-et","10":"pa_color-yellow-et","11":"pa_color-orange-et","12":"pa_color-red-et","13":"pa_color-green-et","14":"pa_color-pink-et","15":"pa_color-blue-et","16":"pa_color-white-et","18":"first","19":"instock","20":"taxable","21":"shipping-taxable","22":"purchasable","23":"product-type-variable"},"acf":[],"yoast_head":"<!-- This site is optimized with the Yoast SEO plugin v23.2 - https:\/\/yoast.com\/wordpress\/plugins\/seo\/ -->\n<title>V\u00e4rvitud martsipan voolimiseks (erinevate v\u00e4rvide valik) - Marzipan Gallery<\/title>\n<meta name=\"robots\" content=\"index, follow, max-snippet:-1, max-image-preview:large, max-video-preview:-1\" \/>\n<link rel=\"canonical\" href=\"https:\/\/martsipan.ee\/et\/product-et\/colored-modelling-marzipan-different-color-options\/\" \/>\n<meta property=\"og:locale\" content=\"et_EE\" \/>\n<meta property=\"og:type\" content=\"article\" \/>\n<meta property=\"og:title\" content=\"V\u00e4rvitud martsipan voolimiseks (erinevate v\u00e4rvide valik) - Marzipan Gallery\" \/>\n<meta property=\"og:description\" content=\"Martsipanist mass skulptuuride valmistamiseks. Saadaval erinevates v\u00e4rvides, nii et saate teha endale just sellise figuuri, mida teie s\u00fcda ihaldab. Skulptuurimiseks kasutatav martsipan k\u00e4itub peaaegu samamoodi nagu tavaline plastiliin, kuid seda v\u00f5ib ka s\u00fc\u00fca.\" \/>\n<meta property=\"og:url\" content=\"https:\/\/martsipan.ee\/et\/product-et\/colored-modelling-marzipan-different-color-options\/\" \/>\n<meta property=\"og:site_name\" content=\"Marzipan Gallery\" \/>\n<meta property=\"article:publisher\" content=\"https:\/\/www.facebook.com\/martsipanigalerii\" \/>\n<meta property=\"article:modified_time\" content=\"2023-10-18T08:52:40+00:00\" \/>\n<meta property=\"og:image\" content=\"https:\/\/martsipan.ee\/wp-content\/uploads\/2023\/01\/Sculpting-ready-for-webshop.png\" \/>\n\t<meta property=\"og:image:width\" content=\"800\" \/>\n\t<meta property=\"og:image:height\" content=\"800\" \/>\n\t<meta property=\"og:image:type\" content=\"image\/png\" \/>\n<meta name=\"twitter:card\" content=\"summary_large_image\" \/>\n<meta name=\"twitter:label1\" content=\"Est. reading time\" \/>\n\t<meta name=\"twitter:data1\" content=\"1 minut\" \/>\n<script type=\"application\/ld+json\" class=\"yoast-schema-graph\">{\"@context\":\"https:\/\/schema.org\",\"@graph\":[{\"@type\":\"WebPage\",\"@id\":\"https:\/\/martsipan.ee\/et\/product-et\/colored-modelling-marzipan-different-color-options\/\",\"url\":\"https:\/\/martsipan.ee\/et\/product-et\/colored-modelling-marzipan-different-color-options\/\",\"name\":\"V\u00e4rvitud martsipan voolimiseks (erinevate v\u00e4rvide valik) - Marzipan Gallery\",\"isPartOf\":{\"@id\":\"https:\/\/martsipan.ee\/et\/#website\"},\"primaryImageOfPage\":{\"@id\":\"https:\/\/martsipan.ee\/et\/product-et\/colored-modelling-marzipan-different-color-options\/#primaryimage\"},\"image\":{\"@id\":\"https:\/\/martsipan.ee\/et\/product-et\/colored-modelling-marzipan-different-color-options\/#primaryimage\"},\"thumbnailUrl\":\"https:\/\/martsipan.ee\/wp-content\/uploads\/2023\/01\/Sculpting-ready-for-webshop.png\",\"datePublished\":\"2023-01-11T21:46:19+00:00\",\"dateModified\":\"2023-10-18T08:52:40+00:00\",\"breadcrumb\":{\"@id\":\"https:\/\/martsipan.ee\/et\/product-et\/colored-modelling-marzipan-different-color-options\/#breadcrumb\"},\"inLanguage\":\"et\",\"potentialAction\":[{\"@type\":\"ReadAction\",\"target\":[\"https:\/\/martsipan.ee\/et\/product-et\/colored-modelling-marzipan-different-color-options\/\"]}]},{\"@type\":\"ImageObject\",\"inLanguage\":\"et\",\"@id\":\"https:\/\/martsipan.ee\/et\/product-et\/colored-modelling-marzipan-different-color-options\/#primaryimage\",\"url\":\"https:\/\/martsipan.ee\/wp-content\/uploads\/2023\/01\/Sculpting-ready-for-webshop.png\",\"contentUrl\":\"https:\/\/martsipan.ee\/wp-content\/uploads\/2023\/01\/Sculpting-ready-for-webshop.png\",\"width\":800,\"height\":800},{\"@type\":\"BreadcrumbList\",\"@id\":\"https:\/\/martsipan.ee\/et\/product-et\/colored-modelling-marzipan-different-color-options\/#breadcrumb\",\"itemListElement\":[{\"@type\":\"ListItem\",\"position\":1,\"name\":\"Home\",\"item\":\"https:\/\/martsipan.ee\/et\/\"},{\"@type\":\"ListItem\",\"position\":2,\"name\":\"E-pood\",\"item\":\"https:\/\/martsipan.ee\/et\/e-pood\/\"},{\"@type\":\"ListItem\",\"position\":3,\"name\":\"V\u00e4rvitud martsipan voolimiseks (erinevate v\u00e4rvide valik)\"}]},{\"@type\":\"WebSite\",\"@id\":\"https:\/\/martsipan.ee\/et\/#website\",\"url\":\"https:\/\/martsipan.ee\/et\/\",\"name\":\"Marzipan Gallery\",\"description\":\"\",\"publisher\":{\"@id\":\"https:\/\/martsipan.ee\/et\/#organization\"},\"potentialAction\":[{\"@type\":\"SearchAction\",\"target\":{\"@type\":\"EntryPoint\",\"urlTemplate\":\"https:\/\/martsipan.ee\/et\/?s={search_term_string}\"},\"query-input\":\"required name=search_term_string\"}],\"inLanguage\":\"et\"},{\"@type\":\"Organization\",\"@id\":\"https:\/\/martsipan.ee\/et\/#organization\",\"name\":\"Marzipan Gallery\",\"url\":\"https:\/\/martsipan.ee\/et\/\",\"logo\":{\"@type\":\"ImageObject\",\"inLanguage\":\"et\",\"@id\":\"https:\/\/martsipan.ee\/et\/#\/schema\/logo\/image\/\",\"url\":\"https:\/\/martsipan.ee\/wp-content\/uploads\/2021\/09\/MG.png\",\"contentUrl\":\"https:\/\/martsipan.ee\/wp-content\/uploads\/2021\/09\/MG.png\",\"width\":500,\"height\":500,\"caption\":\"Marzipan Gallery\"},\"image\":{\"@id\":\"https:\/\/martsipan.ee\/et\/#\/schema\/logo\/image\/\"},\"sameAs\":[\"https:\/\/www.facebook.com\/martsipanigalerii\",\"https:\/\/www.instagram.com\/marzipan_gallery\/\",\"https:\/\/www.youtube.com\/@marzipangallery\/featured\"]}]}<\/script>\n<!-- \/ Yoast SEO plugin. -->","yoast_head_json":{"title":"V\u00e4rvitud martsipan voolimiseks (erinevate v\u00e4rvide valik) - Marzipan Gallery","robots":{"index":"index","follow":"follow","max-snippet":"max-snippet:-1","max-image-preview":"max-image-preview:large","max-video-preview":"max-video-preview:-1"},"canonical":"https:\/\/martsipan.ee\/et\/product-et\/colored-modelling-marzipan-different-color-options\/","og_locale":"et_EE","og_type":"article","og_title":"V\u00e4rvitud martsipan voolimiseks (erinevate v\u00e4rvide valik) - Marzipan Gallery","og_description":"Martsipanist mass skulptuuride valmistamiseks. Saadaval erinevates v\u00e4rvides, nii et saate teha endale just sellise figuuri, mida teie s\u00fcda ihaldab. Skulptuurimiseks kasutatav martsipan k\u00e4itub peaaegu samamoodi nagu tavaline plastiliin, kuid seda v\u00f5ib ka s\u00fc\u00fca.","og_url":"https:\/\/martsipan.ee\/et\/product-et\/colored-modelling-marzipan-different-color-options\/","og_site_name":"Marzipan Gallery","article_publisher":"https:\/\/www.facebook.com\/martsipanigalerii","article_modified_time":"2023-10-18T08:52:40+00:00","og_image":[{"width":800,"height":800,"url":"https:\/\/martsipan.ee\/wp-content\/uploads\/2023\/01\/Sculpting-ready-for-webshop.png","type":"image\/png"}],"twitter_card":"summary_large_image","twitter_misc":{"Est. reading time":"1 minut"},"schema":{"@context":"https:\/\/schema.org","@graph":[{"@type":"WebPage","@id":"https:\/\/martsipan.ee\/et\/product-et\/colored-modelling-marzipan-different-color-options\/","url":"https:\/\/martsipan.ee\/et\/product-et\/colored-modelling-marzipan-different-color-options\/","name":"V\u00e4rvitud martsipan voolimiseks (erinevate v\u00e4rvide valik) - Marzipan Gallery","isPartOf":{"@id":"https:\/\/martsipan.ee\/et\/#website"},"primaryImageOfPage":{"@id":"https:\/\/martsipan.ee\/et\/product-et\/colored-modelling-marzipan-different-color-options\/#primaryimage"},"image":{"@id":"https:\/\/martsipan.ee\/et\/product-et\/colored-modelling-marzipan-different-color-options\/#primaryimage"},"thumbnailUrl":"https:\/\/martsipan.ee\/wp-content\/uploads\/2023\/01\/Sculpting-ready-for-webshop.png","datePublished":"2023-01-11T21:46:19+00:00","dateModified":"2023-10-18T08:52:40+00:00","breadcrumb":{"@id":"https:\/\/martsipan.ee\/et\/product-et\/colored-modelling-marzipan-different-color-options\/#breadcrumb"},"inLanguage":"et","potentialAction":[{"@type":"ReadAction","target":["https:\/\/martsipan.ee\/et\/product-et\/colored-modelling-marzipan-different-color-options\/"]}]},{"@type":"ImageObject","inLanguage":"et","@id":"https:\/\/martsipan.ee\/et\/product-et\/colored-modelling-marzipan-different-color-options\/#primaryimage","url":"https:\/\/martsipan.ee\/wp-content\/uploads\/2023\/01\/Sculpting-ready-for-webshop.png","contentUrl":"https:\/\/martsipan.ee\/wp-content\/uploads\/2023\/01\/Sculpting-ready-for-webshop.png","width":800,"height":800},{"@type":"BreadcrumbList","@id":"https:\/\/martsipan.ee\/et\/product-et\/colored-modelling-marzipan-different-color-options\/#breadcrumb","itemListElement":[{"@type":"ListItem","position":1,"name":"Home","item":"https:\/\/martsipan.ee\/et\/"},{"@type":"ListItem","position":2,"name":"E-pood","item":"https:\/\/martsipan.ee\/et\/e-pood\/"},{"@type":"ListItem","position":3,"name":"V\u00e4rvitud martsipan voolimiseks (erinevate v\u00e4rvide valik)"}]},{"@type":"WebSite","@id":"https:\/\/martsipan.ee\/et\/#website","url":"https:\/\/martsipan.ee\/et\/","name":"Marzipan Gallery","description":"","publisher":{"@id":"https:\/\/martsipan.ee\/et\/#organization"},"potentialAction":[{"@type":"SearchAction","target":{"@type":"EntryPoint","urlTemplate":"https:\/\/martsipan.ee\/et\/?s={search_term_string}"},"query-input":"required name=search_term_string"}],"inLanguage":"et"},{"@type":"Organization","@id":"https:\/\/martsipan.ee\/et\/#organization","name":"Marzipan Gallery","url":"https:\/\/martsipan.ee\/et\/","logo":{"@type":"ImageObject","inLanguage":"et","@id":"https:\/\/martsipan.ee\/et\/#\/schema\/logo\/image\/","url":"https:\/\/martsipan.ee\/wp-content\/uploads\/2021\/09\/MG.png","contentUrl":"https:\/\/martsipan.ee\/wp-content\/uploads\/2021\/09\/MG.png","width":500,"height":500,"caption":"Marzipan Gallery"},"image":{"@id":"https:\/\/martsipan.ee\/et\/#\/schema\/logo\/image\/"},"sameAs":["https:\/\/www.facebook.com\/martsipanigalerii","https:\/\/www.instagram.com\/marzipan_gallery\/","https:\/\/www.youtube.com\/@marzipangallery\/featured"]}]}},"_links":{"self":[{"href":"https:\/\/martsipan.ee\/et\/wp-json\/wp\/v2\/product\/5978","targetHints":{"allow":["GET"]}}],"collection":[{"href":"https:\/\/martsipan.ee\/et\/wp-json\/wp\/v2\/product"}],"about":[{"href":"https:\/\/martsipan.ee\/et\/wp-json\/wp\/v2\/types\/product"}],"version-history":[{"count":3,"href":"https:\/\/martsipan.ee\/et\/wp-json\/wp\/v2\/product\/5978\/revisions"}],"predecessor-version":[{"id":11472,"href":"https:\/\/martsipan.ee\/et\/wp-json\/wp\/v2\/product\/5978\/revisions\/11472"}],"wp:featuredmedia":[{"embeddable":true,"href":"https:\/\/martsipan.ee\/et\/wp-json\/wp\/v2\/media\/8739"}],"wp:attachment":[{"href":"https:\/\/martsipan.ee\/et\/wp-json\/wp\/v2\/media?parent=5978"}],"wp:term":[{"taxonomy":"product_cat","embeddable":true,"href":"https:\/\/martsipan.ee\/et\/wp-json\/wp\/v2\/product_cat?post=5978"},{"taxonomy":"product_tag","embeddable":true,"href":"https:\/\/martsipan.ee\/et\/wp-json\/wp\/v2\/product_tag?post=5978"}],"curies":[{"name":"wp","href":"https:\/\/api.w.org\/{rel}","templated":true}]}}