{"id":5925,"date":"2023-01-12T13:52:43","date_gmt":"2023-01-12T11:52:43","guid":{"rendered":"https:\/\/martsipan.ee\/?product=martsipanist-kartul-kakaoga-kaetud-m"},"modified":"2023-10-18T10:47:54","modified_gmt":"2023-10-18T08:47:54","slug":"marzipan-potato-m","status":"publish","type":"product","link":"https:\/\/martsipan.ee\/et\/product-et\/marzipan-potato-m\/","title":{"rendered":"Martsipani kartul (M)"},"content":{"rendered":"<p>Marizpan-kartul on teine nimetus v\u00e4ikestele kakaoga kaetud martsipanipallidele. Tootmisel anname selle m\u00f5nda aega vabas \u00f5hus seisma ja alles p\u00e4rast seda paneme need kastidesse. See v\u00f5imaldab liigsel niiskusel aurustuda ja pallid on veidi k\u00f5vemad kui n\u00e4iteks martsipanimassid. Selline k\u00f5va struktuur annab neile vajaliku kontrasti v\u00f5rreldes teiste martsipanitoodetega. Suurep\u00e4rane t\u00e4iendus kohvi v\u00f5i tee k\u00f5rvale, nii kodus pereliikmete juures kui ka kingituseks s\u00f5pruskonnale.<\/p>\n","protected":false},"excerpt":{"rendered":"<p>V\u00e4ikesed martsipanipallid, mis on kaetud martsipaniga. Magusa martsipani ja m\u00f5ru kakaopulbri meeldej\u00e4\u00e4v kontrast. K\u00e4sitsi valmistatud.<\/p>\n","protected":false},"featured_media":5458,"template":"","meta":{"_acf_changed":false},"product_cat":[],"product_tag":[],"class_list":{"0":"post-5925","1":"product","2":"type-product","3":"status-publish","4":"has-post-thumbnail","7":"first","8":"instock","9":"taxable","10":"shipping-taxable","11":"purchasable","12":"product-type-simple"},"acf":[],"yoast_head":"<!-- This site is optimized with the Yoast SEO plugin v23.2 - https:\/\/yoast.com\/wordpress\/plugins\/seo\/ -->\n<title>Martsipani kartul (M) - Marzipan Gallery<\/title>\n<meta name=\"robots\" content=\"index, follow, max-snippet:-1, max-image-preview:large, max-video-preview:-1\" \/>\n<link rel=\"canonical\" href=\"https:\/\/martsipan.ee\/et\/product-et\/marzipan-potato-m\/\" \/>\n<meta property=\"og:locale\" content=\"et_EE\" \/>\n<meta property=\"og:type\" content=\"article\" \/>\n<meta property=\"og:title\" content=\"Martsipani kartul (M) - Marzipan Gallery\" \/>\n<meta property=\"og:description\" content=\"V\u00e4ikesed martsipanipallid, mis on kaetud martsipaniga. Magusa martsipani ja m\u00f5ru kakaopulbri meeldej\u00e4\u00e4v kontrast. K\u00e4sitsi valmistatud.\" \/>\n<meta property=\"og:url\" content=\"https:\/\/martsipan.ee\/et\/product-et\/marzipan-potato-m\/\" \/>\n<meta property=\"og:site_name\" content=\"Marzipan Gallery\" \/>\n<meta property=\"article:publisher\" content=\"https:\/\/www.facebook.com\/martsipanigalerii\" \/>\n<meta property=\"article:modified_time\" content=\"2023-10-18T08:47:54+00:00\" \/>\n<meta property=\"og:image\" content=\"https:\/\/martsipan.ee\/wp-content\/uploads\/2023\/01\/16-2.png\" \/>\n\t<meta property=\"og:image:width\" content=\"800\" \/>\n\t<meta property=\"og:image:height\" content=\"800\" \/>\n\t<meta property=\"og:image:type\" content=\"image\/png\" \/>\n<meta name=\"twitter:card\" content=\"summary_large_image\" \/>\n<meta name=\"twitter:label1\" content=\"Est. reading time\" \/>\n\t<meta name=\"twitter:data1\" content=\"1 minut\" \/>\n<script type=\"application\/ld+json\" class=\"yoast-schema-graph\">{\"@context\":\"https:\/\/schema.org\",\"@graph\":[{\"@type\":\"WebPage\",\"@id\":\"https:\/\/martsipan.ee\/et\/product-et\/marzipan-potato-m\/\",\"url\":\"https:\/\/martsipan.ee\/et\/product-et\/marzipan-potato-m\/\",\"name\":\"Martsipani kartul (M) - Marzipan Gallery\",\"isPartOf\":{\"@id\":\"https:\/\/martsipan.ee\/et\/#website\"},\"primaryImageOfPage\":{\"@id\":\"https:\/\/martsipan.ee\/et\/product-et\/marzipan-potato-m\/#primaryimage\"},\"image\":{\"@id\":\"https:\/\/martsipan.ee\/et\/product-et\/marzipan-potato-m\/#primaryimage\"},\"thumbnailUrl\":\"https:\/\/martsipan.ee\/wp-content\/uploads\/2023\/01\/16-2.png\",\"datePublished\":\"2023-01-12T11:52:43+00:00\",\"dateModified\":\"2023-10-18T08:47:54+00:00\",\"breadcrumb\":{\"@id\":\"https:\/\/martsipan.ee\/et\/product-et\/marzipan-potato-m\/#breadcrumb\"},\"inLanguage\":\"et\",\"potentialAction\":[{\"@type\":\"ReadAction\",\"target\":[\"https:\/\/martsipan.ee\/et\/product-et\/marzipan-potato-m\/\"]}]},{\"@type\":\"ImageObject\",\"inLanguage\":\"et\",\"@id\":\"https:\/\/martsipan.ee\/et\/product-et\/marzipan-potato-m\/#primaryimage\",\"url\":\"https:\/\/martsipan.ee\/wp-content\/uploads\/2023\/01\/16-2.png\",\"contentUrl\":\"https:\/\/martsipan.ee\/wp-content\/uploads\/2023\/01\/16-2.png\",\"width\":800,\"height\":800},{\"@type\":\"BreadcrumbList\",\"@id\":\"https:\/\/martsipan.ee\/et\/product-et\/marzipan-potato-m\/#breadcrumb\",\"itemListElement\":[{\"@type\":\"ListItem\",\"position\":1,\"name\":\"Home\",\"item\":\"https:\/\/martsipan.ee\/et\/\"},{\"@type\":\"ListItem\",\"position\":2,\"name\":\"E-pood\",\"item\":\"https:\/\/martsipan.ee\/et\/e-pood\/\"},{\"@type\":\"ListItem\",\"position\":3,\"name\":\"Martsipani kartul (M)\"}]},{\"@type\":\"WebSite\",\"@id\":\"https:\/\/martsipan.ee\/et\/#website\",\"url\":\"https:\/\/martsipan.ee\/et\/\",\"name\":\"Marzipan Gallery\",\"description\":\"\",\"publisher\":{\"@id\":\"https:\/\/martsipan.ee\/et\/#organization\"},\"potentialAction\":[{\"@type\":\"SearchAction\",\"target\":{\"@type\":\"EntryPoint\",\"urlTemplate\":\"https:\/\/martsipan.ee\/et\/?s={search_term_string}\"},\"query-input\":\"required name=search_term_string\"}],\"inLanguage\":\"et\"},{\"@type\":\"Organization\",\"@id\":\"https:\/\/martsipan.ee\/et\/#organization\",\"name\":\"Marzipan Gallery\",\"url\":\"https:\/\/martsipan.ee\/et\/\",\"logo\":{\"@type\":\"ImageObject\",\"inLanguage\":\"et\",\"@id\":\"https:\/\/martsipan.ee\/et\/#\/schema\/logo\/image\/\",\"url\":\"https:\/\/martsipan.ee\/wp-content\/uploads\/2021\/09\/MG.png\",\"contentUrl\":\"https:\/\/martsipan.ee\/wp-content\/uploads\/2021\/09\/MG.png\",\"width\":500,\"height\":500,\"caption\":\"Marzipan Gallery\"},\"image\":{\"@id\":\"https:\/\/martsipan.ee\/et\/#\/schema\/logo\/image\/\"},\"sameAs\":[\"https:\/\/www.facebook.com\/martsipanigalerii\",\"https:\/\/www.instagram.com\/marzipan_gallery\/\",\"https:\/\/www.youtube.com\/@marzipangallery\/featured\"]}]}<\/script>\n<!-- \/ Yoast SEO plugin. -->","yoast_head_json":{"title":"Martsipani kartul (M) - Marzipan Gallery","robots":{"index":"index","follow":"follow","max-snippet":"max-snippet:-1","max-image-preview":"max-image-preview:large","max-video-preview":"max-video-preview:-1"},"canonical":"https:\/\/martsipan.ee\/et\/product-et\/marzipan-potato-m\/","og_locale":"et_EE","og_type":"article","og_title":"Martsipani kartul (M) - Marzipan Gallery","og_description":"V\u00e4ikesed martsipanipallid, mis on kaetud martsipaniga. Magusa martsipani ja m\u00f5ru kakaopulbri meeldej\u00e4\u00e4v kontrast. K\u00e4sitsi valmistatud.","og_url":"https:\/\/martsipan.ee\/et\/product-et\/marzipan-potato-m\/","og_site_name":"Marzipan Gallery","article_publisher":"https:\/\/www.facebook.com\/martsipanigalerii","article_modified_time":"2023-10-18T08:47:54+00:00","og_image":[{"width":800,"height":800,"url":"https:\/\/martsipan.ee\/wp-content\/uploads\/2023\/01\/16-2.png","type":"image\/png"}],"twitter_card":"summary_large_image","twitter_misc":{"Est. reading time":"1 minut"},"schema":{"@context":"https:\/\/schema.org","@graph":[{"@type":"WebPage","@id":"https:\/\/martsipan.ee\/et\/product-et\/marzipan-potato-m\/","url":"https:\/\/martsipan.ee\/et\/product-et\/marzipan-potato-m\/","name":"Martsipani kartul (M) - Marzipan Gallery","isPartOf":{"@id":"https:\/\/martsipan.ee\/et\/#website"},"primaryImageOfPage":{"@id":"https:\/\/martsipan.ee\/et\/product-et\/marzipan-potato-m\/#primaryimage"},"image":{"@id":"https:\/\/martsipan.ee\/et\/product-et\/marzipan-potato-m\/#primaryimage"},"thumbnailUrl":"https:\/\/martsipan.ee\/wp-content\/uploads\/2023\/01\/16-2.png","datePublished":"2023-01-12T11:52:43+00:00","dateModified":"2023-10-18T08:47:54+00:00","breadcrumb":{"@id":"https:\/\/martsipan.ee\/et\/product-et\/marzipan-potato-m\/#breadcrumb"},"inLanguage":"et","potentialAction":[{"@type":"ReadAction","target":["https:\/\/martsipan.ee\/et\/product-et\/marzipan-potato-m\/"]}]},{"@type":"ImageObject","inLanguage":"et","@id":"https:\/\/martsipan.ee\/et\/product-et\/marzipan-potato-m\/#primaryimage","url":"https:\/\/martsipan.ee\/wp-content\/uploads\/2023\/01\/16-2.png","contentUrl":"https:\/\/martsipan.ee\/wp-content\/uploads\/2023\/01\/16-2.png","width":800,"height":800},{"@type":"BreadcrumbList","@id":"https:\/\/martsipan.ee\/et\/product-et\/marzipan-potato-m\/#breadcrumb","itemListElement":[{"@type":"ListItem","position":1,"name":"Home","item":"https:\/\/martsipan.ee\/et\/"},{"@type":"ListItem","position":2,"name":"E-pood","item":"https:\/\/martsipan.ee\/et\/e-pood\/"},{"@type":"ListItem","position":3,"name":"Martsipani kartul (M)"}]},{"@type":"WebSite","@id":"https:\/\/martsipan.ee\/et\/#website","url":"https:\/\/martsipan.ee\/et\/","name":"Marzipan Gallery","description":"","publisher":{"@id":"https:\/\/martsipan.ee\/et\/#organization"},"potentialAction":[{"@type":"SearchAction","target":{"@type":"EntryPoint","urlTemplate":"https:\/\/martsipan.ee\/et\/?s={search_term_string}"},"query-input":"required name=search_term_string"}],"inLanguage":"et"},{"@type":"Organization","@id":"https:\/\/martsipan.ee\/et\/#organization","name":"Marzipan Gallery","url":"https:\/\/martsipan.ee\/et\/","logo":{"@type":"ImageObject","inLanguage":"et","@id":"https:\/\/martsipan.ee\/et\/#\/schema\/logo\/image\/","url":"https:\/\/martsipan.ee\/wp-content\/uploads\/2021\/09\/MG.png","contentUrl":"https:\/\/martsipan.ee\/wp-content\/uploads\/2021\/09\/MG.png","width":500,"height":500,"caption":"Marzipan Gallery"},"image":{"@id":"https:\/\/martsipan.ee\/et\/#\/schema\/logo\/image\/"},"sameAs":["https:\/\/www.facebook.com\/martsipanigalerii","https:\/\/www.instagram.com\/marzipan_gallery\/","https:\/\/www.youtube.com\/@marzipangallery\/featured"]}]}},"_links":{"self":[{"href":"https:\/\/martsipan.ee\/et\/wp-json\/wp\/v2\/product\/5925","targetHints":{"allow":["GET"]}}],"collection":[{"href":"https:\/\/martsipan.ee\/et\/wp-json\/wp\/v2\/product"}],"about":[{"href":"https:\/\/martsipan.ee\/et\/wp-json\/wp\/v2\/types\/product"}],"version-history":[{"count":2,"href":"https:\/\/martsipan.ee\/et\/wp-json\/wp\/v2\/product\/5925\/revisions"}],"predecessor-version":[{"id":11047,"href":"https:\/\/martsipan.ee\/et\/wp-json\/wp\/v2\/product\/5925\/revisions\/11047"}],"wp:featuredmedia":[{"embeddable":true,"href":"https:\/\/martsipan.ee\/et\/wp-json\/wp\/v2\/media\/5458"}],"wp:attachment":[{"href":"https:\/\/martsipan.ee\/et\/wp-json\/wp\/v2\/media?parent=5925"}],"wp:term":[{"taxonomy":"product_cat","embeddable":true,"href":"https:\/\/martsipan.ee\/et\/wp-json\/wp\/v2\/product_cat?post=5925"},{"taxonomy":"product_tag","embeddable":true,"href":"https:\/\/martsipan.ee\/et\/wp-json\/wp\/v2\/product_tag?post=5925"}],"curies":[{"name":"wp","href":"https:\/\/api.w.org\/{rel}","templated":true}]}}