{"id":5716,"date":"2023-01-12T14:32:44","date_gmt":"2023-01-12T12:32:44","guid":{"rendered":"https:\/\/martsipan.ee\/?product=degustatsioonikomplekt-maitsed"},"modified":"2023-10-18T10:47:29","modified_gmt":"2023-10-18T08:47:29","slug":"degustatsioon-komplekt-maitsed","status":"publish","type":"product","link":"https:\/\/martsipan.ee\/et\/product-et\/degustatsioon-komplekt-maitsed\/","title":{"rendered":"Degustatsioonikomplekt &#8211; maitsed"},"content":{"rendered":"<p>Martsipani kinkekomplektid on hea valik kinkimise m\u00f5lema poole jaoks. \u00dcks ei pea pead murdma, millist unikaalset kingitust kinkida, teine saab midagi, mida t\u00f5en\u00e4oliselt \u00fcheltki teiselt k\u00fclaliselt ei saa v\u00f5i mida igast poest ei leia. Uus nauditav kogemus k\u00f5igile! Kinkekomplektid sobivad kingituseks neile, kelle puhul olete kindel, et martsipan on meelep\u00e4rane ja kingi saaja v\u00e4\u00e4rtustab seda. Olenevalt vanusest ja eelistustest saad valida komplekti traditsioonilise Vana Tallinna lik\u00f6\u00f6riga v\u00f5i ilma. Kui te ei leia sortimendist teile sobivat maitsete komplekti, siis kirjutage meile e-poe e-mailile ja teeme komplekti vastavalt teie soovile.<\/p>\n","protected":false},"excerpt":{"rendered":"<p>Magusast martsipanist degustatsioonikomplekt. 3 maitset &#8211; ainult erakordsemad valikud. Maitsed: apelsin, mustikas, vaarikas.<\/p>\n","protected":false},"featured_media":8491,"template":"","meta":{"_acf_changed":false},"product_cat":[52,50,126],"product_tag":[],"class_list":{"0":"post-5716","1":"product","2":"type-product","3":"status-publish","4":"has-post-thumbnail","6":"product_cat-kinkekomplektid","7":"product_cat-bar-et","8":"product_cat-degustation-et","10":"first","11":"instock","12":"taxable","13":"shipping-taxable","14":"purchasable","15":"product-type-simple"},"acf":[],"yoast_head":"<!-- This site is optimized with the Yoast SEO plugin v23.2 - https:\/\/yoast.com\/wordpress\/plugins\/seo\/ -->\n<title>Degustatsioonikomplekt - maitsed - Marzipan Gallery<\/title>\n<meta name=\"robots\" content=\"index, follow, max-snippet:-1, max-image-preview:large, max-video-preview:-1\" \/>\n<link rel=\"canonical\" href=\"https:\/\/martsipan.ee\/et\/product-et\/degustatsioon-komplekt-maitsed\/\" \/>\n<meta property=\"og:locale\" content=\"et_EE\" \/>\n<meta property=\"og:type\" content=\"article\" \/>\n<meta property=\"og:title\" content=\"Degustatsioonikomplekt - maitsed - Marzipan Gallery\" \/>\n<meta property=\"og:description\" content=\"Magusast martsipanist degustatsioonikomplekt. 3 maitset - ainult erakordsemad valikud. Maitsed: apelsin, mustikas, vaarikas.\" \/>\n<meta property=\"og:url\" content=\"https:\/\/martsipan.ee\/et\/product-et\/degustatsioon-komplekt-maitsed\/\" \/>\n<meta property=\"og:site_name\" content=\"Marzipan Gallery\" \/>\n<meta property=\"article:publisher\" content=\"https:\/\/www.facebook.com\/martsipanigalerii\" \/>\n<meta property=\"article:modified_time\" content=\"2023-10-18T08:47:29+00:00\" \/>\n<meta property=\"og:image\" content=\"https:\/\/martsipan.ee\/wp-content\/uploads\/2023\/01\/deg.-tastes.png\" \/>\n\t<meta property=\"og:image:width\" content=\"800\" \/>\n\t<meta property=\"og:image:height\" content=\"800\" \/>\n\t<meta property=\"og:image:type\" content=\"image\/png\" \/>\n<meta name=\"twitter:card\" content=\"summary_large_image\" \/>\n<meta name=\"twitter:label1\" content=\"Est. reading time\" \/>\n\t<meta name=\"twitter:data1\" content=\"1 minut\" \/>\n<script type=\"application\/ld+json\" class=\"yoast-schema-graph\">{\"@context\":\"https:\/\/schema.org\",\"@graph\":[{\"@type\":\"WebPage\",\"@id\":\"https:\/\/martsipan.ee\/et\/product-et\/degustatsioon-komplekt-maitsed\/\",\"url\":\"https:\/\/martsipan.ee\/et\/product-et\/degustatsioon-komplekt-maitsed\/\",\"name\":\"Degustatsioonikomplekt - maitsed - Marzipan Gallery\",\"isPartOf\":{\"@id\":\"https:\/\/martsipan.ee\/et\/#website\"},\"primaryImageOfPage\":{\"@id\":\"https:\/\/martsipan.ee\/et\/product-et\/degustatsioon-komplekt-maitsed\/#primaryimage\"},\"image\":{\"@id\":\"https:\/\/martsipan.ee\/et\/product-et\/degustatsioon-komplekt-maitsed\/#primaryimage\"},\"thumbnailUrl\":\"https:\/\/martsipan.ee\/wp-content\/uploads\/2023\/01\/deg.-tastes.png\",\"datePublished\":\"2023-01-12T12:32:44+00:00\",\"dateModified\":\"2023-10-18T08:47:29+00:00\",\"breadcrumb\":{\"@id\":\"https:\/\/martsipan.ee\/et\/product-et\/degustatsioon-komplekt-maitsed\/#breadcrumb\"},\"inLanguage\":\"et\",\"potentialAction\":[{\"@type\":\"ReadAction\",\"target\":[\"https:\/\/martsipan.ee\/et\/product-et\/degustatsioon-komplekt-maitsed\/\"]}]},{\"@type\":\"ImageObject\",\"inLanguage\":\"et\",\"@id\":\"https:\/\/martsipan.ee\/et\/product-et\/degustatsioon-komplekt-maitsed\/#primaryimage\",\"url\":\"https:\/\/martsipan.ee\/wp-content\/uploads\/2023\/01\/deg.-tastes.png\",\"contentUrl\":\"https:\/\/martsipan.ee\/wp-content\/uploads\/2023\/01\/deg.-tastes.png\",\"width\":800,\"height\":800},{\"@type\":\"BreadcrumbList\",\"@id\":\"https:\/\/martsipan.ee\/et\/product-et\/degustatsioon-komplekt-maitsed\/#breadcrumb\",\"itemListElement\":[{\"@type\":\"ListItem\",\"position\":1,\"name\":\"Home\",\"item\":\"https:\/\/martsipan.ee\/et\/\"},{\"@type\":\"ListItem\",\"position\":2,\"name\":\"E-pood\",\"item\":\"https:\/\/martsipan.ee\/et\/e-pood\/\"},{\"@type\":\"ListItem\",\"position\":3,\"name\":\"Degustatsioonikomplekt &#8211; maitsed\"}]},{\"@type\":\"WebSite\",\"@id\":\"https:\/\/martsipan.ee\/et\/#website\",\"url\":\"https:\/\/martsipan.ee\/et\/\",\"name\":\"Marzipan Gallery\",\"description\":\"\",\"publisher\":{\"@id\":\"https:\/\/martsipan.ee\/et\/#organization\"},\"potentialAction\":[{\"@type\":\"SearchAction\",\"target\":{\"@type\":\"EntryPoint\",\"urlTemplate\":\"https:\/\/martsipan.ee\/et\/?s={search_term_string}\"},\"query-input\":\"required name=search_term_string\"}],\"inLanguage\":\"et\"},{\"@type\":\"Organization\",\"@id\":\"https:\/\/martsipan.ee\/et\/#organization\",\"name\":\"Marzipan Gallery\",\"url\":\"https:\/\/martsipan.ee\/et\/\",\"logo\":{\"@type\":\"ImageObject\",\"inLanguage\":\"et\",\"@id\":\"https:\/\/martsipan.ee\/et\/#\/schema\/logo\/image\/\",\"url\":\"https:\/\/martsipan.ee\/wp-content\/uploads\/2021\/09\/MG.png\",\"contentUrl\":\"https:\/\/martsipan.ee\/wp-content\/uploads\/2021\/09\/MG.png\",\"width\":500,\"height\":500,\"caption\":\"Marzipan Gallery\"},\"image\":{\"@id\":\"https:\/\/martsipan.ee\/et\/#\/schema\/logo\/image\/\"},\"sameAs\":[\"https:\/\/www.facebook.com\/martsipanigalerii\",\"https:\/\/www.instagram.com\/marzipan_gallery\/\",\"https:\/\/www.youtube.com\/@marzipangallery\/featured\"]}]}<\/script>\n<!-- \/ Yoast SEO plugin. -->","yoast_head_json":{"title":"Degustatsioonikomplekt - maitsed - Marzipan Gallery","robots":{"index":"index","follow":"follow","max-snippet":"max-snippet:-1","max-image-preview":"max-image-preview:large","max-video-preview":"max-video-preview:-1"},"canonical":"https:\/\/martsipan.ee\/et\/product-et\/degustatsioon-komplekt-maitsed\/","og_locale":"et_EE","og_type":"article","og_title":"Degustatsioonikomplekt - maitsed - Marzipan Gallery","og_description":"Magusast martsipanist degustatsioonikomplekt. 3 maitset - ainult erakordsemad valikud. Maitsed: apelsin, mustikas, vaarikas.","og_url":"https:\/\/martsipan.ee\/et\/product-et\/degustatsioon-komplekt-maitsed\/","og_site_name":"Marzipan Gallery","article_publisher":"https:\/\/www.facebook.com\/martsipanigalerii","article_modified_time":"2023-10-18T08:47:29+00:00","og_image":[{"width":800,"height":800,"url":"https:\/\/martsipan.ee\/wp-content\/uploads\/2023\/01\/deg.-tastes.png","type":"image\/png"}],"twitter_card":"summary_large_image","twitter_misc":{"Est. reading time":"1 minut"},"schema":{"@context":"https:\/\/schema.org","@graph":[{"@type":"WebPage","@id":"https:\/\/martsipan.ee\/et\/product-et\/degustatsioon-komplekt-maitsed\/","url":"https:\/\/martsipan.ee\/et\/product-et\/degustatsioon-komplekt-maitsed\/","name":"Degustatsioonikomplekt - maitsed - Marzipan Gallery","isPartOf":{"@id":"https:\/\/martsipan.ee\/et\/#website"},"primaryImageOfPage":{"@id":"https:\/\/martsipan.ee\/et\/product-et\/degustatsioon-komplekt-maitsed\/#primaryimage"},"image":{"@id":"https:\/\/martsipan.ee\/et\/product-et\/degustatsioon-komplekt-maitsed\/#primaryimage"},"thumbnailUrl":"https:\/\/martsipan.ee\/wp-content\/uploads\/2023\/01\/deg.-tastes.png","datePublished":"2023-01-12T12:32:44+00:00","dateModified":"2023-10-18T08:47:29+00:00","breadcrumb":{"@id":"https:\/\/martsipan.ee\/et\/product-et\/degustatsioon-komplekt-maitsed\/#breadcrumb"},"inLanguage":"et","potentialAction":[{"@type":"ReadAction","target":["https:\/\/martsipan.ee\/et\/product-et\/degustatsioon-komplekt-maitsed\/"]}]},{"@type":"ImageObject","inLanguage":"et","@id":"https:\/\/martsipan.ee\/et\/product-et\/degustatsioon-komplekt-maitsed\/#primaryimage","url":"https:\/\/martsipan.ee\/wp-content\/uploads\/2023\/01\/deg.-tastes.png","contentUrl":"https:\/\/martsipan.ee\/wp-content\/uploads\/2023\/01\/deg.-tastes.png","width":800,"height":800},{"@type":"BreadcrumbList","@id":"https:\/\/martsipan.ee\/et\/product-et\/degustatsioon-komplekt-maitsed\/#breadcrumb","itemListElement":[{"@type":"ListItem","position":1,"name":"Home","item":"https:\/\/martsipan.ee\/et\/"},{"@type":"ListItem","position":2,"name":"E-pood","item":"https:\/\/martsipan.ee\/et\/e-pood\/"},{"@type":"ListItem","position":3,"name":"Degustatsioonikomplekt &#8211; maitsed"}]},{"@type":"WebSite","@id":"https:\/\/martsipan.ee\/et\/#website","url":"https:\/\/martsipan.ee\/et\/","name":"Marzipan Gallery","description":"","publisher":{"@id":"https:\/\/martsipan.ee\/et\/#organization"},"potentialAction":[{"@type":"SearchAction","target":{"@type":"EntryPoint","urlTemplate":"https:\/\/martsipan.ee\/et\/?s={search_term_string}"},"query-input":"required name=search_term_string"}],"inLanguage":"et"},{"@type":"Organization","@id":"https:\/\/martsipan.ee\/et\/#organization","name":"Marzipan Gallery","url":"https:\/\/martsipan.ee\/et\/","logo":{"@type":"ImageObject","inLanguage":"et","@id":"https:\/\/martsipan.ee\/et\/#\/schema\/logo\/image\/","url":"https:\/\/martsipan.ee\/wp-content\/uploads\/2021\/09\/MG.png","contentUrl":"https:\/\/martsipan.ee\/wp-content\/uploads\/2021\/09\/MG.png","width":500,"height":500,"caption":"Marzipan Gallery"},"image":{"@id":"https:\/\/martsipan.ee\/et\/#\/schema\/logo\/image\/"},"sameAs":["https:\/\/www.facebook.com\/martsipanigalerii","https:\/\/www.instagram.com\/marzipan_gallery\/","https:\/\/www.youtube.com\/@marzipangallery\/featured"]}]}},"_links":{"self":[{"href":"https:\/\/martsipan.ee\/et\/wp-json\/wp\/v2\/product\/5716","targetHints":{"allow":["GET"]}}],"collection":[{"href":"https:\/\/martsipan.ee\/et\/wp-json\/wp\/v2\/product"}],"about":[{"href":"https:\/\/martsipan.ee\/et\/wp-json\/wp\/v2\/types\/product"}],"version-history":[{"count":4,"href":"https:\/\/martsipan.ee\/et\/wp-json\/wp\/v2\/product\/5716\/revisions"}],"predecessor-version":[{"id":14315,"href":"https:\/\/martsipan.ee\/et\/wp-json\/wp\/v2\/product\/5716\/revisions\/14315"}],"wp:featuredmedia":[{"embeddable":true,"href":"https:\/\/martsipan.ee\/et\/wp-json\/wp\/v2\/media\/8491"}],"wp:attachment":[{"href":"https:\/\/martsipan.ee\/et\/wp-json\/wp\/v2\/media?parent=5716"}],"wp:term":[{"taxonomy":"product_cat","embeddable":true,"href":"https:\/\/martsipan.ee\/et\/wp-json\/wp\/v2\/product_cat?post=5716"},{"taxonomy":"product_tag","embeddable":true,"href":"https:\/\/martsipan.ee\/et\/wp-json\/wp\/v2\/product_tag?post=5716"}],"curies":[{"name":"wp","href":"https:\/\/api.w.org\/{rel}","templated":true}]}}