{"id":5715,"date":"2023-01-12T14:38:33","date_gmt":"2023-01-12T12:38:33","guid":{"rendered":"https:\/\/martsipan.ee\/?product=cup-of-wishes-eng"},"modified":"2023-10-18T10:47:23","modified_gmt":"2023-10-18T08:47:23","slug":"cup-of-wishes-eng","status":"publish","type":"product","link":"https:\/\/martsipan.ee\/et\/product-et\/cup-of-wishes-eng\/","title":{"rendered":"Cup of wishes (ENG)"},"content":{"rendered":"<p>Martsipani kinkekomplektid on kinkimise m\u00f5lemal pool olevate inimeste p\u00e4\u00e4stmine. \u00dcks ei pea pead murdma, milline unikaalne kingitus kinkida, teine saab midagi, mida t\u00f5en\u00e4oliselt \u00fcheltki teiselt k\u00fclaliselt ei saa v\u00f5i mida igas nurgapoest ei leia. Uus nauditav kogemus k\u00f5igile! Kinkekomplektid sobivad kingituseks neile, kellele oled kindel, et martsipan on meelep\u00e4rane ja kingi saaja hindab sellist kingitust. Olenevalt vanusest ja eelistustest saad valida komplekti traditsioonilise Vana Tallinna lik\u00f6\u00f6riga v\u00f5i ilma. Kui te ei leia sortimendist teile sobivat maitsete komplekti, siis kirjutage meile e-poe e-mailile ja komplekteerime komplekti vastavalt teie soovile.<\/p>\n","protected":false},"excerpt":{"rendered":"<p>Tassit\u00e4is soove ingliskeelsele s\u00f5brale. Keraamiline tass, mis sisaldab: martsipanibatoonid heade soovidega, suveniirpudel \u201cVana Tallinn\u201d lik\u00f6\u00f6ri ja kott premium-teed raamatutaolises karbis.<\/p>\n","protected":false},"featured_media":5515,"template":"","meta":{"_acf_changed":false},"product_cat":[52],"product_tag":[],"class_list":{"0":"post-5715","1":"product","2":"type-product","3":"status-publish","4":"has-post-thumbnail","6":"product_cat-kinkekomplektid","8":"first","9":"instock","10":"taxable","11":"shipping-taxable","12":"purchasable","13":"product-type-simple"},"acf":[],"yoast_head":"<!-- This site is optimized with the Yoast SEO plugin v23.2 - https:\/\/yoast.com\/wordpress\/plugins\/seo\/ -->\n<title>Cup of wishes (ENG) - Marzipan Gallery<\/title>\n<meta name=\"robots\" content=\"index, follow, max-snippet:-1, max-image-preview:large, max-video-preview:-1\" \/>\n<link rel=\"canonical\" href=\"https:\/\/martsipan.ee\/et\/product-et\/cup-of-wishes-eng\/\" \/>\n<meta property=\"og:locale\" content=\"et_EE\" \/>\n<meta property=\"og:type\" content=\"article\" \/>\n<meta property=\"og:title\" content=\"Cup of wishes (ENG) - Marzipan Gallery\" \/>\n<meta property=\"og:description\" content=\"Tassit\u00e4is soove ingliskeelsele s\u00f5brale. Keraamiline tass, mis sisaldab: martsipanibatoonid heade soovidega, suveniirpudel \u201cVana Tallinn\u201d lik\u00f6\u00f6ri ja kott premium-teed raamatutaolises karbis.\" \/>\n<meta property=\"og:url\" content=\"https:\/\/martsipan.ee\/et\/product-et\/cup-of-wishes-eng\/\" \/>\n<meta property=\"og:site_name\" content=\"Marzipan Gallery\" \/>\n<meta property=\"article:publisher\" content=\"https:\/\/www.facebook.com\/martsipanigalerii\" \/>\n<meta property=\"article:modified_time\" content=\"2023-10-18T08:47:23+00:00\" \/>\n<meta property=\"og:image\" content=\"https:\/\/martsipan.ee\/wp-content\/uploads\/2023\/01\/21-2.png\" \/>\n\t<meta property=\"og:image:width\" content=\"800\" \/>\n\t<meta property=\"og:image:height\" content=\"800\" \/>\n\t<meta property=\"og:image:type\" content=\"image\/png\" \/>\n<meta name=\"twitter:card\" content=\"summary_large_image\" \/>\n<meta name=\"twitter:label1\" content=\"Est. reading time\" \/>\n\t<meta name=\"twitter:data1\" content=\"1 minut\" \/>\n<script type=\"application\/ld+json\" class=\"yoast-schema-graph\">{\"@context\":\"https:\/\/schema.org\",\"@graph\":[{\"@type\":\"WebPage\",\"@id\":\"https:\/\/martsipan.ee\/et\/product-et\/cup-of-wishes-eng\/\",\"url\":\"https:\/\/martsipan.ee\/et\/product-et\/cup-of-wishes-eng\/\",\"name\":\"Cup of wishes (ENG) - Marzipan Gallery\",\"isPartOf\":{\"@id\":\"https:\/\/martsipan.ee\/et\/#website\"},\"primaryImageOfPage\":{\"@id\":\"https:\/\/martsipan.ee\/et\/product-et\/cup-of-wishes-eng\/#primaryimage\"},\"image\":{\"@id\":\"https:\/\/martsipan.ee\/et\/product-et\/cup-of-wishes-eng\/#primaryimage\"},\"thumbnailUrl\":\"https:\/\/martsipan.ee\/wp-content\/uploads\/2023\/01\/21-2.png\",\"datePublished\":\"2023-01-12T12:38:33+00:00\",\"dateModified\":\"2023-10-18T08:47:23+00:00\",\"breadcrumb\":{\"@id\":\"https:\/\/martsipan.ee\/et\/product-et\/cup-of-wishes-eng\/#breadcrumb\"},\"inLanguage\":\"et\",\"potentialAction\":[{\"@type\":\"ReadAction\",\"target\":[\"https:\/\/martsipan.ee\/et\/product-et\/cup-of-wishes-eng\/\"]}]},{\"@type\":\"ImageObject\",\"inLanguage\":\"et\",\"@id\":\"https:\/\/martsipan.ee\/et\/product-et\/cup-of-wishes-eng\/#primaryimage\",\"url\":\"https:\/\/martsipan.ee\/wp-content\/uploads\/2023\/01\/21-2.png\",\"contentUrl\":\"https:\/\/martsipan.ee\/wp-content\/uploads\/2023\/01\/21-2.png\",\"width\":800,\"height\":800},{\"@type\":\"BreadcrumbList\",\"@id\":\"https:\/\/martsipan.ee\/et\/product-et\/cup-of-wishes-eng\/#breadcrumb\",\"itemListElement\":[{\"@type\":\"ListItem\",\"position\":1,\"name\":\"Home\",\"item\":\"https:\/\/martsipan.ee\/et\/\"},{\"@type\":\"ListItem\",\"position\":2,\"name\":\"E-pood\",\"item\":\"https:\/\/martsipan.ee\/et\/e-pood\/\"},{\"@type\":\"ListItem\",\"position\":3,\"name\":\"Cup of wishes (ENG)\"}]},{\"@type\":\"WebSite\",\"@id\":\"https:\/\/martsipan.ee\/et\/#website\",\"url\":\"https:\/\/martsipan.ee\/et\/\",\"name\":\"Marzipan Gallery\",\"description\":\"\",\"publisher\":{\"@id\":\"https:\/\/martsipan.ee\/et\/#organization\"},\"potentialAction\":[{\"@type\":\"SearchAction\",\"target\":{\"@type\":\"EntryPoint\",\"urlTemplate\":\"https:\/\/martsipan.ee\/et\/?s={search_term_string}\"},\"query-input\":\"required name=search_term_string\"}],\"inLanguage\":\"et\"},{\"@type\":\"Organization\",\"@id\":\"https:\/\/martsipan.ee\/et\/#organization\",\"name\":\"Marzipan Gallery\",\"url\":\"https:\/\/martsipan.ee\/et\/\",\"logo\":{\"@type\":\"ImageObject\",\"inLanguage\":\"et\",\"@id\":\"https:\/\/martsipan.ee\/et\/#\/schema\/logo\/image\/\",\"url\":\"https:\/\/martsipan.ee\/wp-content\/uploads\/2021\/09\/MG.png\",\"contentUrl\":\"https:\/\/martsipan.ee\/wp-content\/uploads\/2021\/09\/MG.png\",\"width\":500,\"height\":500,\"caption\":\"Marzipan Gallery\"},\"image\":{\"@id\":\"https:\/\/martsipan.ee\/et\/#\/schema\/logo\/image\/\"},\"sameAs\":[\"https:\/\/www.facebook.com\/martsipanigalerii\",\"https:\/\/www.instagram.com\/marzipan_gallery\/\",\"https:\/\/www.youtube.com\/@marzipangallery\/featured\"]}]}<\/script>\n<!-- \/ Yoast SEO plugin. -->","yoast_head_json":{"title":"Cup of wishes (ENG) - Marzipan Gallery","robots":{"index":"index","follow":"follow","max-snippet":"max-snippet:-1","max-image-preview":"max-image-preview:large","max-video-preview":"max-video-preview:-1"},"canonical":"https:\/\/martsipan.ee\/et\/product-et\/cup-of-wishes-eng\/","og_locale":"et_EE","og_type":"article","og_title":"Cup of wishes (ENG) - Marzipan Gallery","og_description":"Tassit\u00e4is soove ingliskeelsele s\u00f5brale. Keraamiline tass, mis sisaldab: martsipanibatoonid heade soovidega, suveniirpudel \u201cVana Tallinn\u201d lik\u00f6\u00f6ri ja kott premium-teed raamatutaolises karbis.","og_url":"https:\/\/martsipan.ee\/et\/product-et\/cup-of-wishes-eng\/","og_site_name":"Marzipan Gallery","article_publisher":"https:\/\/www.facebook.com\/martsipanigalerii","article_modified_time":"2023-10-18T08:47:23+00:00","og_image":[{"width":800,"height":800,"url":"https:\/\/martsipan.ee\/wp-content\/uploads\/2023\/01\/21-2.png","type":"image\/png"}],"twitter_card":"summary_large_image","twitter_misc":{"Est. reading time":"1 minut"},"schema":{"@context":"https:\/\/schema.org","@graph":[{"@type":"WebPage","@id":"https:\/\/martsipan.ee\/et\/product-et\/cup-of-wishes-eng\/","url":"https:\/\/martsipan.ee\/et\/product-et\/cup-of-wishes-eng\/","name":"Cup of wishes (ENG) - Marzipan Gallery","isPartOf":{"@id":"https:\/\/martsipan.ee\/et\/#website"},"primaryImageOfPage":{"@id":"https:\/\/martsipan.ee\/et\/product-et\/cup-of-wishes-eng\/#primaryimage"},"image":{"@id":"https:\/\/martsipan.ee\/et\/product-et\/cup-of-wishes-eng\/#primaryimage"},"thumbnailUrl":"https:\/\/martsipan.ee\/wp-content\/uploads\/2023\/01\/21-2.png","datePublished":"2023-01-12T12:38:33+00:00","dateModified":"2023-10-18T08:47:23+00:00","breadcrumb":{"@id":"https:\/\/martsipan.ee\/et\/product-et\/cup-of-wishes-eng\/#breadcrumb"},"inLanguage":"et","potentialAction":[{"@type":"ReadAction","target":["https:\/\/martsipan.ee\/et\/product-et\/cup-of-wishes-eng\/"]}]},{"@type":"ImageObject","inLanguage":"et","@id":"https:\/\/martsipan.ee\/et\/product-et\/cup-of-wishes-eng\/#primaryimage","url":"https:\/\/martsipan.ee\/wp-content\/uploads\/2023\/01\/21-2.png","contentUrl":"https:\/\/martsipan.ee\/wp-content\/uploads\/2023\/01\/21-2.png","width":800,"height":800},{"@type":"BreadcrumbList","@id":"https:\/\/martsipan.ee\/et\/product-et\/cup-of-wishes-eng\/#breadcrumb","itemListElement":[{"@type":"ListItem","position":1,"name":"Home","item":"https:\/\/martsipan.ee\/et\/"},{"@type":"ListItem","position":2,"name":"E-pood","item":"https:\/\/martsipan.ee\/et\/e-pood\/"},{"@type":"ListItem","position":3,"name":"Cup of wishes (ENG)"}]},{"@type":"WebSite","@id":"https:\/\/martsipan.ee\/et\/#website","url":"https:\/\/martsipan.ee\/et\/","name":"Marzipan Gallery","description":"","publisher":{"@id":"https:\/\/martsipan.ee\/et\/#organization"},"potentialAction":[{"@type":"SearchAction","target":{"@type":"EntryPoint","urlTemplate":"https:\/\/martsipan.ee\/et\/?s={search_term_string}"},"query-input":"required name=search_term_string"}],"inLanguage":"et"},{"@type":"Organization","@id":"https:\/\/martsipan.ee\/et\/#organization","name":"Marzipan Gallery","url":"https:\/\/martsipan.ee\/et\/","logo":{"@type":"ImageObject","inLanguage":"et","@id":"https:\/\/martsipan.ee\/et\/#\/schema\/logo\/image\/","url":"https:\/\/martsipan.ee\/wp-content\/uploads\/2021\/09\/MG.png","contentUrl":"https:\/\/martsipan.ee\/wp-content\/uploads\/2021\/09\/MG.png","width":500,"height":500,"caption":"Marzipan Gallery"},"image":{"@id":"https:\/\/martsipan.ee\/et\/#\/schema\/logo\/image\/"},"sameAs":["https:\/\/www.facebook.com\/martsipanigalerii","https:\/\/www.instagram.com\/marzipan_gallery\/","https:\/\/www.youtube.com\/@marzipangallery\/featured"]}]}},"_links":{"self":[{"href":"https:\/\/martsipan.ee\/et\/wp-json\/wp\/v2\/product\/5715","targetHints":{"allow":["GET"]}}],"collection":[{"href":"https:\/\/martsipan.ee\/et\/wp-json\/wp\/v2\/product"}],"about":[{"href":"https:\/\/martsipan.ee\/et\/wp-json\/wp\/v2\/types\/product"}],"version-history":[{"count":1,"href":"https:\/\/martsipan.ee\/et\/wp-json\/wp\/v2\/product\/5715\/revisions"}],"predecessor-version":[{"id":5899,"href":"https:\/\/martsipan.ee\/et\/wp-json\/wp\/v2\/product\/5715\/revisions\/5899"}],"wp:featuredmedia":[{"embeddable":true,"href":"https:\/\/martsipan.ee\/et\/wp-json\/wp\/v2\/media\/5515"}],"wp:attachment":[{"href":"https:\/\/martsipan.ee\/et\/wp-json\/wp\/v2\/media?parent=5715"}],"wp:term":[{"taxonomy":"product_cat","embeddable":true,"href":"https:\/\/martsipan.ee\/et\/wp-json\/wp\/v2\/product_cat?post=5715"},{"taxonomy":"product_tag","embeddable":true,"href":"https:\/\/martsipan.ee\/et\/wp-json\/wp\/v2\/product_tag?post=5715"}],"curies":[{"name":"wp","href":"https:\/\/api.w.org\/{rel}","templated":true}]}}