{"id":5262,"date":"2023-01-11T20:46:15","date_gmt":"2023-01-11T18:46:15","guid":{"rendered":"https:\/\/martsipan.ee\/?product=luikede-paar"},"modified":"2023-10-18T10:52:43","modified_gmt":"2023-10-18T08:52:43","slug":"pair-of-swans","status":"publish","type":"product","link":"https:\/\/martsipan.ee\/et\/product-et\/pair-of-swans\/","title":{"rendered":"Luikede paar"},"content":{"rendered":"<p>Kujukesed on meie k\u00f5ige pisemate ja mitte niiv\u00f5rd noorte klientide lemmikmaiused. Kuigi need on valmistatud klassikalisest 40% mandlisisaldusega martsipanist, v\u00e4idavad k\u00f5ik, kes kujukest maitsevad, et nii suhkur tundub magusam kui ka mandlimaitse on rohkem v\u00e4ljendunud. See on selline omap\u00e4rane kujukeste maagia. Neid saab kasutada kookide kaunistustena, et oma l\u00e4hedasi ja k\u00fclalisi p\u00fchade ajal h\u00e4mmastada. Ja need pole k\u00f5vad ja maitsetud mastiksfiguurid, vaid mahlased ja magusad martsipanir\u00f5\u00f5mud. Lastele meeldivad meie martsipanist kujukesed, kuna see on samal ajal v\u00e4ike m\u00e4nguasi, millega m\u00e4ngida, ja maiuspala, kui saad n\u00e4ljaseks. Suurep\u00e4rane ka s\u00fcmboolseks kingituseks oma l\u00e4hedastele kodus v\u00f5i \u00f5htus\u00f6\u00f6gi magustoitude valiku osana. Meie kujukeste p\u00f5hiteemad on loomad ja multifilmitegelased. K\u00f5ik &#8220;Almond Martzipan&#8221; kaubam\u00e4rgi kujukesed on valmistatud k\u00e4sitsi.<\/p>\n","protected":false},"excerpt":{"rendered":"<p>Keskmine Luikede paar kujuke.<\/p>\n","protected":false},"featured_media":5214,"template":"","meta":{"_acf_changed":false},"product_cat":[47,88,87,147],"product_tag":[],"class_list":{"0":"post-5262","1":"product","2":"type-product","3":"status-publish","4":"has-post-thumbnail","6":"product_cat-figurines","7":"product_cat-loomad","8":"product_cat-teema","9":"product_cat-wedding-et","10":"pa_color-white-et","12":"first","13":"instock","14":"taxable","15":"shipping-taxable","16":"purchasable","17":"product-type-simple"},"acf":[],"yoast_head":"<!-- This site is optimized with the Yoast SEO plugin v23.2 - https:\/\/yoast.com\/wordpress\/plugins\/seo\/ -->\n<title>Luikede paar - Marzipan Gallery<\/title>\n<meta name=\"robots\" content=\"index, follow, max-snippet:-1, max-image-preview:large, max-video-preview:-1\" \/>\n<link rel=\"canonical\" href=\"https:\/\/martsipan.ee\/et\/product-et\/pair-of-swans\/\" \/>\n<meta property=\"og:locale\" content=\"et_EE\" \/>\n<meta property=\"og:type\" content=\"article\" \/>\n<meta property=\"og:title\" content=\"Luikede paar - Marzipan Gallery\" \/>\n<meta property=\"og:description\" content=\"Keskmine Luikede paar kujuke.\" \/>\n<meta property=\"og:url\" content=\"https:\/\/martsipan.ee\/et\/product-et\/pair-of-swans\/\" \/>\n<meta property=\"og:site_name\" content=\"Marzipan Gallery\" \/>\n<meta property=\"article:publisher\" content=\"https:\/\/www.facebook.com\/martsipanigalerii\" \/>\n<meta property=\"article:modified_time\" content=\"2023-10-18T08:52:43+00:00\" \/>\n<meta property=\"og:image\" content=\"https:\/\/martsipan.ee\/wp-content\/uploads\/2023\/01\/5-1.png\" \/>\n\t<meta property=\"og:image:width\" content=\"800\" \/>\n\t<meta property=\"og:image:height\" content=\"800\" \/>\n\t<meta property=\"og:image:type\" content=\"image\/png\" \/>\n<meta name=\"twitter:card\" content=\"summary_large_image\" \/>\n<meta name=\"twitter:label1\" content=\"Est. reading time\" \/>\n\t<meta name=\"twitter:data1\" content=\"1 minut\" \/>\n<script type=\"application\/ld+json\" class=\"yoast-schema-graph\">{\"@context\":\"https:\/\/schema.org\",\"@graph\":[{\"@type\":\"WebPage\",\"@id\":\"https:\/\/martsipan.ee\/et\/product-et\/pair-of-swans\/\",\"url\":\"https:\/\/martsipan.ee\/et\/product-et\/pair-of-swans\/\",\"name\":\"Luikede paar - Marzipan Gallery\",\"isPartOf\":{\"@id\":\"https:\/\/martsipan.ee\/et\/#website\"},\"primaryImageOfPage\":{\"@id\":\"https:\/\/martsipan.ee\/et\/product-et\/pair-of-swans\/#primaryimage\"},\"image\":{\"@id\":\"https:\/\/martsipan.ee\/et\/product-et\/pair-of-swans\/#primaryimage\"},\"thumbnailUrl\":\"https:\/\/martsipan.ee\/wp-content\/uploads\/2023\/01\/5-1.png\",\"datePublished\":\"2023-01-11T18:46:15+00:00\",\"dateModified\":\"2023-10-18T08:52:43+00:00\",\"breadcrumb\":{\"@id\":\"https:\/\/martsipan.ee\/et\/product-et\/pair-of-swans\/#breadcrumb\"},\"inLanguage\":\"et\",\"potentialAction\":[{\"@type\":\"ReadAction\",\"target\":[\"https:\/\/martsipan.ee\/et\/product-et\/pair-of-swans\/\"]}]},{\"@type\":\"ImageObject\",\"inLanguage\":\"et\",\"@id\":\"https:\/\/martsipan.ee\/et\/product-et\/pair-of-swans\/#primaryimage\",\"url\":\"https:\/\/martsipan.ee\/wp-content\/uploads\/2023\/01\/5-1.png\",\"contentUrl\":\"https:\/\/martsipan.ee\/wp-content\/uploads\/2023\/01\/5-1.png\",\"width\":800,\"height\":800},{\"@type\":\"BreadcrumbList\",\"@id\":\"https:\/\/martsipan.ee\/et\/product-et\/pair-of-swans\/#breadcrumb\",\"itemListElement\":[{\"@type\":\"ListItem\",\"position\":1,\"name\":\"Home\",\"item\":\"https:\/\/martsipan.ee\/et\/\"},{\"@type\":\"ListItem\",\"position\":2,\"name\":\"E-pood\",\"item\":\"https:\/\/martsipan.ee\/et\/e-pood\/\"},{\"@type\":\"ListItem\",\"position\":3,\"name\":\"Luikede paar\"}]},{\"@type\":\"WebSite\",\"@id\":\"https:\/\/martsipan.ee\/et\/#website\",\"url\":\"https:\/\/martsipan.ee\/et\/\",\"name\":\"Marzipan Gallery\",\"description\":\"\",\"publisher\":{\"@id\":\"https:\/\/martsipan.ee\/et\/#organization\"},\"potentialAction\":[{\"@type\":\"SearchAction\",\"target\":{\"@type\":\"EntryPoint\",\"urlTemplate\":\"https:\/\/martsipan.ee\/et\/?s={search_term_string}\"},\"query-input\":\"required name=search_term_string\"}],\"inLanguage\":\"et\"},{\"@type\":\"Organization\",\"@id\":\"https:\/\/martsipan.ee\/et\/#organization\",\"name\":\"Marzipan Gallery\",\"url\":\"https:\/\/martsipan.ee\/et\/\",\"logo\":{\"@type\":\"ImageObject\",\"inLanguage\":\"et\",\"@id\":\"https:\/\/martsipan.ee\/et\/#\/schema\/logo\/image\/\",\"url\":\"https:\/\/martsipan.ee\/wp-content\/uploads\/2021\/09\/MG.png\",\"contentUrl\":\"https:\/\/martsipan.ee\/wp-content\/uploads\/2021\/09\/MG.png\",\"width\":500,\"height\":500,\"caption\":\"Marzipan Gallery\"},\"image\":{\"@id\":\"https:\/\/martsipan.ee\/et\/#\/schema\/logo\/image\/\"},\"sameAs\":[\"https:\/\/www.facebook.com\/martsipanigalerii\",\"https:\/\/www.instagram.com\/marzipan_gallery\/\",\"https:\/\/www.youtube.com\/@marzipangallery\/featured\"]}]}<\/script>\n<!-- \/ Yoast SEO plugin. -->","yoast_head_json":{"title":"Luikede paar - Marzipan Gallery","robots":{"index":"index","follow":"follow","max-snippet":"max-snippet:-1","max-image-preview":"max-image-preview:large","max-video-preview":"max-video-preview:-1"},"canonical":"https:\/\/martsipan.ee\/et\/product-et\/pair-of-swans\/","og_locale":"et_EE","og_type":"article","og_title":"Luikede paar - Marzipan Gallery","og_description":"Keskmine Luikede paar kujuke.","og_url":"https:\/\/martsipan.ee\/et\/product-et\/pair-of-swans\/","og_site_name":"Marzipan Gallery","article_publisher":"https:\/\/www.facebook.com\/martsipanigalerii","article_modified_time":"2023-10-18T08:52:43+00:00","og_image":[{"width":800,"height":800,"url":"https:\/\/martsipan.ee\/wp-content\/uploads\/2023\/01\/5-1.png","type":"image\/png"}],"twitter_card":"summary_large_image","twitter_misc":{"Est. reading time":"1 minut"},"schema":{"@context":"https:\/\/schema.org","@graph":[{"@type":"WebPage","@id":"https:\/\/martsipan.ee\/et\/product-et\/pair-of-swans\/","url":"https:\/\/martsipan.ee\/et\/product-et\/pair-of-swans\/","name":"Luikede paar - Marzipan Gallery","isPartOf":{"@id":"https:\/\/martsipan.ee\/et\/#website"},"primaryImageOfPage":{"@id":"https:\/\/martsipan.ee\/et\/product-et\/pair-of-swans\/#primaryimage"},"image":{"@id":"https:\/\/martsipan.ee\/et\/product-et\/pair-of-swans\/#primaryimage"},"thumbnailUrl":"https:\/\/martsipan.ee\/wp-content\/uploads\/2023\/01\/5-1.png","datePublished":"2023-01-11T18:46:15+00:00","dateModified":"2023-10-18T08:52:43+00:00","breadcrumb":{"@id":"https:\/\/martsipan.ee\/et\/product-et\/pair-of-swans\/#breadcrumb"},"inLanguage":"et","potentialAction":[{"@type":"ReadAction","target":["https:\/\/martsipan.ee\/et\/product-et\/pair-of-swans\/"]}]},{"@type":"ImageObject","inLanguage":"et","@id":"https:\/\/martsipan.ee\/et\/product-et\/pair-of-swans\/#primaryimage","url":"https:\/\/martsipan.ee\/wp-content\/uploads\/2023\/01\/5-1.png","contentUrl":"https:\/\/martsipan.ee\/wp-content\/uploads\/2023\/01\/5-1.png","width":800,"height":800},{"@type":"BreadcrumbList","@id":"https:\/\/martsipan.ee\/et\/product-et\/pair-of-swans\/#breadcrumb","itemListElement":[{"@type":"ListItem","position":1,"name":"Home","item":"https:\/\/martsipan.ee\/et\/"},{"@type":"ListItem","position":2,"name":"E-pood","item":"https:\/\/martsipan.ee\/et\/e-pood\/"},{"@type":"ListItem","position":3,"name":"Luikede paar"}]},{"@type":"WebSite","@id":"https:\/\/martsipan.ee\/et\/#website","url":"https:\/\/martsipan.ee\/et\/","name":"Marzipan Gallery","description":"","publisher":{"@id":"https:\/\/martsipan.ee\/et\/#organization"},"potentialAction":[{"@type":"SearchAction","target":{"@type":"EntryPoint","urlTemplate":"https:\/\/martsipan.ee\/et\/?s={search_term_string}"},"query-input":"required name=search_term_string"}],"inLanguage":"et"},{"@type":"Organization","@id":"https:\/\/martsipan.ee\/et\/#organization","name":"Marzipan Gallery","url":"https:\/\/martsipan.ee\/et\/","logo":{"@type":"ImageObject","inLanguage":"et","@id":"https:\/\/martsipan.ee\/et\/#\/schema\/logo\/image\/","url":"https:\/\/martsipan.ee\/wp-content\/uploads\/2021\/09\/MG.png","contentUrl":"https:\/\/martsipan.ee\/wp-content\/uploads\/2021\/09\/MG.png","width":500,"height":500,"caption":"Marzipan Gallery"},"image":{"@id":"https:\/\/martsipan.ee\/et\/#\/schema\/logo\/image\/"},"sameAs":["https:\/\/www.facebook.com\/martsipanigalerii","https:\/\/www.instagram.com\/marzipan_gallery\/","https:\/\/www.youtube.com\/@marzipangallery\/featured"]}]}},"_links":{"self":[{"href":"https:\/\/martsipan.ee\/et\/wp-json\/wp\/v2\/product\/5262","targetHints":{"allow":["GET"]}}],"collection":[{"href":"https:\/\/martsipan.ee\/et\/wp-json\/wp\/v2\/product"}],"about":[{"href":"https:\/\/martsipan.ee\/et\/wp-json\/wp\/v2\/types\/product"}],"version-history":[{"count":1,"href":"https:\/\/martsipan.ee\/et\/wp-json\/wp\/v2\/product\/5262\/revisions"}],"predecessor-version":[{"id":6339,"href":"https:\/\/martsipan.ee\/et\/wp-json\/wp\/v2\/product\/5262\/revisions\/6339"}],"wp:featuredmedia":[{"embeddable":true,"href":"https:\/\/martsipan.ee\/et\/wp-json\/wp\/v2\/media\/5214"}],"wp:attachment":[{"href":"https:\/\/martsipan.ee\/et\/wp-json\/wp\/v2\/media?parent=5262"}],"wp:term":[{"taxonomy":"product_cat","embeddable":true,"href":"https:\/\/martsipan.ee\/et\/wp-json\/wp\/v2\/product_cat?post=5262"},{"taxonomy":"product_tag","embeddable":true,"href":"https:\/\/martsipan.ee\/et\/wp-json\/wp\/v2\/product_tag?post=5262"}],"curies":[{"name":"wp","href":"https:\/\/api.w.org\/{rel}","templated":true}]}}