{"id":15583,"date":"2023-11-06T17:08:55","date_gmt":"2023-11-06T15:08:55","guid":{"rendered":"https:\/\/martsipan.ee\/?post_type=product&#038;p=15583"},"modified":"2023-11-06T17:13:28","modified_gmt":"2023-11-06T15:13:28","slug":"masa-ja-karu","status":"publish","type":"product","link":"https:\/\/martsipan.ee\/et\/product-et\/masa-ja-karu\/","title":{"rendered":"Ma\u0161a ja karu"},"content":{"rendered":"<p>Kujukesed on meie k\u00f5ige pisemate ja ka vanemate klientide lemmikmaiused. Kuigi need on valmistatud klassikalisest martsipanist, mille mandlisisaldus on 32%, v\u00e4idavad k\u00f5ik, kes neid maitsevad, et nii suhkur tundub magusam kui ka mandli maitse on tugevam. See on selline omap\u00e4rane kujukeste maagia. Neid saab kasutada kookide kaunistustena, et h\u00e4mmastada oma l\u00e4hedasi ja k\u00fclalisi p\u00fchade ajal. Lastele meeldivad meie martsipanist kujukesed, kuna need on samal ajal nii v\u00e4iksed m\u00e4nguasjad, millega m\u00e4ngida, kui ka maiuspala kui saad n\u00e4ljaseks. Suurep\u00e4rane ka s\u00fcmboolseks kingituseks oma l\u00e4hedastele v\u00f5i \u00f5htus\u00f6\u00f6gi magustoiduks. Meie kujukeste p\u00f5hiteemad on loomad ja multifilmitegelased. K\u00f5ik Almond Martzipan kaubam\u00e4rgi kujukesed on k\u00e4sit\u00f6\u00f6.<\/p>\n","protected":false},"excerpt":{"rendered":"<p>Ma\u0161a ja karu.<\/p>\n","protected":false},"featured_media":15391,"template":"","meta":{"_acf_changed":false},"product_cat":[47,72,320,150],"product_tag":[],"class_list":{"0":"post-15583","1":"product","2":"type-product","3":"status-publish","4":"has-post-thumbnail","6":"product_cat-figurines","7":"product_cat-tegelased","8":"product_cat-eritellimus","9":"product_cat-miscellanea-et","11":"first","12":"instock","13":"taxable","14":"shipping-taxable","15":"purchasable","16":"product-type-simple"},"acf":[],"yoast_head":"<!-- This site is optimized with the Yoast SEO plugin v23.2 - https:\/\/yoast.com\/wordpress\/plugins\/seo\/ -->\n<title>Ma\u0161a ja karu - Marzipan Gallery<\/title>\n<meta name=\"robots\" content=\"index, follow, max-snippet:-1, max-image-preview:large, max-video-preview:-1\" \/>\n<link rel=\"canonical\" href=\"https:\/\/martsipan.ee\/et\/product-et\/masa-ja-karu\/\" \/>\n<meta property=\"og:locale\" content=\"et_EE\" \/>\n<meta property=\"og:type\" content=\"article\" \/>\n<meta property=\"og:title\" content=\"Ma\u0161a ja karu - Marzipan Gallery\" \/>\n<meta property=\"og:description\" content=\"Ma\u0161a ja karu.\" \/>\n<meta property=\"og:url\" content=\"https:\/\/martsipan.ee\/et\/product-et\/masa-ja-karu\/\" \/>\n<meta property=\"og:site_name\" content=\"Marzipan Gallery\" \/>\n<meta property=\"article:publisher\" content=\"https:\/\/www.facebook.com\/martsipanigalerii\" \/>\n<meta property=\"article:modified_time\" content=\"2023-11-06T15:13:28+00:00\" \/>\n<meta property=\"og:image\" content=\"https:\/\/martsipan.ee\/wp-content\/uploads\/2023\/11\/\u0421\u043f\u0435\u0446\u0437\u0430\u043a\u0430\u0437-\u041d\u0430\u0431\u043e\u0440-_\u041c\u0430\u0448\u0430-\u0438-\u041c\u0435\u0434\u0432\u0435\u0434\u044c_-200\u0433.-25E.jpeg\" \/>\n\t<meta property=\"og:image:width\" content=\"1170\" \/>\n\t<meta property=\"og:image:height\" content=\"2388\" \/>\n\t<meta property=\"og:image:type\" content=\"image\/jpeg\" \/>\n<meta name=\"twitter:card\" content=\"summary_large_image\" \/>\n<meta name=\"twitter:label1\" content=\"Est. reading time\" \/>\n\t<meta name=\"twitter:data1\" content=\"1 minut\" \/>\n<script type=\"application\/ld+json\" class=\"yoast-schema-graph\">{\"@context\":\"https:\/\/schema.org\",\"@graph\":[{\"@type\":\"WebPage\",\"@id\":\"https:\/\/martsipan.ee\/et\/product-et\/masa-ja-karu\/\",\"url\":\"https:\/\/martsipan.ee\/et\/product-et\/masa-ja-karu\/\",\"name\":\"Ma\u0161a ja karu - Marzipan Gallery\",\"isPartOf\":{\"@id\":\"https:\/\/martsipan.ee\/et\/#website\"},\"primaryImageOfPage\":{\"@id\":\"https:\/\/martsipan.ee\/et\/product-et\/masa-ja-karu\/#primaryimage\"},\"image\":{\"@id\":\"https:\/\/martsipan.ee\/et\/product-et\/masa-ja-karu\/#primaryimage\"},\"thumbnailUrl\":\"https:\/\/martsipan.ee\/wp-content\/uploads\/2023\/11\/\u0421\u043f\u0435\u0446\u0437\u0430\u043a\u0430\u0437-\u041d\u0430\u0431\u043e\u0440-_\u041c\u0430\u0448\u0430-\u0438-\u041c\u0435\u0434\u0432\u0435\u0434\u044c_-200\u0433.-25E.jpeg\",\"datePublished\":\"2023-11-06T15:08:55+00:00\",\"dateModified\":\"2023-11-06T15:13:28+00:00\",\"breadcrumb\":{\"@id\":\"https:\/\/martsipan.ee\/et\/product-et\/masa-ja-karu\/#breadcrumb\"},\"inLanguage\":\"et\",\"potentialAction\":[{\"@type\":\"ReadAction\",\"target\":[\"https:\/\/martsipan.ee\/et\/product-et\/masa-ja-karu\/\"]}]},{\"@type\":\"ImageObject\",\"inLanguage\":\"et\",\"@id\":\"https:\/\/martsipan.ee\/et\/product-et\/masa-ja-karu\/#primaryimage\",\"url\":\"https:\/\/martsipan.ee\/wp-content\/uploads\/2023\/11\/\u0421\u043f\u0435\u0446\u0437\u0430\u043a\u0430\u0437-\u041d\u0430\u0431\u043e\u0440-_\u041c\u0430\u0448\u0430-\u0438-\u041c\u0435\u0434\u0432\u0435\u0434\u044c_-200\u0433.-25E.jpeg\",\"contentUrl\":\"https:\/\/martsipan.ee\/wp-content\/uploads\/2023\/11\/\u0421\u043f\u0435\u0446\u0437\u0430\u043a\u0430\u0437-\u041d\u0430\u0431\u043e\u0440-_\u041c\u0430\u0448\u0430-\u0438-\u041c\u0435\u0434\u0432\u0435\u0434\u044c_-200\u0433.-25E.jpeg\",\"width\":1170,\"height\":2388},{\"@type\":\"BreadcrumbList\",\"@id\":\"https:\/\/martsipan.ee\/et\/product-et\/masa-ja-karu\/#breadcrumb\",\"itemListElement\":[{\"@type\":\"ListItem\",\"position\":1,\"name\":\"Home\",\"item\":\"https:\/\/martsipan.ee\/et\/\"},{\"@type\":\"ListItem\",\"position\":2,\"name\":\"E-pood\",\"item\":\"https:\/\/martsipan.ee\/et\/e-pood\/\"},{\"@type\":\"ListItem\",\"position\":3,\"name\":\"Ma\u0161a ja karu\"}]},{\"@type\":\"WebSite\",\"@id\":\"https:\/\/martsipan.ee\/et\/#website\",\"url\":\"https:\/\/martsipan.ee\/et\/\",\"name\":\"Marzipan Gallery\",\"description\":\"\",\"publisher\":{\"@id\":\"https:\/\/martsipan.ee\/et\/#organization\"},\"potentialAction\":[{\"@type\":\"SearchAction\",\"target\":{\"@type\":\"EntryPoint\",\"urlTemplate\":\"https:\/\/martsipan.ee\/et\/?s={search_term_string}\"},\"query-input\":\"required name=search_term_string\"}],\"inLanguage\":\"et\"},{\"@type\":\"Organization\",\"@id\":\"https:\/\/martsipan.ee\/et\/#organization\",\"name\":\"Marzipan Gallery\",\"url\":\"https:\/\/martsipan.ee\/et\/\",\"logo\":{\"@type\":\"ImageObject\",\"inLanguage\":\"et\",\"@id\":\"https:\/\/martsipan.ee\/et\/#\/schema\/logo\/image\/\",\"url\":\"https:\/\/martsipan.ee\/wp-content\/uploads\/2021\/09\/MG.png\",\"contentUrl\":\"https:\/\/martsipan.ee\/wp-content\/uploads\/2021\/09\/MG.png\",\"width\":500,\"height\":500,\"caption\":\"Marzipan Gallery\"},\"image\":{\"@id\":\"https:\/\/martsipan.ee\/et\/#\/schema\/logo\/image\/\"},\"sameAs\":[\"https:\/\/www.facebook.com\/martsipanigalerii\",\"https:\/\/www.instagram.com\/marzipan_gallery\/\",\"https:\/\/www.youtube.com\/@marzipangallery\/featured\"]}]}<\/script>\n<!-- \/ Yoast SEO plugin. -->","yoast_head_json":{"title":"Ma\u0161a ja karu - Marzipan Gallery","robots":{"index":"index","follow":"follow","max-snippet":"max-snippet:-1","max-image-preview":"max-image-preview:large","max-video-preview":"max-video-preview:-1"},"canonical":"https:\/\/martsipan.ee\/et\/product-et\/masa-ja-karu\/","og_locale":"et_EE","og_type":"article","og_title":"Ma\u0161a ja karu - Marzipan Gallery","og_description":"Ma\u0161a ja karu.","og_url":"https:\/\/martsipan.ee\/et\/product-et\/masa-ja-karu\/","og_site_name":"Marzipan Gallery","article_publisher":"https:\/\/www.facebook.com\/martsipanigalerii","article_modified_time":"2023-11-06T15:13:28+00:00","og_image":[{"width":1170,"height":2388,"url":"https:\/\/martsipan.ee\/wp-content\/uploads\/2023\/11\/\u0421\u043f\u0435\u0446\u0437\u0430\u043a\u0430\u0437-\u041d\u0430\u0431\u043e\u0440-_\u041c\u0430\u0448\u0430-\u0438-\u041c\u0435\u0434\u0432\u0435\u0434\u044c_-200\u0433.-25E.jpeg","type":"image\/jpeg"}],"twitter_card":"summary_large_image","twitter_misc":{"Est. reading time":"1 minut"},"schema":{"@context":"https:\/\/schema.org","@graph":[{"@type":"WebPage","@id":"https:\/\/martsipan.ee\/et\/product-et\/masa-ja-karu\/","url":"https:\/\/martsipan.ee\/et\/product-et\/masa-ja-karu\/","name":"Ma\u0161a ja karu - Marzipan Gallery","isPartOf":{"@id":"https:\/\/martsipan.ee\/et\/#website"},"primaryImageOfPage":{"@id":"https:\/\/martsipan.ee\/et\/product-et\/masa-ja-karu\/#primaryimage"},"image":{"@id":"https:\/\/martsipan.ee\/et\/product-et\/masa-ja-karu\/#primaryimage"},"thumbnailUrl":"https:\/\/martsipan.ee\/wp-content\/uploads\/2023\/11\/\u0421\u043f\u0435\u0446\u0437\u0430\u043a\u0430\u0437-\u041d\u0430\u0431\u043e\u0440-_\u041c\u0430\u0448\u0430-\u0438-\u041c\u0435\u0434\u0432\u0435\u0434\u044c_-200\u0433.-25E.jpeg","datePublished":"2023-11-06T15:08:55+00:00","dateModified":"2023-11-06T15:13:28+00:00","breadcrumb":{"@id":"https:\/\/martsipan.ee\/et\/product-et\/masa-ja-karu\/#breadcrumb"},"inLanguage":"et","potentialAction":[{"@type":"ReadAction","target":["https:\/\/martsipan.ee\/et\/product-et\/masa-ja-karu\/"]}]},{"@type":"ImageObject","inLanguage":"et","@id":"https:\/\/martsipan.ee\/et\/product-et\/masa-ja-karu\/#primaryimage","url":"https:\/\/martsipan.ee\/wp-content\/uploads\/2023\/11\/\u0421\u043f\u0435\u0446\u0437\u0430\u043a\u0430\u0437-\u041d\u0430\u0431\u043e\u0440-_\u041c\u0430\u0448\u0430-\u0438-\u041c\u0435\u0434\u0432\u0435\u0434\u044c_-200\u0433.-25E.jpeg","contentUrl":"https:\/\/martsipan.ee\/wp-content\/uploads\/2023\/11\/\u0421\u043f\u0435\u0446\u0437\u0430\u043a\u0430\u0437-\u041d\u0430\u0431\u043e\u0440-_\u041c\u0430\u0448\u0430-\u0438-\u041c\u0435\u0434\u0432\u0435\u0434\u044c_-200\u0433.-25E.jpeg","width":1170,"height":2388},{"@type":"BreadcrumbList","@id":"https:\/\/martsipan.ee\/et\/product-et\/masa-ja-karu\/#breadcrumb","itemListElement":[{"@type":"ListItem","position":1,"name":"Home","item":"https:\/\/martsipan.ee\/et\/"},{"@type":"ListItem","position":2,"name":"E-pood","item":"https:\/\/martsipan.ee\/et\/e-pood\/"},{"@type":"ListItem","position":3,"name":"Ma\u0161a ja karu"}]},{"@type":"WebSite","@id":"https:\/\/martsipan.ee\/et\/#website","url":"https:\/\/martsipan.ee\/et\/","name":"Marzipan Gallery","description":"","publisher":{"@id":"https:\/\/martsipan.ee\/et\/#organization"},"potentialAction":[{"@type":"SearchAction","target":{"@type":"EntryPoint","urlTemplate":"https:\/\/martsipan.ee\/et\/?s={search_term_string}"},"query-input":"required name=search_term_string"}],"inLanguage":"et"},{"@type":"Organization","@id":"https:\/\/martsipan.ee\/et\/#organization","name":"Marzipan Gallery","url":"https:\/\/martsipan.ee\/et\/","logo":{"@type":"ImageObject","inLanguage":"et","@id":"https:\/\/martsipan.ee\/et\/#\/schema\/logo\/image\/","url":"https:\/\/martsipan.ee\/wp-content\/uploads\/2021\/09\/MG.png","contentUrl":"https:\/\/martsipan.ee\/wp-content\/uploads\/2021\/09\/MG.png","width":500,"height":500,"caption":"Marzipan Gallery"},"image":{"@id":"https:\/\/martsipan.ee\/et\/#\/schema\/logo\/image\/"},"sameAs":["https:\/\/www.facebook.com\/martsipanigalerii","https:\/\/www.instagram.com\/marzipan_gallery\/","https:\/\/www.youtube.com\/@marzipangallery\/featured"]}]}},"_links":{"self":[{"href":"https:\/\/martsipan.ee\/et\/wp-json\/wp\/v2\/product\/15583","targetHints":{"allow":["GET"]}}],"collection":[{"href":"https:\/\/martsipan.ee\/et\/wp-json\/wp\/v2\/product"}],"about":[{"href":"https:\/\/martsipan.ee\/et\/wp-json\/wp\/v2\/types\/product"}],"version-history":[{"count":1,"href":"https:\/\/martsipan.ee\/et\/wp-json\/wp\/v2\/product\/15583\/revisions"}],"predecessor-version":[{"id":15586,"href":"https:\/\/martsipan.ee\/et\/wp-json\/wp\/v2\/product\/15583\/revisions\/15586"}],"wp:featuredmedia":[{"embeddable":true,"href":"https:\/\/martsipan.ee\/et\/wp-json\/wp\/v2\/media\/15391"}],"wp:attachment":[{"href":"https:\/\/martsipan.ee\/et\/wp-json\/wp\/v2\/media?parent=15583"}],"wp:term":[{"taxonomy":"product_cat","embeddable":true,"href":"https:\/\/martsipan.ee\/et\/wp-json\/wp\/v2\/product_cat?post=15583"},{"taxonomy":"product_tag","embeddable":true,"href":"https:\/\/martsipan.ee\/et\/wp-json\/wp\/v2\/product_tag?post=15583"}],"curies":[{"name":"wp","href":"https:\/\/api.w.org\/{rel}","templated":true}]}}