{"id":15128,"date":"2023-10-19T14:37:10","date_gmt":"2023-10-19T12:37:10","guid":{"rendered":"https:\/\/martsipan.ee\/?post_type=product&#038;p=15128"},"modified":"2023-10-19T14:43:26","modified_gmt":"2023-10-19T12:43:26","slug":"lammas","status":"publish","type":"product","link":"https:\/\/martsipan.ee\/et\/product-et\/lammas\/","title":{"rendered":"Lammas"},"content":{"rendered":"\t\t<div data-elementor-type=\"product-post\" data-elementor-id=\"15128\" class=\"elementor elementor-15128 elementor-15127\" data-elementor-post-type=\"product\">\n\t\t\t\t\t\t<section class=\"elementor-section elementor-top-section elementor-element elementor-element-165da868 elementor-section-boxed elementor-section-height-default elementor-section-height-default\" data-id=\"165da868\" data-element_type=\"section\">\n\t\t\t\t\t\t<div class=\"elementor-container elementor-column-gap-default\">\n\t\t\t\t\t<div class=\"elementor-column elementor-col-100 elementor-top-column elementor-element elementor-element-486fb6e5\" data-id=\"486fb6e5\" data-element_type=\"column\">\n\t\t\t<div class=\"elementor-widget-wrap elementor-element-populated\">\n\t\t\t\t\t\t<div class=\"elementor-element elementor-element-4fa3e032 elementor-widget elementor-widget-text-editor\" data-id=\"4fa3e032\" data-element_type=\"widget\" data-widget_type=\"text-editor.default\">\n\t\t\t\t<div class=\"elementor-widget-container\">\n\t\t\t<style>\/*! elementor - v3.23.0 - 05-08-2024 *\/\n.elementor-widget-text-editor.elementor-drop-cap-view-stacked .elementor-drop-cap{background-color:#69727d;color:#fff}.elementor-widget-text-editor.elementor-drop-cap-view-framed .elementor-drop-cap{color:#69727d;border:3px solid;background-color:transparent}.elementor-widget-text-editor:not(.elementor-drop-cap-view-default) .elementor-drop-cap{margin-top:8px}.elementor-widget-text-editor:not(.elementor-drop-cap-view-default) .elementor-drop-cap-letter{width:1em;height:1em}.elementor-widget-text-editor .elementor-drop-cap{float:left;text-align:center;line-height:1;font-size:50px}.elementor-widget-text-editor .elementor-drop-cap-letter{display:inline-block}<\/style>\t\t\t\t<p>Kujukesed on meie k\u00f5ige pisemate ja ka vanemate klientide lemmikmaiused. Kuigi need on valmistatud klassikalisest martsipanist, mille mandlisisaldus on 32%, v\u00e4idavad k\u00f5ik, kes neid maitsevad, et nii suhkur tundub magusam kui ka mandli maitse on tugevam. See on selline omap\u00e4rane kujukeste maagia. Neid saab kasutada kookide kaunistustena, et h\u00e4mmastada oma l\u00e4hedasi ja k\u00fclalisi p\u00fchade ajal. Lastele meeldivad meie martsipanist kujukesed, kuna need on samal ajal nii v\u00e4iksed m\u00e4nguasjad, millega m\u00e4ngida, kui ka maiuspala kui saad n\u00e4ljaseks. Suurep\u00e4rane ka s\u00fcmboolseks kingituseks oma l\u00e4hedastele v\u00f5i \u00f5htus\u00f6\u00f6gi magustoiduks. Meie kujukeste p\u00f5hiteemad on loomad ja multifilmitegelased. K\u00f5ik Almond Martzipan kaubam\u00e4rgi kujukesed on k\u00e4sit\u00f6\u00f6.<\/p>\t\t\t\t\t\t<\/div>\n\t\t\t\t<\/div>\n\t\t\t\t\t<\/div>\n\t\t<\/div>\n\t\t\t\t\t<\/div>\n\t\t<\/section>\n\t\t\t\t<\/div>\n\t\t","protected":false},"excerpt":{"rendered":"<p>Keskmine lammas.<\/p>\n","protected":false},"featured_media":15052,"template":"","meta":{"_acf_changed":false},"product_cat":[47,88,87],"product_tag":[],"class_list":{"0":"post-15128","1":"product","2":"type-product","3":"status-publish","4":"has-post-thumbnail","6":"product_cat-figurines","7":"product_cat-loomad","8":"product_cat-teema","9":"pa_color-natural-et","10":"pa_figurine-size-keskmine-et","12":"first","13":"instock","14":"taxable","15":"shipping-taxable","16":"purchasable","17":"product-type-simple"},"acf":[],"yoast_head":"<!-- This site is optimized with the Yoast SEO plugin v23.2 - https:\/\/yoast.com\/wordpress\/plugins\/seo\/ -->\n<title>Lammas - Marzipan Gallery<\/title>\n<meta name=\"robots\" content=\"index, follow, max-snippet:-1, max-image-preview:large, max-video-preview:-1\" \/>\n<link rel=\"canonical\" href=\"https:\/\/martsipan.ee\/et\/product-et\/lammas\/\" \/>\n<meta property=\"og:locale\" content=\"et_EE\" \/>\n<meta property=\"og:type\" content=\"article\" \/>\n<meta property=\"og:title\" content=\"Lammas - Marzipan Gallery\" \/>\n<meta property=\"og:description\" content=\"Keskmine lammas.\" \/>\n<meta property=\"og:url\" content=\"https:\/\/martsipan.ee\/et\/product-et\/lammas\/\" \/>\n<meta property=\"og:site_name\" content=\"Marzipan Gallery\" \/>\n<meta property=\"article:publisher\" content=\"https:\/\/www.facebook.com\/martsipanigalerii\" \/>\n<meta property=\"article:modified_time\" content=\"2023-10-19T12:43:26+00:00\" \/>\n<meta property=\"og:image\" content=\"https:\/\/martsipan.ee\/wp-content\/uploads\/2023\/01\/\u041d\u043e\u0432\u0430\u044f-\u0421\u0440\u0435\u0434\u043d\u044f\u044f-40\u0433.-\u041e\u0432\u0446\u0430-4E-scaled.jpeg\" \/>\n\t<meta property=\"og:image:width\" content=\"1920\" \/>\n\t<meta property=\"og:image:height\" content=\"2560\" \/>\n\t<meta property=\"og:image:type\" content=\"image\/jpeg\" \/>\n<meta name=\"twitter:card\" content=\"summary_large_image\" \/>\n<meta name=\"twitter:label1\" content=\"Est. reading time\" \/>\n\t<meta name=\"twitter:data1\" content=\"1 minut\" \/>\n<script type=\"application\/ld+json\" class=\"yoast-schema-graph\">{\"@context\":\"https:\/\/schema.org\",\"@graph\":[{\"@type\":\"WebPage\",\"@id\":\"https:\/\/martsipan.ee\/et\/product-et\/lammas\/\",\"url\":\"https:\/\/martsipan.ee\/et\/product-et\/lammas\/\",\"name\":\"Lammas - Marzipan Gallery\",\"isPartOf\":{\"@id\":\"https:\/\/martsipan.ee\/et\/#website\"},\"primaryImageOfPage\":{\"@id\":\"https:\/\/martsipan.ee\/et\/product-et\/lammas\/#primaryimage\"},\"image\":{\"@id\":\"https:\/\/martsipan.ee\/et\/product-et\/lammas\/#primaryimage\"},\"thumbnailUrl\":\"https:\/\/martsipan.ee\/wp-content\/uploads\/2023\/01\/\u041d\u043e\u0432\u0430\u044f-\u0421\u0440\u0435\u0434\u043d\u044f\u044f-40\u0433.-\u041e\u0432\u0446\u0430-4E-scaled.jpeg\",\"datePublished\":\"2023-10-19T12:37:10+00:00\",\"dateModified\":\"2023-10-19T12:43:26+00:00\",\"breadcrumb\":{\"@id\":\"https:\/\/martsipan.ee\/et\/product-et\/lammas\/#breadcrumb\"},\"inLanguage\":\"et\",\"potentialAction\":[{\"@type\":\"ReadAction\",\"target\":[\"https:\/\/martsipan.ee\/et\/product-et\/lammas\/\"]}]},{\"@type\":\"ImageObject\",\"inLanguage\":\"et\",\"@id\":\"https:\/\/martsipan.ee\/et\/product-et\/lammas\/#primaryimage\",\"url\":\"https:\/\/martsipan.ee\/wp-content\/uploads\/2023\/01\/\u041d\u043e\u0432\u0430\u044f-\u0421\u0440\u0435\u0434\u043d\u044f\u044f-40\u0433.-\u041e\u0432\u0446\u0430-4E-scaled.jpeg\",\"contentUrl\":\"https:\/\/martsipan.ee\/wp-content\/uploads\/2023\/01\/\u041d\u043e\u0432\u0430\u044f-\u0421\u0440\u0435\u0434\u043d\u044f\u044f-40\u0433.-\u041e\u0432\u0446\u0430-4E-scaled.jpeg\",\"width\":1920,\"height\":2560},{\"@type\":\"BreadcrumbList\",\"@id\":\"https:\/\/martsipan.ee\/et\/product-et\/lammas\/#breadcrumb\",\"itemListElement\":[{\"@type\":\"ListItem\",\"position\":1,\"name\":\"Home\",\"item\":\"https:\/\/martsipan.ee\/et\/\"},{\"@type\":\"ListItem\",\"position\":2,\"name\":\"E-pood\",\"item\":\"https:\/\/martsipan.ee\/et\/e-pood\/\"},{\"@type\":\"ListItem\",\"position\":3,\"name\":\"Lammas\"}]},{\"@type\":\"WebSite\",\"@id\":\"https:\/\/martsipan.ee\/et\/#website\",\"url\":\"https:\/\/martsipan.ee\/et\/\",\"name\":\"Marzipan Gallery\",\"description\":\"\",\"publisher\":{\"@id\":\"https:\/\/martsipan.ee\/et\/#organization\"},\"potentialAction\":[{\"@type\":\"SearchAction\",\"target\":{\"@type\":\"EntryPoint\",\"urlTemplate\":\"https:\/\/martsipan.ee\/et\/?s={search_term_string}\"},\"query-input\":\"required name=search_term_string\"}],\"inLanguage\":\"et\"},{\"@type\":\"Organization\",\"@id\":\"https:\/\/martsipan.ee\/et\/#organization\",\"name\":\"Marzipan Gallery\",\"url\":\"https:\/\/martsipan.ee\/et\/\",\"logo\":{\"@type\":\"ImageObject\",\"inLanguage\":\"et\",\"@id\":\"https:\/\/martsipan.ee\/et\/#\/schema\/logo\/image\/\",\"url\":\"https:\/\/martsipan.ee\/wp-content\/uploads\/2021\/09\/MG.png\",\"contentUrl\":\"https:\/\/martsipan.ee\/wp-content\/uploads\/2021\/09\/MG.png\",\"width\":500,\"height\":500,\"caption\":\"Marzipan Gallery\"},\"image\":{\"@id\":\"https:\/\/martsipan.ee\/et\/#\/schema\/logo\/image\/\"},\"sameAs\":[\"https:\/\/www.facebook.com\/martsipanigalerii\",\"https:\/\/www.instagram.com\/marzipan_gallery\/\",\"https:\/\/www.youtube.com\/@marzipangallery\/featured\"]}]}<\/script>\n<!-- \/ Yoast SEO plugin. -->","yoast_head_json":{"title":"Lammas - Marzipan Gallery","robots":{"index":"index","follow":"follow","max-snippet":"max-snippet:-1","max-image-preview":"max-image-preview:large","max-video-preview":"max-video-preview:-1"},"canonical":"https:\/\/martsipan.ee\/et\/product-et\/lammas\/","og_locale":"et_EE","og_type":"article","og_title":"Lammas - Marzipan Gallery","og_description":"Keskmine lammas.","og_url":"https:\/\/martsipan.ee\/et\/product-et\/lammas\/","og_site_name":"Marzipan Gallery","article_publisher":"https:\/\/www.facebook.com\/martsipanigalerii","article_modified_time":"2023-10-19T12:43:26+00:00","og_image":[{"width":1920,"height":2560,"url":"https:\/\/martsipan.ee\/wp-content\/uploads\/2023\/01\/\u041d\u043e\u0432\u0430\u044f-\u0421\u0440\u0435\u0434\u043d\u044f\u044f-40\u0433.-\u041e\u0432\u0446\u0430-4E-scaled.jpeg","type":"image\/jpeg"}],"twitter_card":"summary_large_image","twitter_misc":{"Est. reading time":"1 minut"},"schema":{"@context":"https:\/\/schema.org","@graph":[{"@type":"WebPage","@id":"https:\/\/martsipan.ee\/et\/product-et\/lammas\/","url":"https:\/\/martsipan.ee\/et\/product-et\/lammas\/","name":"Lammas - Marzipan Gallery","isPartOf":{"@id":"https:\/\/martsipan.ee\/et\/#website"},"primaryImageOfPage":{"@id":"https:\/\/martsipan.ee\/et\/product-et\/lammas\/#primaryimage"},"image":{"@id":"https:\/\/martsipan.ee\/et\/product-et\/lammas\/#primaryimage"},"thumbnailUrl":"https:\/\/martsipan.ee\/wp-content\/uploads\/2023\/01\/\u041d\u043e\u0432\u0430\u044f-\u0421\u0440\u0435\u0434\u043d\u044f\u044f-40\u0433.-\u041e\u0432\u0446\u0430-4E-scaled.jpeg","datePublished":"2023-10-19T12:37:10+00:00","dateModified":"2023-10-19T12:43:26+00:00","breadcrumb":{"@id":"https:\/\/martsipan.ee\/et\/product-et\/lammas\/#breadcrumb"},"inLanguage":"et","potentialAction":[{"@type":"ReadAction","target":["https:\/\/martsipan.ee\/et\/product-et\/lammas\/"]}]},{"@type":"ImageObject","inLanguage":"et","@id":"https:\/\/martsipan.ee\/et\/product-et\/lammas\/#primaryimage","url":"https:\/\/martsipan.ee\/wp-content\/uploads\/2023\/01\/\u041d\u043e\u0432\u0430\u044f-\u0421\u0440\u0435\u0434\u043d\u044f\u044f-40\u0433.-\u041e\u0432\u0446\u0430-4E-scaled.jpeg","contentUrl":"https:\/\/martsipan.ee\/wp-content\/uploads\/2023\/01\/\u041d\u043e\u0432\u0430\u044f-\u0421\u0440\u0435\u0434\u043d\u044f\u044f-40\u0433.-\u041e\u0432\u0446\u0430-4E-scaled.jpeg","width":1920,"height":2560},{"@type":"BreadcrumbList","@id":"https:\/\/martsipan.ee\/et\/product-et\/lammas\/#breadcrumb","itemListElement":[{"@type":"ListItem","position":1,"name":"Home","item":"https:\/\/martsipan.ee\/et\/"},{"@type":"ListItem","position":2,"name":"E-pood","item":"https:\/\/martsipan.ee\/et\/e-pood\/"},{"@type":"ListItem","position":3,"name":"Lammas"}]},{"@type":"WebSite","@id":"https:\/\/martsipan.ee\/et\/#website","url":"https:\/\/martsipan.ee\/et\/","name":"Marzipan Gallery","description":"","publisher":{"@id":"https:\/\/martsipan.ee\/et\/#organization"},"potentialAction":[{"@type":"SearchAction","target":{"@type":"EntryPoint","urlTemplate":"https:\/\/martsipan.ee\/et\/?s={search_term_string}"},"query-input":"required name=search_term_string"}],"inLanguage":"et"},{"@type":"Organization","@id":"https:\/\/martsipan.ee\/et\/#organization","name":"Marzipan Gallery","url":"https:\/\/martsipan.ee\/et\/","logo":{"@type":"ImageObject","inLanguage":"et","@id":"https:\/\/martsipan.ee\/et\/#\/schema\/logo\/image\/","url":"https:\/\/martsipan.ee\/wp-content\/uploads\/2021\/09\/MG.png","contentUrl":"https:\/\/martsipan.ee\/wp-content\/uploads\/2021\/09\/MG.png","width":500,"height":500,"caption":"Marzipan Gallery"},"image":{"@id":"https:\/\/martsipan.ee\/et\/#\/schema\/logo\/image\/"},"sameAs":["https:\/\/www.facebook.com\/martsipanigalerii","https:\/\/www.instagram.com\/marzipan_gallery\/","https:\/\/www.youtube.com\/@marzipangallery\/featured"]}]}},"_links":{"self":[{"href":"https:\/\/martsipan.ee\/et\/wp-json\/wp\/v2\/product\/15128","targetHints":{"allow":["GET"]}}],"collection":[{"href":"https:\/\/martsipan.ee\/et\/wp-json\/wp\/v2\/product"}],"about":[{"href":"https:\/\/martsipan.ee\/et\/wp-json\/wp\/v2\/types\/product"}],"version-history":[{"count":1,"href":"https:\/\/martsipan.ee\/et\/wp-json\/wp\/v2\/product\/15128\/revisions"}],"predecessor-version":[{"id":15131,"href":"https:\/\/martsipan.ee\/et\/wp-json\/wp\/v2\/product\/15128\/revisions\/15131"}],"wp:featuredmedia":[{"embeddable":true,"href":"https:\/\/martsipan.ee\/et\/wp-json\/wp\/v2\/media\/15052"}],"wp:attachment":[{"href":"https:\/\/martsipan.ee\/et\/wp-json\/wp\/v2\/media?parent=15128"}],"wp:term":[{"taxonomy":"product_cat","embeddable":true,"href":"https:\/\/martsipan.ee\/et\/wp-json\/wp\/v2\/product_cat?post=15128"},{"taxonomy":"product_tag","embeddable":true,"href":"https:\/\/martsipan.ee\/et\/wp-json\/wp\/v2\/product_tag?post=15128"}],"curies":[{"name":"wp","href":"https:\/\/api.w.org\/{rel}","templated":true}]}}