{"id":13163,"date":"2023-05-18T16:38:38","date_gmt":"2023-05-18T14:38:38","guid":{"rendered":"https:\/\/martsipan.ee\/?post_type=product&#038;p=13163"},"modified":"2024-03-01T00:00:35","modified_gmt":"2024-02-29T22:00:35","slug":"rahvuslille-korvoielille","status":"publish","type":"product","link":"https:\/\/martsipan.ee\/et\/product-et\/rahvuslille-korvoielille\/","title":{"rendered":"Rahvuslill: Rukkilill"},"content":{"rendered":"<p>Martsipani kinkekomplektid on kinkimise m\u00f5lemal pool olevate inimeste p\u00e4\u00e4stmine. \u00dcks ei pea pead murdma, milline unikaalne kingitus kinkida, teine saab midagi, mida t\u00f5en\u00e4oliselt \u00fcheltki teiselt k\u00fclaliselt ei saa v\u00f5i mida igas nurgapoest ei leia. Uus nauditav kogemus k\u00f5igile! Erineva suurusega degustatsioonikomplektid sobivad, kui soovite tutvustada martsipani oma s\u00f5pradele ja sugulastele. Nende hulka kuuluvad v\u00e4ikese massiga eri maitsega martsipanimassid. Kui te ei leia sortimendist teile sobivat maitsete komplekti, siis kirjutage meile e-poe e-mailile ja komplekteerime komplekti vastavalt teie soovile.<\/p>\n","protected":false},"excerpt":{"rendered":"<p>Korv Eesti rahvuslike lilledega: Rukkilill.<\/p>\n<p>+ V\u00e4ike t\u00e4iendus: Eesti lipp, mis on valmistatud suhkrupaberist.<\/p>\n<p><span style=\"text-decoration: underline;\">Ajalugu ja s\u00fcmboolika:<\/span><\/p>\n<p><span style=\"font-weight: 400;\">Peamiselt taliviljap\u00f5ldudel leiduv rukkilill on p\u00e4rit meie esivanemate r\u00e4ndest, kes t\u00f5id selle l\u00f5unapoolsetest piirkondadest. <\/span><\/p>\n<p><span style=\"font-weight: 400;\">Kuigi see toob lastele r\u00f5\u00f5mu, v\u00f5ib selle olemasolu olla p\u00f5llumeestele v\u00e4ljakutseks. <\/span><\/p>\n<p><span style=\"font-weight: 400;\">Kuigi alates 1968. aastast on rukkilill m\u00e4\u00e4ratud ainult eestlaste rahvuslilleks, on see j\u00e4tkuvalt s\u00fcmboliks erinevates riikides.<\/span><\/p>\n","protected":false},"featured_media":13155,"template":"","meta":{"_acf_changed":false},"product_cat":[322,87,139,326],"product_tag":[],"class_list":{"0":"post-13163","1":"product","2":"type-product","3":"status-publish","4":"has-post-thumbnail","6":"product_cat-korvid-et","7":"product_cat-teema","8":"product_cat-flowers-et","9":"product_cat-riiklikud-sumbolid","10":"pa_color-blue-et","11":"pa_figurine-size-suur-et","13":"first","14":"instock","15":"taxable","16":"shipping-taxable","17":"purchasable","18":"product-type-simple"},"acf":[],"yoast_head":"<!-- This site is optimized with the Yoast SEO plugin v23.2 - https:\/\/yoast.com\/wordpress\/plugins\/seo\/ -->\n<title>Rahvuslill: Rukkilill - Marzipan Gallery<\/title>\n<meta name=\"robots\" content=\"index, follow, max-snippet:-1, max-image-preview:large, max-video-preview:-1\" \/>\n<link rel=\"canonical\" href=\"https:\/\/martsipan.ee\/et\/product-et\/rahvuslille-korvoielille\/\" \/>\n<meta property=\"og:locale\" content=\"et_EE\" \/>\n<meta property=\"og:type\" content=\"article\" \/>\n<meta property=\"og:title\" content=\"Rahvuslill: Rukkilill - Marzipan Gallery\" \/>\n<meta property=\"og:description\" content=\"Korv Eesti rahvuslike lilledega: Rukkilill.  + V\u00e4ike t\u00e4iendus: Eesti lipp, mis on valmistatud suhkrupaberist.  Ajalugu ja s\u00fcmboolika:  Peamiselt taliviljap\u00f5ldudel leiduv rukkilill on p\u00e4rit meie esivanemate r\u00e4ndest, kes t\u00f5id selle l\u00f5unapoolsetest piirkondadest.   Kuigi see toob lastele r\u00f5\u00f5mu, v\u00f5ib selle olemasolu olla p\u00f5llumeestele v\u00e4ljakutseks.   Kuigi alates 1968. aastast on rukkilill m\u00e4\u00e4ratud ainult eestlaste rahvuslilleks, on see j\u00e4tkuvalt s\u00fcmboliks erinevates riikides.\" \/>\n<meta property=\"og:url\" content=\"https:\/\/martsipan.ee\/et\/product-et\/rahvuslille-korvoielille\/\" \/>\n<meta property=\"og:site_name\" content=\"Marzipan Gallery\" \/>\n<meta property=\"article:publisher\" content=\"https:\/\/www.facebook.com\/martsipanigalerii\" \/>\n<meta property=\"article:modified_time\" content=\"2024-02-29T22:00:35+00:00\" \/>\n<meta property=\"og:image\" content=\"https:\/\/martsipan.ee\/wp-content\/uploads\/2023\/05\/16.png\" \/>\n\t<meta property=\"og:image:width\" content=\"800\" \/>\n\t<meta property=\"og:image:height\" content=\"800\" \/>\n\t<meta property=\"og:image:type\" content=\"image\/png\" \/>\n<meta name=\"twitter:card\" content=\"summary_large_image\" \/>\n<meta name=\"twitter:label1\" content=\"Est. reading time\" \/>\n\t<meta name=\"twitter:data1\" content=\"1 minut\" \/>\n<script type=\"application\/ld+json\" class=\"yoast-schema-graph\">{\"@context\":\"https:\/\/schema.org\",\"@graph\":[{\"@type\":\"WebPage\",\"@id\":\"https:\/\/martsipan.ee\/et\/product-et\/rahvuslille-korvoielille\/\",\"url\":\"https:\/\/martsipan.ee\/et\/product-et\/rahvuslille-korvoielille\/\",\"name\":\"Rahvuslill: Rukkilill - Marzipan Gallery\",\"isPartOf\":{\"@id\":\"https:\/\/martsipan.ee\/et\/#website\"},\"primaryImageOfPage\":{\"@id\":\"https:\/\/martsipan.ee\/et\/product-et\/rahvuslille-korvoielille\/#primaryimage\"},\"image\":{\"@id\":\"https:\/\/martsipan.ee\/et\/product-et\/rahvuslille-korvoielille\/#primaryimage\"},\"thumbnailUrl\":\"https:\/\/martsipan.ee\/wp-content\/uploads\/2023\/05\/16.png\",\"datePublished\":\"2023-05-18T14:38:38+00:00\",\"dateModified\":\"2024-02-29T22:00:35+00:00\",\"breadcrumb\":{\"@id\":\"https:\/\/martsipan.ee\/et\/product-et\/rahvuslille-korvoielille\/#breadcrumb\"},\"inLanguage\":\"et\",\"potentialAction\":[{\"@type\":\"ReadAction\",\"target\":[\"https:\/\/martsipan.ee\/et\/product-et\/rahvuslille-korvoielille\/\"]}]},{\"@type\":\"ImageObject\",\"inLanguage\":\"et\",\"@id\":\"https:\/\/martsipan.ee\/et\/product-et\/rahvuslille-korvoielille\/#primaryimage\",\"url\":\"https:\/\/martsipan.ee\/wp-content\/uploads\/2023\/05\/16.png\",\"contentUrl\":\"https:\/\/martsipan.ee\/wp-content\/uploads\/2023\/05\/16.png\",\"width\":800,\"height\":800},{\"@type\":\"BreadcrumbList\",\"@id\":\"https:\/\/martsipan.ee\/et\/product-et\/rahvuslille-korvoielille\/#breadcrumb\",\"itemListElement\":[{\"@type\":\"ListItem\",\"position\":1,\"name\":\"Home\",\"item\":\"https:\/\/martsipan.ee\/et\/\"},{\"@type\":\"ListItem\",\"position\":2,\"name\":\"E-pood\",\"item\":\"https:\/\/martsipan.ee\/et\/e-pood\/\"},{\"@type\":\"ListItem\",\"position\":3,\"name\":\"Rahvuslill: Rukkilill\"}]},{\"@type\":\"WebSite\",\"@id\":\"https:\/\/martsipan.ee\/et\/#website\",\"url\":\"https:\/\/martsipan.ee\/et\/\",\"name\":\"Marzipan Gallery\",\"description\":\"\",\"publisher\":{\"@id\":\"https:\/\/martsipan.ee\/et\/#organization\"},\"potentialAction\":[{\"@type\":\"SearchAction\",\"target\":{\"@type\":\"EntryPoint\",\"urlTemplate\":\"https:\/\/martsipan.ee\/et\/?s={search_term_string}\"},\"query-input\":\"required name=search_term_string\"}],\"inLanguage\":\"et\"},{\"@type\":\"Organization\",\"@id\":\"https:\/\/martsipan.ee\/et\/#organization\",\"name\":\"Marzipan Gallery\",\"url\":\"https:\/\/martsipan.ee\/et\/\",\"logo\":{\"@type\":\"ImageObject\",\"inLanguage\":\"et\",\"@id\":\"https:\/\/martsipan.ee\/et\/#\/schema\/logo\/image\/\",\"url\":\"https:\/\/martsipan.ee\/wp-content\/uploads\/2021\/09\/MG.png\",\"contentUrl\":\"https:\/\/martsipan.ee\/wp-content\/uploads\/2021\/09\/MG.png\",\"width\":500,\"height\":500,\"caption\":\"Marzipan Gallery\"},\"image\":{\"@id\":\"https:\/\/martsipan.ee\/et\/#\/schema\/logo\/image\/\"},\"sameAs\":[\"https:\/\/www.facebook.com\/martsipanigalerii\",\"https:\/\/www.instagram.com\/marzipan_gallery\/\",\"https:\/\/www.youtube.com\/@marzipangallery\/featured\"]}]}<\/script>\n<!-- \/ Yoast SEO plugin. -->","yoast_head_json":{"title":"Rahvuslill: Rukkilill - Marzipan Gallery","robots":{"index":"index","follow":"follow","max-snippet":"max-snippet:-1","max-image-preview":"max-image-preview:large","max-video-preview":"max-video-preview:-1"},"canonical":"https:\/\/martsipan.ee\/et\/product-et\/rahvuslille-korvoielille\/","og_locale":"et_EE","og_type":"article","og_title":"Rahvuslill: Rukkilill - Marzipan Gallery","og_description":"Korv Eesti rahvuslike lilledega: Rukkilill.  + V\u00e4ike t\u00e4iendus: Eesti lipp, mis on valmistatud suhkrupaberist.  Ajalugu ja s\u00fcmboolika:  Peamiselt taliviljap\u00f5ldudel leiduv rukkilill on p\u00e4rit meie esivanemate r\u00e4ndest, kes t\u00f5id selle l\u00f5unapoolsetest piirkondadest.   Kuigi see toob lastele r\u00f5\u00f5mu, v\u00f5ib selle olemasolu olla p\u00f5llumeestele v\u00e4ljakutseks.   Kuigi alates 1968. aastast on rukkilill m\u00e4\u00e4ratud ainult eestlaste rahvuslilleks, on see j\u00e4tkuvalt s\u00fcmboliks erinevates riikides.","og_url":"https:\/\/martsipan.ee\/et\/product-et\/rahvuslille-korvoielille\/","og_site_name":"Marzipan Gallery","article_publisher":"https:\/\/www.facebook.com\/martsipanigalerii","article_modified_time":"2024-02-29T22:00:35+00:00","og_image":[{"width":800,"height":800,"url":"https:\/\/martsipan.ee\/wp-content\/uploads\/2023\/05\/16.png","type":"image\/png"}],"twitter_card":"summary_large_image","twitter_misc":{"Est. reading time":"1 minut"},"schema":{"@context":"https:\/\/schema.org","@graph":[{"@type":"WebPage","@id":"https:\/\/martsipan.ee\/et\/product-et\/rahvuslille-korvoielille\/","url":"https:\/\/martsipan.ee\/et\/product-et\/rahvuslille-korvoielille\/","name":"Rahvuslill: Rukkilill - Marzipan Gallery","isPartOf":{"@id":"https:\/\/martsipan.ee\/et\/#website"},"primaryImageOfPage":{"@id":"https:\/\/martsipan.ee\/et\/product-et\/rahvuslille-korvoielille\/#primaryimage"},"image":{"@id":"https:\/\/martsipan.ee\/et\/product-et\/rahvuslille-korvoielille\/#primaryimage"},"thumbnailUrl":"https:\/\/martsipan.ee\/wp-content\/uploads\/2023\/05\/16.png","datePublished":"2023-05-18T14:38:38+00:00","dateModified":"2024-02-29T22:00:35+00:00","breadcrumb":{"@id":"https:\/\/martsipan.ee\/et\/product-et\/rahvuslille-korvoielille\/#breadcrumb"},"inLanguage":"et","potentialAction":[{"@type":"ReadAction","target":["https:\/\/martsipan.ee\/et\/product-et\/rahvuslille-korvoielille\/"]}]},{"@type":"ImageObject","inLanguage":"et","@id":"https:\/\/martsipan.ee\/et\/product-et\/rahvuslille-korvoielille\/#primaryimage","url":"https:\/\/martsipan.ee\/wp-content\/uploads\/2023\/05\/16.png","contentUrl":"https:\/\/martsipan.ee\/wp-content\/uploads\/2023\/05\/16.png","width":800,"height":800},{"@type":"BreadcrumbList","@id":"https:\/\/martsipan.ee\/et\/product-et\/rahvuslille-korvoielille\/#breadcrumb","itemListElement":[{"@type":"ListItem","position":1,"name":"Home","item":"https:\/\/martsipan.ee\/et\/"},{"@type":"ListItem","position":2,"name":"E-pood","item":"https:\/\/martsipan.ee\/et\/e-pood\/"},{"@type":"ListItem","position":3,"name":"Rahvuslill: Rukkilill"}]},{"@type":"WebSite","@id":"https:\/\/martsipan.ee\/et\/#website","url":"https:\/\/martsipan.ee\/et\/","name":"Marzipan Gallery","description":"","publisher":{"@id":"https:\/\/martsipan.ee\/et\/#organization"},"potentialAction":[{"@type":"SearchAction","target":{"@type":"EntryPoint","urlTemplate":"https:\/\/martsipan.ee\/et\/?s={search_term_string}"},"query-input":"required name=search_term_string"}],"inLanguage":"et"},{"@type":"Organization","@id":"https:\/\/martsipan.ee\/et\/#organization","name":"Marzipan Gallery","url":"https:\/\/martsipan.ee\/et\/","logo":{"@type":"ImageObject","inLanguage":"et","@id":"https:\/\/martsipan.ee\/et\/#\/schema\/logo\/image\/","url":"https:\/\/martsipan.ee\/wp-content\/uploads\/2021\/09\/MG.png","contentUrl":"https:\/\/martsipan.ee\/wp-content\/uploads\/2021\/09\/MG.png","width":500,"height":500,"caption":"Marzipan Gallery"},"image":{"@id":"https:\/\/martsipan.ee\/et\/#\/schema\/logo\/image\/"},"sameAs":["https:\/\/www.facebook.com\/martsipanigalerii","https:\/\/www.instagram.com\/marzipan_gallery\/","https:\/\/www.youtube.com\/@marzipangallery\/featured"]}]}},"_links":{"self":[{"href":"https:\/\/martsipan.ee\/et\/wp-json\/wp\/v2\/product\/13163","targetHints":{"allow":["GET"]}}],"collection":[{"href":"https:\/\/martsipan.ee\/et\/wp-json\/wp\/v2\/product"}],"about":[{"href":"https:\/\/martsipan.ee\/et\/wp-json\/wp\/v2\/types\/product"}],"version-history":[{"count":3,"href":"https:\/\/martsipan.ee\/et\/wp-json\/wp\/v2\/product\/13163\/revisions"}],"predecessor-version":[{"id":14624,"href":"https:\/\/martsipan.ee\/et\/wp-json\/wp\/v2\/product\/13163\/revisions\/14624"}],"wp:featuredmedia":[{"embeddable":true,"href":"https:\/\/martsipan.ee\/et\/wp-json\/wp\/v2\/media\/13155"}],"wp:attachment":[{"href":"https:\/\/martsipan.ee\/et\/wp-json\/wp\/v2\/media?parent=13163"}],"wp:term":[{"taxonomy":"product_cat","embeddable":true,"href":"https:\/\/martsipan.ee\/et\/wp-json\/wp\/v2\/product_cat?post=13163"},{"taxonomy":"product_tag","embeddable":true,"href":"https:\/\/martsipan.ee\/et\/wp-json\/wp\/v2\/product_tag?post=13163"}],"curies":[{"name":"wp","href":"https:\/\/api.w.org\/{rel}","templated":true}]}}