{"id":5792,"date":"2021-03-07T15:40:43","date_gmt":"2021-03-07T13:40:43","guid":{"rendered":"https:\/\/martsipan.ee\/?page_id=5792"},"modified":"2024-08-23T13:29:22","modified_gmt":"2024-08-23T11:29:22","slug":"filosoofia","status":"publish","type":"page","link":"https:\/\/martsipan.ee\/et\/meist\/filosoofia\/","title":{"rendered":"Martsipani filosoofia"},"content":{"rendered":"\t\t<div data-elementor-type=\"wp-page\" data-elementor-id=\"5792\" class=\"elementor elementor-5792 elementor-136\" data-elementor-post-type=\"page\">\n\t\t\t\t<div class=\"elementor-element elementor-element-6e5ab9d e-con-full animated-slow e-flex elementor-invisible e-con e-parent\" data-id=\"6e5ab9d\" data-element_type=\"container\" data-settings=\"{&quot;background_background&quot;:&quot;classic&quot;,&quot;animation&quot;:&quot;fadeInDown&quot;}\">\n\t\t<div class=\"elementor-element elementor-element-5bd7dff e-con-full e-flex e-con e-child\" data-id=\"5bd7dff\" data-element_type=\"container\">\n\t\t\t\t<div class=\"elementor-element elementor-element-3889481 elementor-widget elementor-widget-woocommerce-breadcrumb\" data-id=\"3889481\" data-element_type=\"widget\" data-widget_type=\"woocommerce-breadcrumb.default\">\n\t\t\t\t<div class=\"elementor-widget-container\">\n\t\t\t<link rel=\"stylesheet\" href=\"https:\/\/martsipan.ee\/wp-content\/plugins\/elementor-pro\/assets\/css\/widget-woocommerce.min.css?ver=1723617906\"><nav class=\"woocommerce-breadcrumb\" aria-label=\"Breadcrumb\">Home<\/nav>\t\t<\/div>\n\t\t\t\t<\/div>\n\t\t\t\t<\/div>\n\t\t\t\t<\/div>\n\t\t<div class=\"elementor-element elementor-element-8d92b28 e-flex e-con-boxed elementor-invisible e-con e-parent\" data-id=\"8d92b28\" data-element_type=\"container\" data-settings=\"{&quot;background_background&quot;:&quot;classic&quot;,&quot;animation&quot;:&quot;fadeInUp&quot;}\">\n\t\t\t\t\t<div class=\"e-con-inner\">\n\t\t<div class=\"elementor-element elementor-element-0b4906d e-flex e-con-boxed e-con e-child\" data-id=\"0b4906d\" data-element_type=\"container\">\n\t\t\t\t\t<div class=\"e-con-inner\">\n\t\t\t\t<div class=\"elementor-element elementor-element-fa88219 elementor-widget elementor-widget-heading\" data-id=\"fa88219\" data-element_type=\"widget\" data-widget_type=\"heading.default\">\n\t\t\t\t<div class=\"elementor-widget-container\">\n\t\t\t<style>\/*! elementor - v3.23.0 - 05-08-2024 *\/\n.elementor-heading-title{padding:0;margin:0;line-height:1}.elementor-widget-heading .elementor-heading-title[class*=elementor-size-]>a{color:inherit;font-size:inherit;line-height:inherit}.elementor-widget-heading .elementor-heading-title.elementor-size-small{font-size:15px}.elementor-widget-heading .elementor-heading-title.elementor-size-medium{font-size:19px}.elementor-widget-heading .elementor-heading-title.elementor-size-large{font-size:29px}.elementor-widget-heading .elementor-heading-title.elementor-size-xl{font-size:39px}.elementor-widget-heading .elementor-heading-title.elementor-size-xxl{font-size:59px}<\/style><h1 class=\"elementor-heading-title elementor-size-default\">Martsipani\u00e4ri loomise ajalugu<\/h1>\t\t<\/div>\n\t\t\t\t<\/div>\n\t\t\t\t<div class=\"elementor-element elementor-element-7f02740 elementor-widget elementor-widget-heading\" data-id=\"7f02740\" data-element_type=\"widget\" data-widget_type=\"heading.default\">\n\t\t\t\t<div class=\"elementor-widget-container\">\n\t\t\t<h3 class=\"elementor-heading-title elementor-size-default\">Innovatsioon on lihtsalt olla t\u00e4na veidi parem kui eile<\/h3>\t\t<\/div>\n\t\t\t\t<\/div>\n\t\t\t\t<div class=\"elementor-element elementor-element-8e23477 elementor-widget elementor-widget-text-editor\" data-id=\"8e23477\" data-element_type=\"widget\" data-widget_type=\"text-editor.default\">\n\t\t\t\t<div class=\"elementor-widget-container\">\n\t\t\t<style>\/*! elementor - v3.23.0 - 05-08-2024 *\/\n.elementor-widget-text-editor.elementor-drop-cap-view-stacked .elementor-drop-cap{background-color:#69727d;color:#fff}.elementor-widget-text-editor.elementor-drop-cap-view-framed .elementor-drop-cap{color:#69727d;border:3px solid;background-color:transparent}.elementor-widget-text-editor:not(.elementor-drop-cap-view-default) .elementor-drop-cap{margin-top:8px}.elementor-widget-text-editor:not(.elementor-drop-cap-view-default) .elementor-drop-cap-letter{width:1em;height:1em}.elementor-widget-text-editor .elementor-drop-cap{float:left;text-align:center;line-height:1;font-size:50px}.elementor-widget-text-editor .elementor-drop-cap-letter{display:inline-block}<\/style>\t\t\t\t<p>Martsipanigalerii loomise idee tekkis galerii asutajatel v\u00e4lisreisil enam kui 20 aastat tagasi. Reisimine m\u00f6\u00f6da Kesk-Euroopa riike ja tutvumine nende \u00fchise kultuuritaustaga, aga ka nende erip\u00e4radega, inspireeris neid koju j\u00f5udes s\u00fcvenema oma kodumaa martsipanikultuuri.<\/p><p>Selgus, et isegi sellisel v\u00e4ikesel riigil nagu Eesti on midagi, mida jagada.<\/p>\t\t\t\t\t\t<\/div>\n\t\t\t\t<\/div>\n\t\t\t\t<div class=\"elementor-element elementor-element-700c561 elementor-widget elementor-widget-heading\" data-id=\"700c561\" data-element_type=\"widget\" data-widget_type=\"heading.default\">\n\t\t\t\t<div class=\"elementor-widget-container\">\n\t\t\t<h2 class=\"elementor-heading-title elementor-size-default\">Eesm\u00e4rgid ja unistused<\/h2>\t\t<\/div>\n\t\t\t\t<\/div>\n\t\t\t\t<div class=\"elementor-element elementor-element-d011536 elementor-widget elementor-widget-heading\" data-id=\"d011536\" data-element_type=\"widget\" data-widget_type=\"heading.default\">\n\t\t\t\t<div class=\"elementor-widget-container\">\n\t\t\t<h3 class=\"elementor-heading-title elementor-size-default\">Usuga l\u00e4hed sa v\u00e4ga kaugele<\/h3>\t\t<\/div>\n\t\t\t\t<\/div>\n\t\t\t\t<div class=\"elementor-element elementor-element-737e707 elementor-widget__width-initial elementor-widget elementor-widget-text-editor\" data-id=\"737e707\" data-element_type=\"widget\" data-widget_type=\"text-editor.default\">\n\t\t\t\t<div class=\"elementor-widget-container\">\n\t\t\t\t\t\t\t<p>Martsipanigalerii \u00fchendab endas mitu eesm\u00e4rki:<\/p>\t\t\t\t\t\t<\/div>\n\t\t\t\t<\/div>\n\t\t\t\t<div class=\"elementor-element elementor-element-07719f0 elementor-widget__width-initial elementor-widget-mobile__width-inherit elementor-widget elementor-widget-text-editor\" data-id=\"07719f0\" data-element_type=\"widget\" data-widget_type=\"text-editor.default\">\n\t\t\t\t<div class=\"elementor-widget-container\">\n\t\t\t\t\t\t\t<ul><li>Martsipani ajaloo edendamine<\/li><li>Koht Tallinna ajaloolises linnas, kus on p\u00f5nev kogu perega aega veeta<\/li><li>V\u00f5imalus n\u00e4idata oma andeid martsipani k\u00e4sit\u00f6\u00f6meistritele<\/li><\/ul>\t\t\t\t\t\t<\/div>\n\t\t\t\t<\/div>\n\t\t\t\t<div class=\"elementor-element elementor-element-480fe64 elementor-widget elementor-widget-heading\" data-id=\"480fe64\" data-element_type=\"widget\" data-widget_type=\"heading.default\">\n\t\t\t\t<div class=\"elementor-widget-container\">\n\t\t\t<h2 class=\"elementor-heading-title elementor-size-default\">Pereettev\u00f5te<\/h2>\t\t<\/div>\n\t\t\t\t<\/div>\n\t\t\t\t<div class=\"elementor-element elementor-element-3ad2d27 elementor-widget elementor-widget-heading\" data-id=\"3ad2d27\" data-element_type=\"widget\" data-widget_type=\"heading.default\">\n\t\t\t\t<div class=\"elementor-widget-container\">\n\t\t\t<h3 class=\"elementor-heading-title elementor-size-default\">Raskuste \u00fcletamine tugevdab suhteid<\/h3>\t\t<\/div>\n\t\t\t\t<\/div>\n\t\t\t\t<div class=\"elementor-element elementor-element-a103528 elementor-widget elementor-widget-text-editor\" data-id=\"a103528\" data-element_type=\"widget\" data-widget_type=\"text-editor.default\">\n\t\t\t\t<div class=\"elementor-widget-container\">\n\t\t\t\t\t\t\t<p>Kuigi meid tuntakse meie kodulinnas kui v\u00e4ikest pereettev\u00f5tet, on meie arenguloos palju lugusid, mis seovad kokku paljusid eri kultuuridest, vanustest ja vaadetest p\u00e4rit inimesi. Alustasime vaikselt, samm-sammult, ilma valjuh\u00e4\u00e4lseid avaldusi tegemata, arendasime ideid kartlikult ja ettevaatlikult ning n\u00fc\u00fcd v\u00f5ime olla uhked, et meie v\u00e4ikesesse martsipanif\u00e4nnide perre on lisandunud uusi liikmeid \u00fcle kogu maailma.<\/p><p>* Galerii on vanal aadressil suletud. Me teavitame teid, kui me avame selle uuel aadressil. Praegu saate tellida meie tooteid internetipoest v\u00f5i osta neid Tallinna Kaubamajast, saata meile eritellimusi ja tellida v\u00e4ljas\u00f5idutunde.<\/p>\t\t\t\t\t\t<\/div>\n\t\t\t\t<\/div>\n\t\t\t\t\t<\/div>\n\t\t\t\t<\/div>\n\t\t\t\t\t<\/div>\n\t\t\t\t<\/div>\n\t\t\t\t<\/div>\n\t\t","protected":false},"excerpt":{"rendered":"<p>Martsipani\u00e4ri loomise ajalugu Innovatsioon on lihtsalt olla t\u00e4na veidi parem kui eile Martsipanigalerii loomise idee tekkis galerii asutajatel v\u00e4lisreisil enam kui 20 aastat tagasi. Reisimine m\u00f6\u00f6da Kesk-Euroopa riike ja tutvumine nende \u00fchise kultuuritaustaga, aga ka nende erip\u00e4radega, inspireeris neid koju j\u00f5udes s\u00fcvenema oma kodumaa martsipanikultuuri. Selgus, et isegi sellisel v\u00e4ikesel riigil nagu Eesti on midagi, [&hellip;]<\/p>\n","protected":false},"author":1,"featured_media":0,"parent":5774,"menu_order":1,"comment_status":"closed","ping_status":"closed","template":"","meta":{"_acf_changed":false,"footnotes":""},"class_list":["post-5792","page","type-page","status-publish","hentry"],"acf":[],"yoast_head":"<!-- This site is optimized with the Yoast SEO plugin v23.2 - https:\/\/yoast.com\/wordpress\/plugins\/seo\/ -->\n<title>Martsipani filosoofia - Marzipan Gallery%<\/title>\n<meta name=\"description\" content=\"Selgus, et isegi sellisel v\u00e4ikesel riigil nagu Eesti on midagi, mida suure maailmaga jagada.\" \/>\n<meta name=\"robots\" content=\"index, follow, max-snippet:-1, max-image-preview:large, max-video-preview:-1\" \/>\n<link rel=\"canonical\" href=\"https:\/\/martsipan.ee\/et\/meist\/filosoofia\/\" \/>\n<meta property=\"og:locale\" content=\"et_EE\" \/>\n<meta property=\"og:type\" content=\"article\" \/>\n<meta property=\"og:title\" content=\"Martsipani filosoofia - Marzipan Gallery%\" \/>\n<meta property=\"og:description\" content=\"Selgus, et isegi sellisel v\u00e4ikesel riigil nagu Eesti on midagi, mida suure maailmaga jagada.\" \/>\n<meta property=\"og:url\" content=\"https:\/\/martsipan.ee\/et\/meist\/filosoofia\/\" \/>\n<meta property=\"og:site_name\" content=\"Marzipan Gallery\" \/>\n<meta property=\"article:publisher\" content=\"https:\/\/www.facebook.com\/martsipanigalerii\" \/>\n<meta property=\"article:modified_time\" content=\"2024-08-23T11:29:22+00:00\" \/>\n<meta name=\"twitter:card\" content=\"summary_large_image\" \/>\n<meta name=\"twitter:label1\" content=\"Est. reading time\" \/>\n\t<meta name=\"twitter:data1\" content=\"2 minutit\" \/>\n<script type=\"application\/ld+json\" class=\"yoast-schema-graph\">{\"@context\":\"https:\/\/schema.org\",\"@graph\":[{\"@type\":\"WebPage\",\"@id\":\"https:\/\/martsipan.ee\/et\/meist\/filosoofia\/\",\"url\":\"https:\/\/martsipan.ee\/et\/meist\/filosoofia\/\",\"name\":\"Martsipani filosoofia - Marzipan Gallery%\",\"isPartOf\":{\"@id\":\"https:\/\/martsipan.ee\/et\/#website\"},\"datePublished\":\"2021-03-07T13:40:43+00:00\",\"dateModified\":\"2024-08-23T11:29:22+00:00\",\"description\":\"Selgus, et isegi sellisel v\u00e4ikesel riigil nagu Eesti on midagi, mida suure maailmaga jagada.\",\"breadcrumb\":{\"@id\":\"https:\/\/martsipan.ee\/et\/meist\/filosoofia\/#breadcrumb\"},\"inLanguage\":\"et\",\"potentialAction\":[{\"@type\":\"ReadAction\",\"target\":[\"https:\/\/martsipan.ee\/et\/meist\/filosoofia\/\"]}]},{\"@type\":\"BreadcrumbList\",\"@id\":\"https:\/\/martsipan.ee\/et\/meist\/filosoofia\/#breadcrumb\",\"itemListElement\":[{\"@type\":\"ListItem\",\"position\":1,\"name\":\"Home\",\"item\":\"https:\/\/martsipan.ee\/et\/\"},{\"@type\":\"ListItem\",\"position\":2,\"name\":\"Meist\",\"item\":\"https:\/\/martsipan.ee\/et\/meist\/\"},{\"@type\":\"ListItem\",\"position\":3,\"name\":\"Martsipani filosoofia\"}]},{\"@type\":\"WebSite\",\"@id\":\"https:\/\/martsipan.ee\/et\/#website\",\"url\":\"https:\/\/martsipan.ee\/et\/\",\"name\":\"Marzipan Gallery\",\"description\":\"\",\"publisher\":{\"@id\":\"https:\/\/martsipan.ee\/et\/#organization\"},\"potentialAction\":[{\"@type\":\"SearchAction\",\"target\":{\"@type\":\"EntryPoint\",\"urlTemplate\":\"https:\/\/martsipan.ee\/et\/?s={search_term_string}\"},\"query-input\":\"required name=search_term_string\"}],\"inLanguage\":\"et\"},{\"@type\":\"Organization\",\"@id\":\"https:\/\/martsipan.ee\/et\/#organization\",\"name\":\"Marzipan Gallery\",\"url\":\"https:\/\/martsipan.ee\/et\/\",\"logo\":{\"@type\":\"ImageObject\",\"inLanguage\":\"et\",\"@id\":\"https:\/\/martsipan.ee\/et\/#\/schema\/logo\/image\/\",\"url\":\"https:\/\/martsipan.ee\/wp-content\/uploads\/2021\/09\/MG.png\",\"contentUrl\":\"https:\/\/martsipan.ee\/wp-content\/uploads\/2021\/09\/MG.png\",\"width\":500,\"height\":500,\"caption\":\"Marzipan Gallery\"},\"image\":{\"@id\":\"https:\/\/martsipan.ee\/et\/#\/schema\/logo\/image\/\"},\"sameAs\":[\"https:\/\/www.facebook.com\/martsipanigalerii\",\"https:\/\/www.instagram.com\/marzipan_gallery\/\",\"https:\/\/www.youtube.com\/@marzipangallery\/featured\"]}]}<\/script>\n<!-- \/ Yoast SEO plugin. -->","yoast_head_json":{"title":"Martsipani filosoofia - Marzipan Gallery%","description":"Selgus, et isegi sellisel v\u00e4ikesel riigil nagu Eesti on midagi, mida suure maailmaga jagada.","robots":{"index":"index","follow":"follow","max-snippet":"max-snippet:-1","max-image-preview":"max-image-preview:large","max-video-preview":"max-video-preview:-1"},"canonical":"https:\/\/martsipan.ee\/et\/meist\/filosoofia\/","og_locale":"et_EE","og_type":"article","og_title":"Martsipani filosoofia - Marzipan Gallery%","og_description":"Selgus, et isegi sellisel v\u00e4ikesel riigil nagu Eesti on midagi, mida suure maailmaga jagada.","og_url":"https:\/\/martsipan.ee\/et\/meist\/filosoofia\/","og_site_name":"Marzipan Gallery","article_publisher":"https:\/\/www.facebook.com\/martsipanigalerii","article_modified_time":"2024-08-23T11:29:22+00:00","twitter_card":"summary_large_image","twitter_misc":{"Est. reading time":"2 minutit"},"schema":{"@context":"https:\/\/schema.org","@graph":[{"@type":"WebPage","@id":"https:\/\/martsipan.ee\/et\/meist\/filosoofia\/","url":"https:\/\/martsipan.ee\/et\/meist\/filosoofia\/","name":"Martsipani filosoofia - Marzipan Gallery%","isPartOf":{"@id":"https:\/\/martsipan.ee\/et\/#website"},"datePublished":"2021-03-07T13:40:43+00:00","dateModified":"2024-08-23T11:29:22+00:00","description":"Selgus, et isegi sellisel v\u00e4ikesel riigil nagu Eesti on midagi, mida suure maailmaga jagada.","breadcrumb":{"@id":"https:\/\/martsipan.ee\/et\/meist\/filosoofia\/#breadcrumb"},"inLanguage":"et","potentialAction":[{"@type":"ReadAction","target":["https:\/\/martsipan.ee\/et\/meist\/filosoofia\/"]}]},{"@type":"BreadcrumbList","@id":"https:\/\/martsipan.ee\/et\/meist\/filosoofia\/#breadcrumb","itemListElement":[{"@type":"ListItem","position":1,"name":"Home","item":"https:\/\/martsipan.ee\/et\/"},{"@type":"ListItem","position":2,"name":"Meist","item":"https:\/\/martsipan.ee\/et\/meist\/"},{"@type":"ListItem","position":3,"name":"Martsipani filosoofia"}]},{"@type":"WebSite","@id":"https:\/\/martsipan.ee\/et\/#website","url":"https:\/\/martsipan.ee\/et\/","name":"Marzipan Gallery","description":"","publisher":{"@id":"https:\/\/martsipan.ee\/et\/#organization"},"potentialAction":[{"@type":"SearchAction","target":{"@type":"EntryPoint","urlTemplate":"https:\/\/martsipan.ee\/et\/?s={search_term_string}"},"query-input":"required name=search_term_string"}],"inLanguage":"et"},{"@type":"Organization","@id":"https:\/\/martsipan.ee\/et\/#organization","name":"Marzipan Gallery","url":"https:\/\/martsipan.ee\/et\/","logo":{"@type":"ImageObject","inLanguage":"et","@id":"https:\/\/martsipan.ee\/et\/#\/schema\/logo\/image\/","url":"https:\/\/martsipan.ee\/wp-content\/uploads\/2021\/09\/MG.png","contentUrl":"https:\/\/martsipan.ee\/wp-content\/uploads\/2021\/09\/MG.png","width":500,"height":500,"caption":"Marzipan Gallery"},"image":{"@id":"https:\/\/martsipan.ee\/et\/#\/schema\/logo\/image\/"},"sameAs":["https:\/\/www.facebook.com\/martsipanigalerii","https:\/\/www.instagram.com\/marzipan_gallery\/","https:\/\/www.youtube.com\/@marzipangallery\/featured"]}]}},"_links":{"self":[{"href":"https:\/\/martsipan.ee\/et\/wp-json\/wp\/v2\/pages\/5792","targetHints":{"allow":["GET"]}}],"collection":[{"href":"https:\/\/martsipan.ee\/et\/wp-json\/wp\/v2\/pages"}],"about":[{"href":"https:\/\/martsipan.ee\/et\/wp-json\/wp\/v2\/types\/page"}],"author":[{"embeddable":true,"href":"https:\/\/martsipan.ee\/et\/wp-json\/wp\/v2\/users\/1"}],"replies":[{"embeddable":true,"href":"https:\/\/martsipan.ee\/et\/wp-json\/wp\/v2\/comments?post=5792"}],"version-history":[{"count":30,"href":"https:\/\/martsipan.ee\/et\/wp-json\/wp\/v2\/pages\/5792\/revisions"}],"predecessor-version":[{"id":16139,"href":"https:\/\/martsipan.ee\/et\/wp-json\/wp\/v2\/pages\/5792\/revisions\/16139"}],"up":[{"embeddable":true,"href":"https:\/\/martsipan.ee\/et\/wp-json\/wp\/v2\/pages\/5774"}],"wp:attachment":[{"href":"https:\/\/martsipan.ee\/et\/wp-json\/wp\/v2\/media?parent=5792"}],"curies":[{"name":"wp","href":"https:\/\/api.w.org\/{rel}","templated":true}]}}