{"id":4454,"date":"2021-02-20T13:17:35","date_gmt":"2021-02-20T11:17:35","guid":{"rendered":"https:\/\/martsipan.ee\/?page_id=4454"},"modified":"2025-02-04T16:20:16","modified_gmt":"2025-02-04T14:20:16","slug":"privaatsuspoliitika","status":"publish","type":"page","link":"https:\/\/martsipan.ee\/et\/privaatsuspoliitika\/","title":{"rendered":"Privaatsuspoliitika"},"content":{"rendered":"\t\t<div data-elementor-type=\"wp-page\" data-elementor-id=\"4454\" class=\"elementor elementor-4454 elementor-3\" data-elementor-post-type=\"page\">\n\t\t\t\t<div class=\"elementor-element elementor-element-fc1bdcc e-con-full e-flex elementor-invisible e-con e-parent\" data-id=\"fc1bdcc\" data-element_type=\"container\" data-settings=\"{&quot;background_background&quot;:&quot;classic&quot;,&quot;animation&quot;:&quot;fadeInDown&quot;}\">\n\t\t<div class=\"elementor-element elementor-element-bb5c29c e-con-full e-flex e-con e-child\" data-id=\"bb5c29c\" data-element_type=\"container\">\n\t\t\t\t<div class=\"elementor-element elementor-element-c6bbbf0 elementor-widget elementor-widget-woocommerce-breadcrumb\" data-id=\"c6bbbf0\" data-element_type=\"widget\" data-widget_type=\"woocommerce-breadcrumb.default\">\n\t\t\t\t<div class=\"elementor-widget-container\">\n\t\t\t<link rel=\"stylesheet\" href=\"https:\/\/martsipan.ee\/wp-content\/plugins\/elementor-pro\/assets\/css\/widget-woocommerce.min.css?ver=1723617906\"><nav class=\"woocommerce-breadcrumb\" aria-label=\"Breadcrumb\">Home<\/nav>\t\t<\/div>\n\t\t\t\t<\/div>\n\t\t\t\t<\/div>\n\t\t\t\t<\/div>\n\t\t<div class=\"elementor-element elementor-element-8ee9a72 e-flex e-con-boxed e-con e-parent\" data-id=\"8ee9a72\" data-element_type=\"container\">\n\t\t\t\t\t<div class=\"e-con-inner\">\n\t\t<div class=\"elementor-element elementor-element-3121d02 e-con-full e-flex e-con e-child\" data-id=\"3121d02\" data-element_type=\"container\">\n\t\t\t\t<div class=\"elementor-element elementor-element-2c71b17 elementor-widget elementor-widget-heading\" data-id=\"2c71b17\" data-element_type=\"widget\" data-widget_type=\"heading.default\">\n\t\t\t\t<div class=\"elementor-widget-container\">\n\t\t\t<style>\/*! elementor - v3.23.0 - 05-08-2024 *\/\n.elementor-heading-title{padding:0;margin:0;line-height:1}.elementor-widget-heading .elementor-heading-title[class*=elementor-size-]>a{color:inherit;font-size:inherit;line-height:inherit}.elementor-widget-heading .elementor-heading-title.elementor-size-small{font-size:15px}.elementor-widget-heading .elementor-heading-title.elementor-size-medium{font-size:19px}.elementor-widget-heading .elementor-heading-title.elementor-size-large{font-size:29px}.elementor-widget-heading .elementor-heading-title.elementor-size-xl{font-size:39px}.elementor-widget-heading .elementor-heading-title.elementor-size-xxl{font-size:59px}<\/style><h2 class=\"elementor-heading-title elementor-size-default\">Marzipan Galerii privaatsuspoliitika<\/h2>\t\t<\/div>\n\t\t\t\t<\/div>\n\t\t\t\t<div class=\"elementor-element elementor-element-8b7e7fe elementor-widget elementor-widget-text-editor\" data-id=\"8b7e7fe\" data-element_type=\"widget\" data-widget_type=\"text-editor.default\">\n\t\t\t\t<div class=\"elementor-widget-container\">\n\t\t\t<style>\/*! elementor - v3.23.0 - 05-08-2024 *\/\n.elementor-widget-text-editor.elementor-drop-cap-view-stacked .elementor-drop-cap{background-color:#69727d;color:#fff}.elementor-widget-text-editor.elementor-drop-cap-view-framed .elementor-drop-cap{color:#69727d;border:3px solid;background-color:transparent}.elementor-widget-text-editor:not(.elementor-drop-cap-view-default) .elementor-drop-cap{margin-top:8px}.elementor-widget-text-editor:not(.elementor-drop-cap-view-default) .elementor-drop-cap-letter{width:1em;height:1em}.elementor-widget-text-editor .elementor-drop-cap{float:left;text-align:center;line-height:1;font-size:50px}.elementor-widget-text-editor .elementor-drop-cap-letter{display:inline-block}<\/style>\t\t\t\t<p>Privaatsuspoliitika <br \/>Viimati uuendatud 04-Veebruar-2025<br \/>J\u00f5ustumiskuup\u00e4ev 06-Veebruar-2025<\/p><p>K\u00e4esolev privaatsuspoliitika kirjeldab Marzipan Guide O\u00dc, juriidiline aadress (mitte k\u00fclastamiseks) Vana-Kuuli tn 15\/1-27, Lasnam\u00e4e linnaosa, Tallinn, Harju maakond, 13619, Eesti, e-post: info@martsipan.ee, poliitikaid seoses teie andmete kogumise, kasutamise ja avalikustamisega, mida me kogume meie veebilehe ( https:\/\/martsipan.ee ) kasutamisel. (edaspidi &#8220;teenus&#8221;). Teenusele juurdep\u00e4\u00e4suga v\u00f5i selle kasutamisega annate n\u00f5usoleku oma andmete kogumiseks, kasutamiseks ja avaldamiseks vastavalt k\u00e4esolevale privaatsuspoliitikale. Kui te sellega ei n\u00f5ustu, siis \u00e4rge kasutage Teenust ega p\u00e4\u00e4sete sellele ligi. <br \/>Me v\u00f5ime k\u00e4esolevat privaatsuspoliitikat igal ajal ilma teid eelnevalt teavitamata muuta ja avaldame muudetud privaatsuspoliitikat Teenuses. Muudetud poliitika j\u00f5ustub 180 p\u00e4eva p\u00e4rast muudetud poliitika avaldamist Teenuses ja teie j\u00e4tkuv juurdep\u00e4\u00e4s Teenusele v\u00f5i selle kasutamine p\u00e4rast seda aega t\u00e4hendab, et te n\u00f5ustute muudetud privaatsuspoliitikaga. Seet\u00f5ttu soovitame teil seda lehek\u00fclge regulaarselt \u00fcle vaadata.<\/p><p>Kogutud teave: <br \/>Me kogume ja t\u00f6\u00f6tleme teie kohta j\u00e4rgmisi isikuandmeid:<\/p><p>Nimi<br \/>E-post<br \/>Mobiilne<br \/>Aadress<br \/>Makseteave<\/p><p>Kuidas me teie andmeid kasutame: <br \/>Me kasutame teie kohta kogutud teavet j\u00e4rgmistel eesm\u00e4rkidel:<\/p><p>Turundus\/ reklaam<br \/>Tunnistused<br \/>Sihtotstarbeline reklaam<br \/>Halda kliendi tellimust<br \/>Ehitusplatsi kaitse<br \/>Kui me soovime kasutada teie andmeid mis tahes muul eesm\u00e4rgil, k\u00fcsime teilt n\u00f5usolekut ja kasutame teie andmeid ainult teie n\u00f5usoleku saamisel ja siis ainult selleks(t)el eesm\u00e4rgil(t)el, milleks me n\u00f5usoleku andsime, v\u00e4lja arvatud juhul, kui seadus n\u00f5uab meilt teisiti.<\/p><p>Kuidas me teie andmeid jagame: <br \/>Me ei edasta teie isikuandmeid kolmandatele isikutele ilma teie n\u00f5usolekut k\u00fcsimata, v\u00e4lja arvatud allpool kirjeldatud piiratud juhtudel:<\/p><p>Reklaamiteenus<br \/>Anal\u00fc\u00fctika<br \/>Andmete kogumine ja t\u00f6\u00f6tlemine<br \/>N\u00f5uame sellistelt kolmandatelt isikutelt, et nad kasutaksid neile edastatud isikuandmeid ainult sellel eesm\u00e4rgil, milleks need edastati, ning ei s\u00e4ilitaks neid kauem, kui on vaja nimetatud eesm\u00e4rgi t\u00e4itmiseks. <br \/>Me v\u00f5ime avaldada teie isikuandmeid ka j\u00e4rgmistel eesm\u00e4rkidel: (1) kohaldatava seaduse, m\u00e4\u00e4ruse, kohtum\u00e4\u00e4ruse v\u00f5i muu \u00f5igusliku menetluse t\u00e4itmiseks; (2) meiega s\u00f5lmitud lepingute, sealhulgas k\u00e4esoleva privaatsuspoliitika j\u00f5ustamiseks; v\u00f5i (3) vastuseks v\u00e4idetele, et teie poolt teenuse kasutamine rikub kolmandate isikute \u00f5igusi. Kui teenus v\u00f5i meie ettev\u00f5te \u00fchineb v\u00f5i omandatakse teise ettev\u00f5ttega, on teie andmed \u00fcks varadest, mis l\u00e4heb \u00fcle uuele omanikule.<\/p><p>Teie andmete s\u00e4ilitamine: <br \/>Me s\u00e4ilitame teie isikuandmeid 90 p\u00e4eva kuni 2 aastat p\u00e4rast kasutajakontode kasutamata j\u00e4tmist v\u00f5i nii kaua, kui meil on neid vaja nende eesm\u00e4rkide t\u00e4itmiseks, milleks need koguti, nagu on \u00fcksikasjalikult kirjeldatud k\u00e4esolevas privaatsuspoliitikas. Meil v\u00f5ib olla vaja s\u00e4ilitada teatud teavet pikema aja jooksul, n\u00e4iteks andmete s\u00e4ilitamiseks \/ aruandluseks vastavalt kohaldatavale seadusele v\u00f5i muudel \u00f5igustatud p\u00f5hjustel, nagu seaduslike \u00f5iguste j\u00f5ustamine, pettuste ennetamine jne. Anon\u00fc\u00fcmset j\u00e4\u00e4kteavet ja koondteavet, millest kumbki ei v\u00f5imalda teid (otseselt ega kaudselt) tuvastada, v\u00f5ib s\u00e4ilitada t\u00e4htajatult.<\/p><p>Teie \u00f5igused: <br \/>S\u00f5ltuvalt kohaldatavast seadusest v\u00f5ib teil olla \u00f5igus tutvuda oma isikuandmetega ja neid parandada v\u00f5i kustutada v\u00f5i saada nende koopia, piirata v\u00f5i vaidlustada teie andmete aktiivset t\u00f6\u00f6tlemist, paluda meil jagada (portida) teie isikuandmeid teisele \u00fcksusele, v\u00f5tta tagasi teie poolt meile antud n\u00f5usolek teie andmete t\u00f6\u00f6tlemiseks, \u00f5igus esitada kaebus seadusj\u00e4rgsele asutusele ja muud \u00f5igused, mis v\u00f5ivad olla asjakohased vastavalt kohaldatavale seadusele. Nende \u00f5iguste kasutamiseks v\u00f5ite kirjutada meile aadressil info@martsipan.ee. Me vastame teie taotlusele vastavalt kohaldatavale \u00f5igusele. <br \/>Te v\u00f5ite loobuda otseturunduss\u00f5numitest v\u00f5i meie poolt turunduslikel eesm\u00e4rkidel teostatavast profileerimisest, kirjutades meile aadressil info@martsipan.ee. <br \/>Pange t\u00e4hele, et kui te ei luba meil koguda v\u00f5i t\u00f6\u00f6delda n\u00f5utud isikuandmeid v\u00f5i v\u00f5tate tagasi n\u00f5usoleku nende t\u00f6\u00f6tlemiseks n\u00f5utud eesm\u00e4rkidel, ei pruugi teil olla v\u00f5imalik p\u00e4\u00e4seda juurde v\u00f5i kasutada teenuseid, mille jaoks teie andmeid taotleti.<\/p><p>K\u00fcpsised jne. <br \/>Lisateavet selle kohta, kuidas me neid kasutame ja teie valikute kohta seoses nende j\u00e4lgimistehnoloogiatega, leiate meie k\u00fcpsiste poliitikast.<\/p><p>Turvalisus: <br \/>Teie andmete turvalisus on meile oluline ja me kasutame m\u00f5istlikke turvameetmeid, et v\u00e4ltida meie kontrolli all olevate andmete kadumist, v\u00e4\u00e4rkasutamist v\u00f5i loata muutmist. Arvestades sellega kaasnevaid riske, ei saa me siiski tagada absoluutset turvalisust ja seega ei saa me tagada ega garanteerida meile edastatud teabe turvalisust ning teete seda omal vastutusel.<\/p><p>Kaebuste \/ andmekaitseametnik: <br \/>Kui teil on k\u00fcsimusi v\u00f5i muresid seoses teie andmete t\u00f6\u00f6tlemisega, mis on meil olemas, v\u00f5ite kirjutada meie kaebuste lahendamise eest vastutavale ametlikule e-posti aadressile: info@martsipan.ee. Me k\u00e4sitleme teie muresid vastavalt kohaldatavale \u00f5igusele.<\/p>\t\t\t\t\t\t<\/div>\n\t\t\t\t<\/div>\n\t\t\t\t<\/div>\n\t\t\t\t\t<\/div>\n\t\t\t\t<\/div>\n\t\t\t\t<\/div>\n\t\t","protected":false},"excerpt":{"rendered":"<p>Marzipan Galerii privaatsuspoliitika Privaatsuspoliitika Viimati uuendatud 04-Veebruar-2025J\u00f5ustumiskuup\u00e4ev 06-Veebruar-2025 K\u00e4esolev privaatsuspoliitika kirjeldab Marzipan Guide O\u00dc, juriidiline aadress (mitte k\u00fclastamiseks) Vana-Kuuli tn 15\/1-27, Lasnam\u00e4e linnaosa, Tallinn, Harju maakond, 13619, Eesti, e-post: info@martsipan.ee, poliitikaid seoses teie andmete kogumise, kasutamise ja avalikustamisega, mida me kogume meie veebilehe ( https:\/\/martsipan.ee ) kasutamisel. (edaspidi &#8220;teenus&#8221;). Teenusele juurdep\u00e4\u00e4suga v\u00f5i selle kasutamisega annate [&hellip;]<\/p>\n","protected":false},"author":1,"featured_media":0,"parent":0,"menu_order":14,"comment_status":"closed","ping_status":"closed","template":"","meta":{"_acf_changed":false,"footnotes":""},"class_list":["post-4454","page","type-page","status-publish","hentry"],"acf":[],"yoast_head":"<!-- This site is optimized with the Yoast SEO plugin v23.2 - https:\/\/yoast.com\/wordpress\/plugins\/seo\/ -->\n<title>Privaatsuspoliitika - Marzipan Gallery<\/title>\n<meta name=\"description\" content=\"Marzipan Galerii veebileht ja veebipood Privaatsuspoliitika\" \/>\n<meta name=\"robots\" content=\"index, follow, max-snippet:-1, max-image-preview:large, max-video-preview:-1\" \/>\n<link rel=\"canonical\" href=\"https:\/\/martsipan.ee\/et\/privaatsuspoliitika\/\" \/>\n<meta property=\"og:locale\" content=\"et_EE\" \/>\n<meta property=\"og:type\" content=\"article\" \/>\n<meta property=\"og:title\" content=\"Privaatsuspoliitika - Marzipan Gallery\" \/>\n<meta property=\"og:description\" content=\"Marzipan Galerii veebileht ja veebipood Privaatsuspoliitika\" \/>\n<meta property=\"og:url\" content=\"https:\/\/martsipan.ee\/et\/privaatsuspoliitika\/\" \/>\n<meta property=\"og:site_name\" content=\"Marzipan Gallery\" \/>\n<meta property=\"article:publisher\" content=\"https:\/\/www.facebook.com\/martsipanigalerii\" \/>\n<meta property=\"article:modified_time\" content=\"2025-02-04T14:20:16+00:00\" \/>\n<meta name=\"twitter:card\" content=\"summary_large_image\" \/>\n<meta name=\"twitter:label1\" content=\"Est. reading time\" \/>\n\t<meta name=\"twitter:data1\" content=\"4 minutit\" \/>\n<script type=\"application\/ld+json\" class=\"yoast-schema-graph\">{\"@context\":\"https:\/\/schema.org\",\"@graph\":[{\"@type\":\"WebPage\",\"@id\":\"https:\/\/martsipan.ee\/et\/privaatsuspoliitika\/\",\"url\":\"https:\/\/martsipan.ee\/et\/privaatsuspoliitika\/\",\"name\":\"Privaatsuspoliitika - Marzipan Gallery\",\"isPartOf\":{\"@id\":\"https:\/\/martsipan.ee\/et\/#website\"},\"datePublished\":\"2021-02-20T11:17:35+00:00\",\"dateModified\":\"2025-02-04T14:20:16+00:00\",\"description\":\"Marzipan Galerii veebileht ja veebipood Privaatsuspoliitika\",\"breadcrumb\":{\"@id\":\"https:\/\/martsipan.ee\/et\/privaatsuspoliitika\/#breadcrumb\"},\"inLanguage\":\"et\",\"potentialAction\":[{\"@type\":\"ReadAction\",\"target\":[\"https:\/\/martsipan.ee\/et\/privaatsuspoliitika\/\"]}]},{\"@type\":\"BreadcrumbList\",\"@id\":\"https:\/\/martsipan.ee\/et\/privaatsuspoliitika\/#breadcrumb\",\"itemListElement\":[{\"@type\":\"ListItem\",\"position\":1,\"name\":\"Home\",\"item\":\"https:\/\/martsipan.ee\/et\/\"},{\"@type\":\"ListItem\",\"position\":2,\"name\":\"Privaatsuspoliitika\"}]},{\"@type\":\"WebSite\",\"@id\":\"https:\/\/martsipan.ee\/et\/#website\",\"url\":\"https:\/\/martsipan.ee\/et\/\",\"name\":\"Marzipan Gallery\",\"description\":\"\",\"publisher\":{\"@id\":\"https:\/\/martsipan.ee\/et\/#organization\"},\"potentialAction\":[{\"@type\":\"SearchAction\",\"target\":{\"@type\":\"EntryPoint\",\"urlTemplate\":\"https:\/\/martsipan.ee\/et\/?s={search_term_string}\"},\"query-input\":\"required name=search_term_string\"}],\"inLanguage\":\"et\"},{\"@type\":\"Organization\",\"@id\":\"https:\/\/martsipan.ee\/et\/#organization\",\"name\":\"Marzipan Gallery\",\"url\":\"https:\/\/martsipan.ee\/et\/\",\"logo\":{\"@type\":\"ImageObject\",\"inLanguage\":\"et\",\"@id\":\"https:\/\/martsipan.ee\/et\/#\/schema\/logo\/image\/\",\"url\":\"https:\/\/martsipan.ee\/wp-content\/uploads\/2021\/09\/MG.png\",\"contentUrl\":\"https:\/\/martsipan.ee\/wp-content\/uploads\/2021\/09\/MG.png\",\"width\":500,\"height\":500,\"caption\":\"Marzipan Gallery\"},\"image\":{\"@id\":\"https:\/\/martsipan.ee\/et\/#\/schema\/logo\/image\/\"},\"sameAs\":[\"https:\/\/www.facebook.com\/martsipanigalerii\",\"https:\/\/www.instagram.com\/marzipan_gallery\/\",\"https:\/\/www.youtube.com\/@marzipangallery\/featured\"]}]}<\/script>\n<!-- \/ Yoast SEO plugin. -->","yoast_head_json":{"title":"Privaatsuspoliitika - Marzipan Gallery","description":"Marzipan Galerii veebileht ja veebipood Privaatsuspoliitika","robots":{"index":"index","follow":"follow","max-snippet":"max-snippet:-1","max-image-preview":"max-image-preview:large","max-video-preview":"max-video-preview:-1"},"canonical":"https:\/\/martsipan.ee\/et\/privaatsuspoliitika\/","og_locale":"et_EE","og_type":"article","og_title":"Privaatsuspoliitika - Marzipan Gallery","og_description":"Marzipan Galerii veebileht ja veebipood Privaatsuspoliitika","og_url":"https:\/\/martsipan.ee\/et\/privaatsuspoliitika\/","og_site_name":"Marzipan Gallery","article_publisher":"https:\/\/www.facebook.com\/martsipanigalerii","article_modified_time":"2025-02-04T14:20:16+00:00","twitter_card":"summary_large_image","twitter_misc":{"Est. reading time":"4 minutit"},"schema":{"@context":"https:\/\/schema.org","@graph":[{"@type":"WebPage","@id":"https:\/\/martsipan.ee\/et\/privaatsuspoliitika\/","url":"https:\/\/martsipan.ee\/et\/privaatsuspoliitika\/","name":"Privaatsuspoliitika - Marzipan Gallery","isPartOf":{"@id":"https:\/\/martsipan.ee\/et\/#website"},"datePublished":"2021-02-20T11:17:35+00:00","dateModified":"2025-02-04T14:20:16+00:00","description":"Marzipan Galerii veebileht ja veebipood Privaatsuspoliitika","breadcrumb":{"@id":"https:\/\/martsipan.ee\/et\/privaatsuspoliitika\/#breadcrumb"},"inLanguage":"et","potentialAction":[{"@type":"ReadAction","target":["https:\/\/martsipan.ee\/et\/privaatsuspoliitika\/"]}]},{"@type":"BreadcrumbList","@id":"https:\/\/martsipan.ee\/et\/privaatsuspoliitika\/#breadcrumb","itemListElement":[{"@type":"ListItem","position":1,"name":"Home","item":"https:\/\/martsipan.ee\/et\/"},{"@type":"ListItem","position":2,"name":"Privaatsuspoliitika"}]},{"@type":"WebSite","@id":"https:\/\/martsipan.ee\/et\/#website","url":"https:\/\/martsipan.ee\/et\/","name":"Marzipan Gallery","description":"","publisher":{"@id":"https:\/\/martsipan.ee\/et\/#organization"},"potentialAction":[{"@type":"SearchAction","target":{"@type":"EntryPoint","urlTemplate":"https:\/\/martsipan.ee\/et\/?s={search_term_string}"},"query-input":"required name=search_term_string"}],"inLanguage":"et"},{"@type":"Organization","@id":"https:\/\/martsipan.ee\/et\/#organization","name":"Marzipan Gallery","url":"https:\/\/martsipan.ee\/et\/","logo":{"@type":"ImageObject","inLanguage":"et","@id":"https:\/\/martsipan.ee\/et\/#\/schema\/logo\/image\/","url":"https:\/\/martsipan.ee\/wp-content\/uploads\/2021\/09\/MG.png","contentUrl":"https:\/\/martsipan.ee\/wp-content\/uploads\/2021\/09\/MG.png","width":500,"height":500,"caption":"Marzipan Gallery"},"image":{"@id":"https:\/\/martsipan.ee\/et\/#\/schema\/logo\/image\/"},"sameAs":["https:\/\/www.facebook.com\/martsipanigalerii","https:\/\/www.instagram.com\/marzipan_gallery\/","https:\/\/www.youtube.com\/@marzipangallery\/featured"]}]}},"_links":{"self":[{"href":"https:\/\/martsipan.ee\/et\/wp-json\/wp\/v2\/pages\/4454","targetHints":{"allow":["GET"]}}],"collection":[{"href":"https:\/\/martsipan.ee\/et\/wp-json\/wp\/v2\/pages"}],"about":[{"href":"https:\/\/martsipan.ee\/et\/wp-json\/wp\/v2\/types\/page"}],"author":[{"embeddable":true,"href":"https:\/\/martsipan.ee\/et\/wp-json\/wp\/v2\/users\/1"}],"replies":[{"embeddable":true,"href":"https:\/\/martsipan.ee\/et\/wp-json\/wp\/v2\/comments?post=4454"}],"version-history":[{"count":20,"href":"https:\/\/martsipan.ee\/et\/wp-json\/wp\/v2\/pages\/4454\/revisions"}],"predecessor-version":[{"id":16614,"href":"https:\/\/martsipan.ee\/et\/wp-json\/wp\/v2\/pages\/4454\/revisions\/16614"}],"wp:attachment":[{"href":"https:\/\/martsipan.ee\/et\/wp-json\/wp\/v2\/media?parent=4454"}],"curies":[{"name":"wp","href":"https:\/\/api.w.org\/{rel}","templated":true}]}}