{"id":4447,"date":"2023-01-05T13:44:53","date_gmt":"2023-01-05T11:44:53","guid":{"rendered":"https:\/\/martsipan.ee\/?page_id=4447"},"modified":"2023-05-19T15:11:22","modified_gmt":"2023-05-19T13:11:22","slug":"kupsiste-poliitika","status":"publish","type":"page","link":"https:\/\/martsipan.ee\/et\/kupsiste-poliitika\/","title":{"rendered":"K\u00fcpsiste poliitika"},"content":{"rendered":"\t\t<div data-elementor-type=\"wp-page\" data-elementor-id=\"4447\" class=\"elementor elementor-4447 elementor-4445\" data-elementor-post-type=\"page\">\n\t\t\t\t<div class=\"elementor-element elementor-element-0663972 e-con-full e-flex elementor-invisible e-con e-parent\" data-id=\"0663972\" data-element_type=\"container\" data-settings=\"{&quot;background_background&quot;:&quot;classic&quot;,&quot;animation&quot;:&quot;fadeInDown&quot;}\">\n\t\t<div class=\"elementor-element elementor-element-f12a876 e-con-full e-flex e-con e-parent\" data-id=\"f12a876\" data-element_type=\"container\">\n\t\t\t\t<div class=\"elementor-element elementor-element-052505e elementor-widget elementor-widget-woocommerce-breadcrumb\" data-id=\"052505e\" data-element_type=\"widget\" data-widget_type=\"woocommerce-breadcrumb.default\">\n\t\t\t\t<div class=\"elementor-widget-container\">\n\t\t\t<link rel=\"stylesheet\" href=\"https:\/\/martsipan.ee\/wp-content\/plugins\/elementor-pro\/assets\/css\/widget-woocommerce.min.css?ver=1723617906\"><nav class=\"woocommerce-breadcrumb\" aria-label=\"Breadcrumb\">Home<\/nav>\t\t<\/div>\n\t\t\t\t<\/div>\n\t\t\t\t<\/div>\n\t\t\t\t<\/div>\n\t\t<div class=\"elementor-element elementor-element-769a4ff e-flex e-con-boxed e-con e-parent\" data-id=\"769a4ff\" data-element_type=\"container\">\n\t\t\t\t\t<div class=\"e-con-inner\">\n\t\t<div class=\"elementor-element elementor-element-3144177 e-con-full e-flex e-con e-parent\" data-id=\"3144177\" data-element_type=\"container\">\n\t\t\t\t<div class=\"elementor-element elementor-element-3eea8a5 elementor-widget elementor-widget-heading\" data-id=\"3eea8a5\" data-element_type=\"widget\" data-widget_type=\"heading.default\">\n\t\t\t\t<div class=\"elementor-widget-container\">\n\t\t\t<style>\/*! elementor - v3.23.0 - 05-08-2024 *\/\n.elementor-heading-title{padding:0;margin:0;line-height:1}.elementor-widget-heading .elementor-heading-title[class*=elementor-size-]>a{color:inherit;font-size:inherit;line-height:inherit}.elementor-widget-heading .elementor-heading-title.elementor-size-small{font-size:15px}.elementor-widget-heading .elementor-heading-title.elementor-size-medium{font-size:19px}.elementor-widget-heading .elementor-heading-title.elementor-size-large{font-size:29px}.elementor-widget-heading .elementor-heading-title.elementor-size-xl{font-size:39px}.elementor-widget-heading .elementor-heading-title.elementor-size-xxl{font-size:59px}<\/style><h2 class=\"elementor-heading-title elementor-size-default\">Marzipan Galerii k\u00fcpsiste poliitika<\/h2>\t\t<\/div>\n\t\t\t\t<\/div>\n\t\t\t\t<div class=\"elementor-element elementor-element-377b8fa elementor-widget elementor-widget-text-editor\" data-id=\"377b8fa\" data-element_type=\"widget\" data-widget_type=\"text-editor.default\">\n\t\t\t\t<div class=\"elementor-widget-container\">\n\t\t\t<style>\/*! elementor - v3.23.0 - 05-08-2024 *\/\n.elementor-widget-text-editor.elementor-drop-cap-view-stacked .elementor-drop-cap{background-color:#69727d;color:#fff}.elementor-widget-text-editor.elementor-drop-cap-view-framed .elementor-drop-cap{color:#69727d;border:3px solid;background-color:transparent}.elementor-widget-text-editor:not(.elementor-drop-cap-view-default) .elementor-drop-cap{margin-top:8px}.elementor-widget-text-editor:not(.elementor-drop-cap-view-default) .elementor-drop-cap-letter{width:1em;height:1em}.elementor-widget-text-editor .elementor-drop-cap{float:left;text-align:center;line-height:1;font-size:50px}.elementor-widget-text-editor .elementor-drop-cap-letter{display:inline-block}<\/style>\t\t\t\t<p>See on Marzipan Galerii k\u00fcpsiste poliitika, mis on k\u00e4ttesaadav aadressil https:\/\/martsipan.ee.<\/p>\n<p><strong>Mis on k\u00fcpsised<\/strong><\/p>\n<p>Nagu peaaegu k\u00f5igil professionaalsetel veebisaitidel on tavaks, kasutab see sait k\u00fcpsiseid, mis on v\u00e4ikesed failid, mis laaditakse teie arvutisse, et parandada teie kasutuskogemust. Sellel lehek\u00fcljel kirjeldatakse, millist teavet nad koguvad, kuidas me seda kasutame ja miks me m\u00f5nikord neid k\u00fcpsiseid salvestame. Me jagame ka seda, kuidas te saate nende k\u00fcpsiste salvestamist takistada, kuid see v\u00f5ib siiski v\u00e4hendada v\u00f5i &#8220;katkestada&#8221; saitide teatud funktsionaalsuse elemente.<\/p>\n<p><strong>Kuidas me kasutame k\u00fcpsiseid<\/strong><\/p>\n<p>Me kasutame k\u00fcpsiseid mitmel allpool kirjeldatud p\u00f5hjusel. Kahjuks ei ole enamasti olemas t\u00f6\u00f6stusharu standardseid v\u00f5imalusi k\u00fcpsiste keelamiseks, ilma et need keelaksid t\u00e4ielikult selle saidi funktsionaalsuse ja funktsioonid, mida nad lisavad. Soovitatav on j\u00e4tta k\u00f5ik k\u00fcpsised sisse, kui te ei ole kindel, kas te vajate neid v\u00f5i mitte, juhul kui neid kasutatakse teie poolt kasutatava teenuse osutamiseks.<\/p>\n<p><strong>K\u00fcpsiste keelamine<\/strong><\/p>\n<p>Saate k\u00fcpsiste seadistamist takistada, muutes oma brauseri seadeid (vt selle kohta brauseri abi). Pidage meeles, et k\u00fcpsiste keelamine m\u00f5jutab selle ja paljude teiste k\u00fclastatavate veebisaitide funktsionaalsust. K\u00fcpsiste v\u00e4ljal\u00fclitamine toob tavaliselt kaasa ka selle saidi teatud funktsioonide ja omaduste v\u00e4ljal\u00fclitamise. Seet\u00f5ttu on soovitatav, et te ei keelaks k\u00fcpsiste kasutamist. <\/p>\n<p><strong>Meie seatud k\u00fcpsised<\/strong><\/p>\n<ul>\n<li>\n<p>Uudiskirjadega seotud k\u00fcpsised<\/p>\n<p>See sait pakub uudiskirja v\u00f5i e-posti tellimise teenuseid ja k\u00fcpsiseid v\u00f5idakse kasutada selleks, et m\u00e4letada, kas olete juba registreeritud ja kas n\u00e4idata teatavaid teateid, mis v\u00f5ivad kehtida ainult tellitud\/mittetellitud kasutajatele.<\/p>\n<\/li>\n<li>\n<p>Tellimuste t\u00f6\u00f6tlemisega seotud k\u00fcpsised<\/p>\n<p>See veebileht pakub e-kaubanduse v\u00f5i maksev\u00f5imalusi ja m\u00f5ned k\u00fcpsised on olulised, et tagada teie tellimuse m\u00e4letamine lehek\u00fclgede vahel, et me saaksime seda n\u00f5uetekohaselt t\u00f6\u00f6delda.<\/p>\n<\/li>\n<li>\n<p>Vormidega seotud k\u00fcpsised<\/p>\n<p>Kui esitate andmeid vormi kaudu, n\u00e4iteks kontaktlehtedel v\u00f5i kommentaarivormides, v\u00f5idakse k\u00fcpsised seada, et m\u00e4letada teie kasutajaandmeid tulevase kirjavahetuse jaoks.<\/p>\n<\/li>\n<\/ul>\n<p><strong>Kolmanda osapoole k\u00fcpsised<\/strong><\/p>\n<p>M\u00f5nel erijuhtumil kasutame ka usaldusv\u00e4\u00e4rsete kolmandate isikute pakutavaid k\u00fcpsiseid. J\u00e4rgnevas jaotises on \u00fcksikasjalikult kirjeldatud, milliseid kolmandate osapoolte k\u00fcpsiseid v\u00f5ite selle saidi kaudu kohata.<\/p>\n<ul>\n<li>\n<p>See sait kasutab Google Analytics&#8217;i, mis on \u00fcks k\u00f5ige levinumaid ja usaldusv\u00e4\u00e4rsemaid anal\u00fc\u00fctilisi lahendusi veebis, mis aitab meil m\u00f5ista, kuidas te kasutate saiti ja kuidas me saame teie kasutuskogemust parandada. Need k\u00fcpsised v\u00f5ivad j\u00e4lgida n\u00e4iteks seda, kui kaua te veebilehel viibite ja milliseid lehek\u00fclgi k\u00fclastate, et me saaksime j\u00e4tkata huvipakkuva sisu tootmist.<\/p>\n<p>Lisateavet Google Analyticsi k\u00fcpsiste kohta leiate Google Analyticsi ametlikult lehek\u00fcljelt.<\/p>\n<\/li>\n<li>\n<p>Aeg-ajalt testime uusi funktsioone ja teeme veebilehe toimimisviisides peeneid muudatusi. Kui me veel testime uusi funktsioone, v\u00f5idakse neid k\u00fcpsiseid kasutada, et tagada teile j\u00e4rjepidev kasutuskogemus veebilehel, tagades samal ajal, et me m\u00f5istame, milliseid optimeerimisi meie kasutajad k\u00f5ige enam hindavad.<\/p>\n<\/li>\n<li>\n<p>Kuna me m\u00fc\u00fcme tooteid, on meile oluline m\u00f5ista statistikat selle kohta, kui paljud meie veebisaidi k\u00fclastajad tegelikult ostavad, ja seega on need k\u00fcpsised just selliseid andmeid, mida need k\u00fcpsised j\u00e4lgivad. See on teie jaoks oluline, sest see t\u00e4hendab, et saame teha t\u00e4pseid \u00e4riprognoose, mis v\u00f5imaldavad meil j\u00e4lgida oma reklaami- ja tootekulusid, et tagada parim v\u00f5imalik hind.<\/p>\n<\/li>\n<li>\n<p>Google AdSense&#8217;i teenus, mida me kasutame reklaami edastamiseks, kasutab DoubleClicki k\u00fcpsist, et edastada asjakohasemaid reklaame kogu veebis ja piirata konkreetse reklaami n\u00e4itamise kordade arvu.<\/p>\n<p>Lisateavet Google AdSense&#8217;i kohta leiate Google AdSense&#8217;i ametlikust KKK-st.<\/p>\n<\/li>\n<li>\n<p>Mitmed partnerid reklaamivad meie nimel ja partnerite j\u00e4lgimisk\u00fcpsised v\u00f5imaldavad meil lihtsalt n\u00e4ha, kas meie kliendid on tulnud veebilehele \u00fche meie partnerisaidi kaudu, et me saaksime neid asjakohaselt krediteerida ja vajaduse korral v\u00f5imaldada meie partneritele pakkuda boonust, mida nad v\u00f5ivad teile ostu sooritamise eest pakkuda.<\/p>\n<\/li>\n<li>\n<p>Kasutame sellel saidil ka sotsiaalmeedia nuppe ja\/v\u00f5i pistikprogramme, mis v\u00f5imaldavad teil oma sotsiaalv\u00f5rgustikuga erinevatel viisidel \u00fchendust v\u00f5tta. Selleks, et need toimiksid, seavad j\u00e4rgmised sotsiaalmeedia saidid, sealhulgas Facebook, Instagram ja Youtube, meie saidi kaudu k\u00fcpsiseid, mida v\u00f5idakse kasutada teie profiili t\u00e4iustamiseks nende saidil v\u00f5i andmete t\u00e4iendamiseks, mida nad hoiavad erinevatel eesm\u00e4rkidel, mis on kirjeldatud nende vastavates privaatsuspoliitikates.<\/p>\n<\/li>\n<\/ul>\n<p><strong>Lisateave<\/strong><\/p>\n<p>Loodetavasti on see teile asju selgitanud ja nagu eelnevalt mainiti, kui on midagi, mida te ei ole kindel, kas vajate v\u00f5i mitte, siis on tavaliselt turvalisem j\u00e4tta k\u00fcpsised sisse l\u00fclitatud, juhul kui see on seotud m\u00f5ne meie saidi kasutatava funktsiooniga.<\/p>\n<p>Kui otsite siiski rohkem teavet, v\u00f5ite meiega \u00fchendust v\u00f5tta \u00fche meie eelistatud kontaktmeetodi kaudu:<\/p>\n<ul>\n<li>E-post: webshop@martsipan.ee<\/li>\n<li>K\u00fclastades seda linki: https:\/\/martsipan.ee\/contact<\/li>\n<\/ul>\t\t\t\t\t\t<\/div>\n\t\t\t\t<\/div>\n\t\t\t\t<\/div>\n\t\t\t\t\t<\/div>\n\t\t\t\t<\/div>\n\t\t\t\t<\/div>\n\t\t","protected":false},"excerpt":{"rendered":"<p>Marzipan Galerii k\u00fcpsiste poliitika See on Marzipan Galerii k\u00fcpsiste poliitika, mis on k\u00e4ttesaadav aadressil https:\/\/martsipan.ee. Mis on k\u00fcpsised Nagu peaaegu k\u00f5igil professionaalsetel veebisaitidel on tavaks, kasutab see sait k\u00fcpsiseid, mis on v\u00e4ikesed failid, mis laaditakse teie arvutisse, et parandada teie kasutuskogemust. Sellel lehek\u00fcljel kirjeldatakse, millist teavet nad koguvad, kuidas me seda kasutame ja miks me [&hellip;]<\/p>\n","protected":false},"author":1,"featured_media":0,"parent":0,"menu_order":14,"comment_status":"closed","ping_status":"closed","template":"","meta":{"_acf_changed":false,"footnotes":""},"class_list":["post-4447","page","type-page","status-publish","hentry"],"acf":[],"yoast_head":"<!-- This site is optimized with the Yoast SEO plugin v23.2 - https:\/\/yoast.com\/wordpress\/plugins\/seo\/ -->\n<title>K\u00fcpsiste poliitika - Marzipan Gallery<\/title>\n<meta name=\"description\" content=\"Marzipan Gallery veebilehe ja veebipoe k\u00fcpsiste poliitika\" \/>\n<meta name=\"robots\" content=\"index, follow, max-snippet:-1, max-image-preview:large, max-video-preview:-1\" \/>\n<link rel=\"canonical\" href=\"https:\/\/martsipan.ee\/et\/kupsiste-poliitika\/\" \/>\n<meta property=\"og:locale\" content=\"et_EE\" \/>\n<meta property=\"og:type\" content=\"article\" \/>\n<meta property=\"og:title\" content=\"K\u00fcpsiste poliitika - Marzipan Gallery\" \/>\n<meta property=\"og:description\" content=\"Marzipan Gallery veebilehe ja veebipoe k\u00fcpsiste poliitika\" \/>\n<meta property=\"og:url\" content=\"https:\/\/martsipan.ee\/et\/kupsiste-poliitika\/\" \/>\n<meta property=\"og:site_name\" content=\"Marzipan Gallery\" \/>\n<meta property=\"article:publisher\" content=\"https:\/\/www.facebook.com\/martsipanigalerii\" \/>\n<meta property=\"article:modified_time\" content=\"2023-05-19T13:11:22+00:00\" \/>\n<meta name=\"twitter:card\" content=\"summary_large_image\" \/>\n<meta name=\"twitter:label1\" content=\"Est. reading time\" \/>\n\t<meta name=\"twitter:data1\" content=\"4 minutit\" \/>\n<script type=\"application\/ld+json\" class=\"yoast-schema-graph\">{\"@context\":\"https:\/\/schema.org\",\"@graph\":[{\"@type\":\"WebPage\",\"@id\":\"https:\/\/martsipan.ee\/et\/kupsiste-poliitika\/\",\"url\":\"https:\/\/martsipan.ee\/et\/kupsiste-poliitika\/\",\"name\":\"K\u00fcpsiste poliitika - Marzipan Gallery\",\"isPartOf\":{\"@id\":\"https:\/\/martsipan.ee\/et\/#website\"},\"datePublished\":\"2023-01-05T11:44:53+00:00\",\"dateModified\":\"2023-05-19T13:11:22+00:00\",\"description\":\"Marzipan Gallery veebilehe ja veebipoe k\u00fcpsiste poliitika\",\"breadcrumb\":{\"@id\":\"https:\/\/martsipan.ee\/et\/kupsiste-poliitika\/#breadcrumb\"},\"inLanguage\":\"et\",\"potentialAction\":[{\"@type\":\"ReadAction\",\"target\":[\"https:\/\/martsipan.ee\/et\/kupsiste-poliitika\/\"]}]},{\"@type\":\"BreadcrumbList\",\"@id\":\"https:\/\/martsipan.ee\/et\/kupsiste-poliitika\/#breadcrumb\",\"itemListElement\":[{\"@type\":\"ListItem\",\"position\":1,\"name\":\"Home\",\"item\":\"https:\/\/martsipan.ee\/et\/\"},{\"@type\":\"ListItem\",\"position\":2,\"name\":\"K\u00fcpsiste poliitika\"}]},{\"@type\":\"WebSite\",\"@id\":\"https:\/\/martsipan.ee\/et\/#website\",\"url\":\"https:\/\/martsipan.ee\/et\/\",\"name\":\"Marzipan Gallery\",\"description\":\"\",\"publisher\":{\"@id\":\"https:\/\/martsipan.ee\/et\/#organization\"},\"potentialAction\":[{\"@type\":\"SearchAction\",\"target\":{\"@type\":\"EntryPoint\",\"urlTemplate\":\"https:\/\/martsipan.ee\/et\/?s={search_term_string}\"},\"query-input\":\"required name=search_term_string\"}],\"inLanguage\":\"et\"},{\"@type\":\"Organization\",\"@id\":\"https:\/\/martsipan.ee\/et\/#organization\",\"name\":\"Marzipan Gallery\",\"url\":\"https:\/\/martsipan.ee\/et\/\",\"logo\":{\"@type\":\"ImageObject\",\"inLanguage\":\"et\",\"@id\":\"https:\/\/martsipan.ee\/et\/#\/schema\/logo\/image\/\",\"url\":\"https:\/\/martsipan.ee\/wp-content\/uploads\/2021\/09\/MG.png\",\"contentUrl\":\"https:\/\/martsipan.ee\/wp-content\/uploads\/2021\/09\/MG.png\",\"width\":500,\"height\":500,\"caption\":\"Marzipan Gallery\"},\"image\":{\"@id\":\"https:\/\/martsipan.ee\/et\/#\/schema\/logo\/image\/\"},\"sameAs\":[\"https:\/\/www.facebook.com\/martsipanigalerii\",\"https:\/\/www.instagram.com\/marzipan_gallery\/\",\"https:\/\/www.youtube.com\/@marzipangallery\/featured\"]}]}<\/script>\n<!-- \/ Yoast SEO plugin. -->","yoast_head_json":{"title":"K\u00fcpsiste poliitika - Marzipan Gallery","description":"Marzipan Gallery veebilehe ja veebipoe k\u00fcpsiste poliitika","robots":{"index":"index","follow":"follow","max-snippet":"max-snippet:-1","max-image-preview":"max-image-preview:large","max-video-preview":"max-video-preview:-1"},"canonical":"https:\/\/martsipan.ee\/et\/kupsiste-poliitika\/","og_locale":"et_EE","og_type":"article","og_title":"K\u00fcpsiste poliitika - Marzipan Gallery","og_description":"Marzipan Gallery veebilehe ja veebipoe k\u00fcpsiste poliitika","og_url":"https:\/\/martsipan.ee\/et\/kupsiste-poliitika\/","og_site_name":"Marzipan Gallery","article_publisher":"https:\/\/www.facebook.com\/martsipanigalerii","article_modified_time":"2023-05-19T13:11:22+00:00","twitter_card":"summary_large_image","twitter_misc":{"Est. reading time":"4 minutit"},"schema":{"@context":"https:\/\/schema.org","@graph":[{"@type":"WebPage","@id":"https:\/\/martsipan.ee\/et\/kupsiste-poliitika\/","url":"https:\/\/martsipan.ee\/et\/kupsiste-poliitika\/","name":"K\u00fcpsiste poliitika - Marzipan Gallery","isPartOf":{"@id":"https:\/\/martsipan.ee\/et\/#website"},"datePublished":"2023-01-05T11:44:53+00:00","dateModified":"2023-05-19T13:11:22+00:00","description":"Marzipan Gallery veebilehe ja veebipoe k\u00fcpsiste poliitika","breadcrumb":{"@id":"https:\/\/martsipan.ee\/et\/kupsiste-poliitika\/#breadcrumb"},"inLanguage":"et","potentialAction":[{"@type":"ReadAction","target":["https:\/\/martsipan.ee\/et\/kupsiste-poliitika\/"]}]},{"@type":"BreadcrumbList","@id":"https:\/\/martsipan.ee\/et\/kupsiste-poliitika\/#breadcrumb","itemListElement":[{"@type":"ListItem","position":1,"name":"Home","item":"https:\/\/martsipan.ee\/et\/"},{"@type":"ListItem","position":2,"name":"K\u00fcpsiste poliitika"}]},{"@type":"WebSite","@id":"https:\/\/martsipan.ee\/et\/#website","url":"https:\/\/martsipan.ee\/et\/","name":"Marzipan Gallery","description":"","publisher":{"@id":"https:\/\/martsipan.ee\/et\/#organization"},"potentialAction":[{"@type":"SearchAction","target":{"@type":"EntryPoint","urlTemplate":"https:\/\/martsipan.ee\/et\/?s={search_term_string}"},"query-input":"required name=search_term_string"}],"inLanguage":"et"},{"@type":"Organization","@id":"https:\/\/martsipan.ee\/et\/#organization","name":"Marzipan Gallery","url":"https:\/\/martsipan.ee\/et\/","logo":{"@type":"ImageObject","inLanguage":"et","@id":"https:\/\/martsipan.ee\/et\/#\/schema\/logo\/image\/","url":"https:\/\/martsipan.ee\/wp-content\/uploads\/2021\/09\/MG.png","contentUrl":"https:\/\/martsipan.ee\/wp-content\/uploads\/2021\/09\/MG.png","width":500,"height":500,"caption":"Marzipan Gallery"},"image":{"@id":"https:\/\/martsipan.ee\/et\/#\/schema\/logo\/image\/"},"sameAs":["https:\/\/www.facebook.com\/martsipanigalerii","https:\/\/www.instagram.com\/marzipan_gallery\/","https:\/\/www.youtube.com\/@marzipangallery\/featured"]}]}},"_links":{"self":[{"href":"https:\/\/martsipan.ee\/et\/wp-json\/wp\/v2\/pages\/4447","targetHints":{"allow":["GET"]}}],"collection":[{"href":"https:\/\/martsipan.ee\/et\/wp-json\/wp\/v2\/pages"}],"about":[{"href":"https:\/\/martsipan.ee\/et\/wp-json\/wp\/v2\/types\/page"}],"author":[{"embeddable":true,"href":"https:\/\/martsipan.ee\/et\/wp-json\/wp\/v2\/users\/1"}],"replies":[{"embeddable":true,"href":"https:\/\/martsipan.ee\/et\/wp-json\/wp\/v2\/comments?post=4447"}],"version-history":[{"count":11,"href":"https:\/\/martsipan.ee\/et\/wp-json\/wp\/v2\/pages\/4447\/revisions"}],"predecessor-version":[{"id":10860,"href":"https:\/\/martsipan.ee\/et\/wp-json\/wp\/v2\/pages\/4447\/revisions\/10860"}],"wp:attachment":[{"href":"https:\/\/martsipan.ee\/et\/wp-json\/wp\/v2\/media?parent=4447"}],"curies":[{"name":"wp","href":"https:\/\/api.w.org\/{rel}","templated":true}]}}